{"id":3,"date":"2022-12-14T10:59:01","date_gmt":"2022-12-14T10:59:01","guid":{"rendered":"https:\/\/artistasunidos.pt\/assinaturas\/?page_id=3"},"modified":"2026-02-11T23:10:07","modified_gmt":"2026-02-11T23:10:07","slug":"politica-de-privacidade","status":"publish","type":"page","link":"https:\/\/artistasunidos.pt\/assinaturas\/politica-de-privacidade\/","title":{"rendered":"Politica de Privacidade"},"content":{"rendered":"<p><strong>Pol\u00edtica de Privacidade<\/strong><br \/>\nO presente documento explicita os termos em que os Artistas Unidos &#8211; Produ\u00e7\u00e3o e Realiza\u00e7\u00e3o de Cinema, Teatro e Outros Espect\u00e1culos Art\u00edsticos, LDA, NIF: 503 643 114, procede ao tratamento das informa\u00e7\u00f5es recolhidas e utilizadas nas suas aplica\u00e7\u00f5es. Informa\u00e7\u00e3o mais detalhada sobre prote\u00e7\u00e3o de dados pessoais pode ser obtida atrav\u00e9s de consulta \u00e0 legisla\u00e7\u00e3o aplic\u00e1vel, nomeadamente ao Regulamento (UE) 2016\/679 Do Parlamento Europeu E Do Conselho de 27 de abril de 2016 e legisla\u00e7\u00e3o nacional aplic\u00e1vel.<\/p>\n<p>Os Artistas Unidos &#8211; Produ\u00e7\u00e3o e Realiza\u00e7\u00e3o de Cinema, Teatro e Outros Espect\u00e1culos Art\u00edsticos, LDA protegem a privacidade dos seus leitores bem como os dados pessoais submetidos pelos mesmos, sendo respons\u00e1vel pelo site www.artistasunidos.pt.<\/p>\n<p><strong>1) Informa\u00e7\u00e3o recolhida<\/strong><br \/>\nO site www.artistasunidos.pt recolhe dois tipos de informa\u00e7\u00e3o: informa\u00e7\u00e3o pessoal e informa\u00e7\u00e3o an\u00f3nima. A informa\u00e7\u00e3o an\u00f3nima ocorre enquanto o utilizador visita o site e tem como objetivo melhorar o funcionamento do mesmo, incluindo a gest\u00e3o e prioriza\u00e7\u00e3o de conte\u00fados. A informa\u00e7\u00e3o pessoal \u00e9 fornecida voluntariamente pelo utilizador aquando do registo facultativo. Todos os dados recolhidos s\u00e3o processados de forma autom\u00e1tica sendo que a informa\u00e7\u00e3o enviada pelos utilizadores \u00e9 encriptada e gerida com seguran\u00e7a avan\u00e7ada.<\/p>\n<p>O registo serve para o utilizador aceder aos servi\u00e7os de subscri\u00e7\u00e3o de newsletter, coment\u00e1rios e outras funcionalidades disponibilizadas pelo site www.artistasunidos.pt.<\/p>\n<p>Os dados recolhidos t\u00eam como finalidades: a identifica\u00e7\u00e3o dos membros da comunidade\/utilizador\u037e a identifica\u00e7\u00e3o da responsabilidade de coment\u00e1rios e a\u00e7\u00f5es na comunidade\u037e a gest\u00e3o de envio de newsletters e poss\u00edveis a\u00e7\u00f5es de marketing.<\/p>\n<p><strong>2) Responsabilidade<\/strong><br \/>\nA recolha de dados pessoais no site \u00e9 da total responsabilidade dos Artistas Unidos &#8211; Produ\u00e7\u00e3o e Realiza\u00e7\u00e3o de Cinema, Teatro e Outros Espect\u00e1culos Art\u00edsticos, LDA., que assume o compromisso de n\u00e3o transmitir de modo nenhum, informa\u00e7\u00f5es pessoais dos utilizadores do site a terceiros, sem uma devida autoriza\u00e7\u00e3o dos titulares de tais informa\u00e7\u00f5es. Os Artistas Unidos &#8211; Produ\u00e7\u00e3o e Realiza\u00e7\u00e3o de Cinema, Teatro e Outros Espect\u00e1culos Art\u00edsticos, LDA., n\u00e3o se responsabilizam pelo conte\u00fado acedido atrav\u00e9s de qualquer hiperliga\u00e7\u00e3o que leve o utilizador a navegar fora do dom\u00ednio www.artistasunidos.pt, sempre que tais hiperliga\u00e7\u00f5es sejam da responsabilidade de terceiros. Os Artistas Unidos &#8211; Produ\u00e7\u00e3o e Realiza\u00e7\u00e3o de Cinema, Teatro e Outros Espect\u00e1culos Art\u00edsticos, LDA. utilizam diversas formas de prote\u00e7\u00e3o tecnol\u00f3gica contra ataques \u00e0 informa\u00e7\u00e3o pessoal dos utilizadores.<\/p>\n<p><strong>3) Viola\u00e7\u00e3o de base de dados<\/strong><br \/>\nA viola\u00e7\u00e3o, ou tentativa de viola\u00e7\u00e3o, de bases de dados obtidos atrav\u00e9s do site ter\u00e1 como consequ\u00eancia a abertura de processo judicial contra o(s) infrator(es).<\/p>\n<p><strong>4) Atualiza\u00e7\u00f5es\/Manuten\u00e7\u00e3o de informa\u00e7\u00e3o pessoal<\/strong><br \/>\nAo utilizar o site, o leitor compromete-se a fornecer e manter os seus dados pessoais atualizados e verdadeiros.<\/p>\n<p>A atualiza\u00e7\u00e3o da informa\u00e7\u00e3o do leitor poder\u00e1 ser realizada atrav\u00e9s da \u00c1rea Pessoal onde o utilizador poder\u00e1 alterar ou adicionar informa\u00e7\u00f5es.<\/p>\n<p>Os Artistas Unidos &#8211; Produ\u00e7\u00e3o e Realiza\u00e7\u00e3o de Cinema, Teatro e Outros Espect\u00e1culos Art\u00edsticos, LDA. conservar\u00e3o e manter\u00e3o pelo per\u00edodo necess\u00e1rio as informa\u00e7\u00f5es\/dados dos utilizadores at\u00e9 instru\u00e7\u00f5es em contr\u00e1rio.<\/p>\n<p>Pode aceder aos seus dados pessoais, obter uma c\u00f3pia dos mesmos e\/ou pedir a sua atualiza\u00e7\u00e3o ou elimina\u00e7\u00e3o, nos termos da lei, contactando-nos para a morada Artistas Unidos &#8211; Produ\u00e7\u00e3o e Realiza\u00e7\u00e3o de Cinema, Teatro e Outros Espect\u00e1culos Art\u00edsticos, LDA<br \/>\nTeatro Paulo Claro<br \/>\nRua do A\u00e7\u00facar, 37<br \/>\n1950-006 Lisboa<\/p>\n<p>ou via e-mail para <a href=\"mailto:artistasunidos@artistasunidos.pt\">artistasunidos@artistasunidos.pt<\/a><\/p>\n<p><strong>5) Pol\u00edtica de cookies<\/strong><br \/>\nOs Artistas Unidos &#8211; Produ\u00e7\u00e3o e Realiza\u00e7\u00e3o de Cinema, Teatro e Outros Espect\u00e1culos Art\u00edsticos, LDA. utilizam cookies que permitem melhorar o desempenho e a experi\u00eancia de navega\u00e7\u00e3o do utilizador. Qualquer navegador de internet (browser) permite ao utilizador aceitar, recusar ou apagar cookies, atrav\u00e9s das defini\u00e7\u00f5es do pr\u00f3prio navegador. Se optar por desativar os cookies, alguns servi\u00e7os do nosso site ir\u00e3o deixar de funcionar, afetando assim a sua experi\u00eancia de navega\u00e7\u00e3o no site.<\/p>\n<p><strong>O que s\u00e3o cookies?<\/strong><br \/>\nOs cookies s\u00e3o ficheiros curtos de texto com informa\u00e7\u00f5es relevantes que o seu browser processa, quando um site \u00e9 visitado por um utilizador.<\/p>\n<p>A coloca\u00e7\u00e3o de cookies ajuda o site a reconhecer o dispositivo (tablet, desktop, m\u00f3vel, etc.) do utilizador sempre que nos visita. Os cookies ret\u00eam apenas informa\u00e7\u00e3o relacionada com as suas prefer\u00eancias, n\u00e3o revelando informa\u00e7\u00f5es pessoais.<\/p>\n<p>Para que a sua experi\u00eancia de navega\u00e7\u00e3o seja otimizada o mais poss\u00edvel, recomendamos que n\u00e3o desative os cookies. Os mesmos aumentam a rapidez de resposta na navega\u00e7\u00e3o.<\/p>\n<p><strong>Tipos de cookies:<\/strong><br \/>\nExistem v\u00e1rios tipos de cookies com carater\u00edsticas e fun\u00e7\u00f5es diferentes. S\u00e3o eles:<\/p>\n<p>Cookies essenciais \u2013 S\u00e3o bastante importantes para aceder a \u00e1reas espec\u00edficas do site permitindo uma navega\u00e7\u00e3o correta.<\/p>\n<p>Cookies de funcionalidade \u2013 Os cookies de funcionalidade permitem que as prefer\u00eancias do utilizador sejam guardadas quando visita o site. Desta forma, n\u00e3o \u00e9 necess\u00e1rio personalizar o site sempre que o visita.<\/p>\n<p>Cookies anal\u00edticos &#8211; Este tipo de cookies permite analisar a forma como os utilizadores utilizam o site, conhecer as p\u00e1ginas mais populares e monitorizar o desempenho do site, possibilitando perceber poss\u00edveis mensagens de erro no site. Nunca ser\u00e3o reveladas informa\u00e7\u00f5es de cariz pessoal.<\/p>\n<p><strong>7) Considera\u00e7\u00f5es Finais<\/strong><br \/>\nOs Artistas Unidos &#8211; Produ\u00e7\u00e3o e Realiza\u00e7\u00e3o de Cinema, Teatro e Outros Espect\u00e1culos Art\u00edsticos, LDA. reservam-se o direito de alterar as normas descritas nesta p\u00e1gina pelo que aconselhamos a visita frequente a este endere\u00e7o. Consideramos que os utilizadores est\u00e3o conscientes destas pol\u00edticas ao navegar em www.artistasunidos.pt<\/p>\n","protected":false},"excerpt":{"rendered":"<p>Pol\u00edtica de Privacidade O presente documento explicita os termos em que os Artistas Unidos &#8211; Produ\u00e7\u00e3o e Realiza\u00e7\u00e3o de Cinema, Teatro e Outros Espect\u00e1culos Art\u00edsticos, LDA, NIF: 503 643 114, procede ao tratamento das informa\u00e7\u00f5es recolhidas e utilizadas nas suas aplica\u00e7\u00f5es. Informa\u00e7\u00e3o mais detalhada sobre prote\u00e7\u00e3o de dados pessoais pode ser obtida atrav\u00e9s de consulta [&hellip;]<\/p>\n","protected":false},"author":1,"featured_media":0,"parent":0,"menu_order":0,"comment_status":"closed","ping_status":"closed","template":"","meta":{"footnotes":""},"class_list":["post-3","page","type-page","status-publish","hentry"],"_links":{"self":[{"href":"https:\/\/artistasunidos.pt\/assinaturas\/wp-json\/wp\/v2\/pages\/3","targetHints":{"allow":["GET"]}}],"collection":[{"href":"https:\/\/artistasunidos.pt\/assinaturas\/wp-json\/wp\/v2\/pages"}],"about":[{"href":"https:\/\/artistasunidos.pt\/assinaturas\/wp-json\/wp\/v2\/types\/page"}],"author":[{"embeddable":true,"href":"https:\/\/artistasunidos.pt\/assinaturas\/wp-json\/wp\/v2\/users\/1"}],"replies":[{"embeddable":true,"href":"https:\/\/artistasunidos.pt\/assinaturas\/wp-json\/wp\/v2\/comments?post=3"}],"version-history":[{"count":4,"href":"https:\/\/artistasunidos.pt\/assinaturas\/wp-json\/wp\/v2\/pages\/3\/revisions"}],"predecessor-version":[{"id":991,"href":"https:\/\/artistasunidos.pt\/assinaturas\/wp-json\/wp\/v2\/pages\/3\/revisions\/991"}],"wp:attachment":[{"href":"https:\/\/artistasunidos.pt\/assinaturas\/wp-json\/wp\/v2\/media?parent=3"}],"curies":[{"name":"wp","href":"https:\/\/api.w.org\/{rel}","templated":true}]}}