{"id":3410,"date":"2024-02-08T12:05:53","date_gmt":"2024-02-08T12:05:53","guid":{"rendered":"https:\/\/demo.creativethemes.com\/elementor\/garderobe\/?page_id=3410"},"modified":"2026-04-09T15:58:54","modified_gmt":"2026-04-09T15:58:54","slug":"contact","status":"publish","type":"page","link":"https:\/\/artistasunidos.pt\/livrariaonline\/contact\/","title":{"rendered":"Contactos"},"content":{"rendered":"\t\t<div data-elementor-type=\"wp-page\" data-elementor-id=\"3410\" class=\"elementor elementor-3410\" data-elementor-post-type=\"page\">\n\t\t\t\t<div class=\"elementor-element elementor-element-619ae68 e-flex e-con-boxed e-con e-parent\" data-id=\"619ae68\" data-element_type=\"container\" data-e-type=\"container\" data-settings=\"{&quot;background_background&quot;:&quot;classic&quot;}\">\n\t\t\t\t\t<div class=\"e-con-inner\">\n\t\t\t\t<div class=\"elementor-element elementor-element-daffaba elementor-widget elementor-widget-shortcode\" data-id=\"daffaba\" data-element_type=\"widget\" data-e-type=\"widget\" data-widget_type=\"shortcode.default\">\n\t\t\t\t<div class=\"elementor-widget-container\">\n\t\t\t\t\t\t\t<div class=\"elementor-shortcode\"><\/div>\n\t\t\t\t\t\t<\/div>\n\t\t\t\t<\/div>\n\t\t\t\t<div class=\"elementor-element elementor-element-7dbadcf elementor-widget elementor-widget-heading\" data-id=\"7dbadcf\" data-element_type=\"widget\" data-e-type=\"widget\" data-widget_type=\"heading.default\">\n\t\t\t\t<div class=\"elementor-widget-container\">\n\t\t\t\t\t<h2 class=\"elementor-heading-title elementor-size-default\">Contactos<\/h2>\t\t\t\t<\/div>\n\t\t\t\t<\/div>\n\t\t\t\t\t<\/div>\n\t\t\t\t<\/div>\n\t\t<div class=\"elementor-element elementor-element-d6bf36a e-flex e-con-boxed e-con e-parent\" data-id=\"d6bf36a\" data-element_type=\"container\" data-e-type=\"container\">\n\t\t\t\t\t<div class=\"e-con-inner\">\n\t\t<div class=\"elementor-element elementor-element-845e1d3 e-con-full e-flex e-con e-child\" data-id=\"845e1d3\" data-element_type=\"container\" data-e-type=\"container\">\n\t\t\t\t<div class=\"elementor-element elementor-element-62f1afd elementor-widget elementor-widget-text-editor\" data-id=\"62f1afd\" data-element_type=\"widget\" data-e-type=\"widget\" data-widget_type=\"text-editor.default\">\n\t\t\t\t<div class=\"elementor-widget-container\">\n\t\t\t\t\t\t\t\t\t<p>Artistas Unidos \u2013 Produ\u00e7\u00e3o e Realiza\u00e7\u00e3o de Cinema, Teatro e Outros Espect\u00e1culos Art\u00edsticos, LDA<br \/>NIF: 503 643 114<\/p><p>961960281 (chamada para rede m\u00f3vel nacional)<br \/><a href=\"mailto:artistasunidos@artistasunidos.pt\">artistasunidos@artistasunidos.pt<\/a><\/p><p>Teatro Paulo Claro<br \/>Rua do A\u00e7\u00facar, 37<br \/>1950-006 Lisboa<\/p>\t\t\t\t\t\t\t\t<\/div>\n\t\t\t\t<\/div>\n\t\t\t\t<\/div>\n\t\t\t\t\t<\/div>\n\t\t\t\t<\/div>\n\t\t<div class=\"elementor-element elementor-element-52f0a3e e-flex e-con-boxed e-con e-parent\" data-id=\"52f0a3e\" data-element_type=\"container\" data-e-type=\"container\">\n\t\t\t\t\t<div class=\"e-con-inner\">\n\t\t\t\t<div class=\"elementor-element elementor-element-4c3f6b5 elementor-widget elementor-widget-heading\" data-id=\"4c3f6b5\" data-element_type=\"widget\" data-e-type=\"widget\" data-widget_type=\"heading.default\">\n\t\t\t\t<div class=\"elementor-widget-container\">\n\t\t\t\t\t<h2 class=\"elementor-heading-title elementor-size-default\">Novidades<\/h2>\t\t\t\t<\/div>\n\t\t\t\t<\/div>\n\t\t\t\t<div class=\"elementor-element elementor-element-f2f036b elementor-widget-tablet__width-inherit elementor-widget elementor-widget-shortcode\" data-id=\"f2f036b\" data-element_type=\"widget\" data-e-type=\"widget\" data-widget_type=\"shortcode.default\">\n\t\t\t\t<div class=\"elementor-widget-container\">\n\t\t\t\t\t\t\t<div class=\"elementor-shortcode\"><div class=\"woocommerce columns-5 \"><ul class=\"products columns-5\" data-products=\"type-1\">\n<li class=\"product type-product post-4056 status-publish first instock product_cat-livrinhos-de-teatro product_tag-livrinhos-de-teatro product_tag-sillyseason has-post-thumbnail featured taxable shipping-taxable purchasable product-type-simple\">\n\t<a href=\"https:\/\/artistasunidos.pt\/livrariaonline\/produto\/documentario-rei-edipo-antigona-o-direito-do-mais-fraco-a-liberdade\/\" class=\"woocommerce-LoopProduct-link woocommerce-loop-product__link\"><img fetchpriority=\"high\" decoding=\"async\" width=\"300\" height=\"300\" src=\"https:\/\/artistasunidos.pt\/livrariaonline\/wp-content\/uploads\/K-198-Sillyseason-300x300.webp\" class=\"attachment-woocommerce_thumbnail size-woocommerce_thumbnail\" alt=\"DOCUMENT\u00c1RIO\/ REI \u00c9DIPO\/ ANT\u00cdGONA\/ O DIREITO DO MAIS FRACO \u00c0 LIBERDADE\" srcset=\"https:\/\/artistasunidos.pt\/livrariaonline\/wp-content\/uploads\/K-198-Sillyseason-300x300.webp 300w, https:\/\/artistasunidos.pt\/livrariaonline\/wp-content\/uploads\/K-198-Sillyseason-100x100.webp 100w\" sizes=\"(max-width: 300px) 100vw, 300px\" \/><h2 class=\"woocommerce-loop-product__title\">DOCUMENT\u00c1RIO\/ REI \u00c9DIPO\/ ANT\u00cdGONA\/ O DIREITO DO MAIS FRACO \u00c0 LIBERDADE<\/h2>\n\t<span class=\"price\"><span class=\"woocommerce-Price-amount amount\"><bdi><span class=\"woocommerce-Price-currencySymbol\">&euro;<\/span>10.00<\/bdi><\/span><\/span>\n<\/a><a href=\"\/livrariaonline\/wp-json\/wp\/v2\/pages\/3410?add-to-cart=4056\" aria-describedby=\"woocommerce_loop_add_to_cart_link_describedby_4056\" data-quantity=\"1\" class=\"button product_type_simple add_to_cart_button ajax_add_to_cart\" data-product_id=\"4056\" data-product_sku=\"198L\" aria-label=\"Adiciona ao carrinho: &ldquo;DOCUMENT\u00c1RIO\/ REI \u00c9DIPO\/ ANT\u00cdGONA\/ O DIREITO DO MAIS FRACO \u00c0 LIBERDADE&rdquo;\" rel=\"nofollow\" data-success_message=\"&ldquo;DOCUMENT\u00c1RIO\/ REI \u00c9DIPO\/ ANT\u00cdGONA\/ O DIREITO DO MAIS FRACO \u00c0 LIBERDADE&rdquo; foi adicionado ao seu carrinho\" role=\"button\">Adicionar<\/a>\t<span id=\"woocommerce_loop_add_to_cart_link_describedby_4056\" class=\"screen-reader-text\">\n\t\t\t<\/span>\n<\/li>\n<li class=\"product type-product post-3823 status-publish instock product_cat-livrinhos-de-teatro product_tag-livrinhos-de-teatro product_tag-pedro-baptista has-post-thumbnail featured taxable shipping-taxable purchasable product-type-simple\">\n\t<a href=\"https:\/\/artistasunidos.pt\/livrariaonline\/produto\/whisky-chips\/\" class=\"woocommerce-LoopProduct-link woocommerce-loop-product__link\"><img decoding=\"async\" width=\"300\" height=\"300\" src=\"https:\/\/artistasunidos.pt\/livrariaonline\/wp-content\/uploads\/K-197-300x300.webp\" class=\"attachment-woocommerce_thumbnail size-woocommerce_thumbnail\" alt=\"WHISKY &amp; CHIPS\" srcset=\"https:\/\/artistasunidos.pt\/livrariaonline\/wp-content\/uploads\/K-197-300x300.webp 300w, https:\/\/artistasunidos.pt\/livrariaonline\/wp-content\/uploads\/K-197-100x100.webp 100w\" sizes=\"(max-width: 300px) 100vw, 300px\" \/><h2 class=\"woocommerce-loop-product__title\">WHISKY &#038; CHIPS<\/h2>\n\t<span class=\"price\"><span class=\"woocommerce-Price-amount amount\"><bdi><span class=\"woocommerce-Price-currencySymbol\">&euro;<\/span>7.00<\/bdi><\/span><\/span>\n<\/a><a href=\"\/livrariaonline\/wp-json\/wp\/v2\/pages\/3410?add-to-cart=3823\" aria-describedby=\"woocommerce_loop_add_to_cart_link_describedby_3823\" data-quantity=\"1\" class=\"button product_type_simple add_to_cart_button ajax_add_to_cart\" data-product_id=\"3823\" data-product_sku=\"197L\" aria-label=\"Adiciona ao carrinho: &ldquo;WHISKY &amp; CHIPS&rdquo;\" rel=\"nofollow\" data-success_message=\"&ldquo;WHISKY &amp; CHIPS&rdquo; foi adicionado ao seu carrinho\" role=\"button\">Adicionar<\/a>\t<span id=\"woocommerce_loop_add_to_cart_link_describedby_3823\" class=\"screen-reader-text\">\n\t\t\t<\/span>\n<\/li>\n<li class=\"product type-product post-3822 status-publish instock product_cat-livrinhos-de-teatro product_tag-juan-mayorga product_tag-livrinhos-de-teatro has-post-thumbnail featured taxable shipping-taxable purchasable product-type-simple\">\n\t<a href=\"https:\/\/artistasunidos.pt\/livrariaonline\/produto\/os-jugoslavos\/\" class=\"woocommerce-LoopProduct-link woocommerce-loop-product__link\"><img decoding=\"async\" width=\"300\" height=\"300\" src=\"https:\/\/artistasunidos.pt\/livrariaonline\/wp-content\/uploads\/K196-300x300.webp\" class=\"attachment-woocommerce_thumbnail size-woocommerce_thumbnail\" alt=\"OS JUGOSLAVOS\" srcset=\"https:\/\/artistasunidos.pt\/livrariaonline\/wp-content\/uploads\/K196-300x300.webp 300w, https:\/\/artistasunidos.pt\/livrariaonline\/wp-content\/uploads\/K196-100x100.webp 100w\" sizes=\"(max-width: 300px) 100vw, 300px\" \/><h2 class=\"woocommerce-loop-product__title\">OS JUGOSLAVOS<\/h2>\n\t<span class=\"price\"><span class=\"woocommerce-Price-amount amount\"><bdi><span class=\"woocommerce-Price-currencySymbol\">&euro;<\/span>7.00<\/bdi><\/span><\/span>\n<\/a><a href=\"\/livrariaonline\/wp-json\/wp\/v2\/pages\/3410?add-to-cart=3822\" aria-describedby=\"woocommerce_loop_add_to_cart_link_describedby_3822\" data-quantity=\"1\" class=\"button product_type_simple add_to_cart_button ajax_add_to_cart\" data-product_id=\"3822\" data-product_sku=\"196L\" aria-label=\"Adiciona ao carrinho: &ldquo;OS JUGOSLAVOS&rdquo;\" rel=\"nofollow\" data-success_message=\"&ldquo;OS JUGOSLAVOS&rdquo; foi adicionado ao seu carrinho\" role=\"button\">Adicionar<\/a>\t<span id=\"woocommerce_loop_add_to_cart_link_describedby_3822\" class=\"screen-reader-text\">\n\t\t\t<\/span>\n<\/li>\n<li class=\"product type-product post-3821 status-publish instock product_cat-livrinhos-de-teatro product_tag-david-greig product_tag-livrinhos-de-teatro has-post-thumbnail featured taxable shipping-taxable purchasable product-type-simple\">\n\t<a href=\"https:\/\/artistasunidos.pt\/livrariaonline\/produto\/o-piloto-americano\/\" class=\"woocommerce-LoopProduct-link woocommerce-loop-product__link\"><img loading=\"lazy\" decoding=\"async\" width=\"300\" height=\"300\" src=\"https:\/\/artistasunidos.pt\/livrariaonline\/wp-content\/uploads\/K-195-300x300.webp\" class=\"attachment-woocommerce_thumbnail size-woocommerce_thumbnail\" alt=\"O PILOTO AMERICANO\" srcset=\"https:\/\/artistasunidos.pt\/livrariaonline\/wp-content\/uploads\/K-195-300x300.webp 300w, https:\/\/artistasunidos.pt\/livrariaonline\/wp-content\/uploads\/K-195-100x100.webp 100w\" sizes=\"(max-width: 300px) 100vw, 300px\" \/><h2 class=\"woocommerce-loop-product__title\">O PILOTO AMERICANO<\/h2>\n\t<span class=\"price\"><span class=\"woocommerce-Price-amount amount\"><bdi><span class=\"woocommerce-Price-currencySymbol\">&euro;<\/span>7.00<\/bdi><\/span><\/span>\n<\/a><a href=\"\/livrariaonline\/wp-json\/wp\/v2\/pages\/3410?add-to-cart=3821\" aria-describedby=\"woocommerce_loop_add_to_cart_link_describedby_3821\" data-quantity=\"1\" class=\"button product_type_simple add_to_cart_button ajax_add_to_cart\" data-product_id=\"3821\" data-product_sku=\"195L\" aria-label=\"Adiciona ao carrinho: &ldquo;O PILOTO AMERICANO&rdquo;\" rel=\"nofollow\" data-success_message=\"&ldquo;O PILOTO AMERICANO&rdquo; foi adicionado ao seu carrinho\" role=\"button\">Adicionar<\/a>\t<span id=\"woocommerce_loop_add_to_cart_link_describedby_3821\" class=\"screen-reader-text\">\n\t\t\t<\/span>\n<\/li>\n<li class=\"product type-product post-3820 status-publish last instock product_cat-livrinhos-de-teatro product_tag-andre-murracas product_tag-livrinhos-de-teatro has-post-thumbnail featured taxable shipping-taxable purchasable product-type-simple\">\n\t<a href=\"https:\/\/artistasunidos.pt\/livrariaonline\/produto\/o-meu-amigo-freddy-krueger-valentim\/\" class=\"woocommerce-LoopProduct-link woocommerce-loop-product__link\"><img loading=\"lazy\" decoding=\"async\" width=\"300\" height=\"300\" src=\"https:\/\/artistasunidos.pt\/livrariaonline\/wp-content\/uploads\/K-194-Murracas-300x300.jpg\" class=\"attachment-woocommerce_thumbnail size-woocommerce_thumbnail\" alt=\"O MEU AMIGO FREDDY KRUEGER\/ VALENTIM\" srcset=\"https:\/\/artistasunidos.pt\/livrariaonline\/wp-content\/uploads\/K-194-Murracas-300x300.jpg 300w, https:\/\/artistasunidos.pt\/livrariaonline\/wp-content\/uploads\/K-194-Murracas-100x100.jpg 100w\" sizes=\"(max-width: 300px) 100vw, 300px\" \/><h2 class=\"woocommerce-loop-product__title\">O MEU AMIGO FREDDY KRUEGER\/ VALENTIM<\/h2>\n\t<span class=\"price\"><span class=\"woocommerce-Price-amount amount\"><bdi><span class=\"woocommerce-Price-currencySymbol\">&euro;<\/span>7.00<\/bdi><\/span><\/span>\n<\/a><a href=\"\/livrariaonline\/wp-json\/wp\/v2\/pages\/3410?add-to-cart=3820\" aria-describedby=\"woocommerce_loop_add_to_cart_link_describedby_3820\" data-quantity=\"1\" class=\"button product_type_simple add_to_cart_button ajax_add_to_cart\" data-product_id=\"3820\" data-product_sku=\"194L\" aria-label=\"Adiciona ao carrinho: &ldquo;O MEU AMIGO FREDDY KRUEGER\/ VALENTIM&rdquo;\" rel=\"nofollow\" data-success_message=\"&ldquo;O MEU AMIGO FREDDY KRUEGER\/ VALENTIM&rdquo; foi adicionado ao seu carrinho\" role=\"button\">Adicionar<\/a>\t<span id=\"woocommerce_loop_add_to_cart_link_describedby_3820\" class=\"screen-reader-text\">\n\t\t\t<\/span>\n<\/li>\n<\/ul>\n<\/div><\/div>\n\t\t\t\t\t\t<\/div>\n\t\t\t\t<\/div>\n\t\t\t\t\t<\/div>\n\t\t\t\t<\/div>\n\t\t\t\t<\/div>\n\t\t","protected":false},"excerpt":{"rendered":"<p>Contactos Artistas Unidos \u2013 Produ\u00e7\u00e3o e Realiza\u00e7\u00e3o de Cinema, Teatro e Outros Espect\u00e1culos Art\u00edsticos, LDANIF: 503 643 114 961960281 (chamada para rede m\u00f3vel nacional)artistasunidos@artistasunidos.pt Teatro Paulo ClaroRua do A\u00e7\u00facar, 371950-006 Lisboa Novidades<\/p>\n","protected":false},"author":1,"featured_media":0,"parent":0,"menu_order":0,"comment_status":"closed","ping_status":"closed","template":"","meta":{"footnotes":""},"class_list":["post-3410","page","type-page","status-publish","hentry"],"blocksy_meta":{"has_hero_section":"disabled","vertical_spacing_source":"custom","content_area_spacing":"none","styles_descriptor":{"styles":{"desktop":"","tablet":"","mobile":""},"google_fonts":[],"version":6}},"_links":{"self":[{"href":"https:\/\/artistasunidos.pt\/livrariaonline\/wp-json\/wp\/v2\/pages\/3410","targetHints":{"allow":["GET"]}}],"collection":[{"href":"https:\/\/artistasunidos.pt\/livrariaonline\/wp-json\/wp\/v2\/pages"}],"about":[{"href":"https:\/\/artistasunidos.pt\/livrariaonline\/wp-json\/wp\/v2\/types\/page"}],"author":[{"embeddable":true,"href":"https:\/\/artistasunidos.pt\/livrariaonline\/wp-json\/wp\/v2\/users\/1"}],"replies":[{"embeddable":true,"href":"https:\/\/artistasunidos.pt\/livrariaonline\/wp-json\/wp\/v2\/comments?post=3410"}],"version-history":[{"count":24,"href":"https:\/\/artistasunidos.pt\/livrariaonline\/wp-json\/wp\/v2\/pages\/3410\/revisions"}],"predecessor-version":[{"id":4105,"href":"https:\/\/artistasunidos.pt\/livrariaonline\/wp-json\/wp\/v2\/pages\/3410\/revisions\/4105"}],"wp:attachment":[{"href":"https:\/\/artistasunidos.pt\/livrariaonline\/wp-json\/wp\/v2\/media?parent=3410"}],"curies":[{"name":"wp","href":"https:\/\/api.w.org\/{rel}","templated":true}]}}