{"id":378,"date":"2011-09-20T01:22:16","date_gmt":"2011-09-20T01:22:16","guid":{"rendered":"http:\/\/localhost\/livraria\/?page_id=6"},"modified":"2011-09-20T01:22:16","modified_gmt":"2011-09-20T01:22:16","slug":"resolucao-alternativa-de-litigios-de-consumo","status":"publish","type":"page","link":"https:\/\/artistasunidos.pt\/livrariaonline\/resolucao-alternativa-de-litigios-de-consumo\/","title":{"rendered":"Resolu\u00e7\u00e3o Alternativa de Lit\u00edgios de Consumo"},"content":{"rendered":"<p>Em caso de lit\u00edgio o consumidor pode recorrer a uma Entidade de Resolu\u00e7\u00e3o Alternativa de Lit\u00edgios de Consumo:<\/p>\n<p><strong>CNIACC &#8211; Centro Nacional de Informa\u00e7\u00e3o e Arbitragem de Conflitos de Consumo Faculdade de Direito da Universidade Nova de Lisboa<\/strong><\/p>\n<p>Campus de Campolide<br \/>\n1099-032 Lisboa<\/p>\n<p>Tel.: 213 847 484<br \/>\nE-mail: cniacc@fd.unl.pt<br \/>\nWeb: http:\/\/www.arbitragemdeconsumo.org<\/p>\n<p><strong>CIMAAL &#8211; Centro de Informa\u00e7\u00e3o, Media\u00e7\u00e3o e Arbitragem de Conflitos de Consumo do Algarve Edif\u00edcio Ninho de Empresas<\/strong><\/p>\n<p>Estrada da Penha<br \/>\n8005-131 Faro<\/p>\n<p>Tel.: 289 823 135<br \/>\nE-mail: apoio@consumidoronline.pt; cimaal@mail.telepac.pt<br \/>\nWeb: http:\/\/www.consumidoronline.pt\/<\/p>\n<p><strong>Centro de Arbitragem de Conflitos de Consumo do Distrito de Coimbra<\/strong><\/p>\n<p>Av. Fern\u00e3o Magalh\u00e3es, n.\u00ba 240, 1\u00ba<br \/>\n3000-172 COIMBRA<\/p>\n<p>Tel.: 239 821 690<br \/>\nE-mail: geral@centrodearbitragemdecoimbra.com<br \/>\nWeb: http:\/\/www.centrodearbitragemdecoimbra.com<\/p>\n<p><strong>Centro de Arbitragem de Conflitos de Consumo de Lisboa<\/strong><\/p>\n<p>Rua dos Douradores, 116, 2\u00ba<br \/>\n1100-207 LISBOA<\/p>\n<p>Tel: 218 807 030<br \/>\nE-mail: juridico@centroarbitragemlisboa.pt \/ director@centroarbitragemlisboa.pt<br \/>\nWeb: www.centroarbitragemlisboa.pt<\/p>\n<p><strong>Centro de Informa\u00e7\u00e3o de Consumo e Arbitragem do Porto<\/strong><\/p>\n<p>Rua Dami\u00e3o de G\u00f3is, 31 \u2013 Loja 6<br \/>\n4050-225 Porto<\/p>\n<p>Tel.: 225 508 349<br \/>\nE-mail: cicap@mail.telepac.pt<br \/>\nweb: www.cicap.pt<\/p>\n<p><strong>Centro de Arbitragem de Conflitos de Consumo do Vale do Ave \/ Tribunal Arbitral<\/strong><\/p>\n<p>Rua Capit\u00e3o Alfredo Guimar\u00e3es, n.\u00ba 1<br \/>\n4800-019, Guimar\u00e3es.<\/p>\n<p>Tel.: 253 422 410<br \/>\nE-mail: triave@gmail.com<br \/>\nWeb: www.triave.pt<\/p>\n<p><strong>Centro de Informa\u00e7\u00e3o, Media\u00e7\u00e3o e Arbitragem de Consumo (Tribunal Arbitral de consumo)<\/strong><\/p>\n<p>Rua D Afonso Henriques, n\u00ba 1 (Ed Junta de Freguesia da S\u00e9)<br \/>\n4700 &#8211; 030 BRAGA<\/p>\n<p>Tel: 253 617 604<br \/>\nE-mail: geral@ciab.pt<\/p>\n<p>OU<\/p>\n<p>Av Rocha Paris, n\u00ba 103 (Edif\u00edcio Vila Rosa)<br \/>\n4900 &#8211; 394 VIANA DO CASTELO<\/p>\n<p>Tel: 258 809 335<br \/>\nE-mail: ciab.viana@cm-viana-castelo.pt<br \/>\nWeb: www.ciab.pt<\/p>\n<p><strong>Centro de Arbitragem de Conflitos de Consumo da Madeira<\/strong><\/p>\n<p>Rua Direita n\u00ba. 27 \u2013 1\u00ba andar<br \/>\n9050-405 Funchal<\/p>\n<p>Tel.: 291 215 070<br \/>\nE-mail: centroarbitragem.srias@madeira.gov.pt<br \/>\nWeb: http:\/\/www.srrh.gov-madeira.pt\/In%C3%ADcio\/tabid\/292\/Default.aspx<\/p>\n<p><strong>Mais informa\u00e7\u00f5es em Portal do Consumidor www.consumidor.pt.<\/strong><\/p>\n","protected":false},"excerpt":{"rendered":"<p>Em caso de lit\u00edgio o consumidor pode recorrer a uma Entidade de Resolu\u00e7\u00e3o Alternativa de Lit\u00edgios de Consumo: CNIACC &#8211; Centro Nacional de Informa\u00e7\u00e3o e Arbitragem de Conflitos de Consumo Faculdade de Direito da Universidade Nova de Lisboa Campus de Campolide 1099-032 Lisboa Tel.: 213 847 484 E-mail: cniacc@fd.unl.pt Web: http:\/\/www.arbitragemdeconsumo.org CIMAAL &#8211; Centro de [&hellip;]<\/p>\n","protected":false},"author":2,"featured_media":0,"parent":0,"menu_order":1,"comment_status":"closed","ping_status":"closed","template":"","meta":{"footnotes":""},"class_list":["post-378","page","type-page","status-publish","hentry"],"blocksy_meta":[],"_links":{"self":[{"href":"https:\/\/artistasunidos.pt\/livrariaonline\/wp-json\/wp\/v2\/pages\/378","targetHints":{"allow":["GET"]}}],"collection":[{"href":"https:\/\/artistasunidos.pt\/livrariaonline\/wp-json\/wp\/v2\/pages"}],"about":[{"href":"https:\/\/artistasunidos.pt\/livrariaonline\/wp-json\/wp\/v2\/types\/page"}],"author":[{"embeddable":true,"href":"https:\/\/artistasunidos.pt\/livrariaonline\/wp-json\/wp\/v2\/users\/2"}],"replies":[{"embeddable":true,"href":"https:\/\/artistasunidos.pt\/livrariaonline\/wp-json\/wp\/v2\/comments?post=378"}],"version-history":[{"count":0,"href":"https:\/\/artistasunidos.pt\/livrariaonline\/wp-json\/wp\/v2\/pages\/378\/revisions"}],"wp:attachment":[{"href":"https:\/\/artistasunidos.pt\/livrariaonline\/wp-json\/wp\/v2\/media?parent=378"}],"curies":[{"name":"wp","href":"https:\/\/api.w.org\/{rel}","templated":true}]}}