{"id":1010,"date":"2018-03-02T14:38:19","date_gmt":"2018-03-02T14:38:19","guid":{"rendered":"http:\/\/www.artistasunidos.pt\/livrariaonline\/?post_type=product&#038;p=1010"},"modified":"2026-04-18T10:59:48","modified_gmt":"2026-04-18T10:59:48","slug":"o-teatro-da-amante-inglesa","status":"publish","type":"product","link":"https:\/\/artistasunidos.pt\/livrariaonline\/produto\/o-teatro-da-amante-inglesa\/","title":{"rendered":"O  TEATRO DA AMANTE INGLESA"},"content":{"rendered":"<p>Livrinhos de Teatro n\u00ba 115<\/p>\n<p>Uma edi\u00e7\u00e3o: Artistas Unidos\/ Livros Cotovia com o apoio do Institut Fran\u00e7ais<\/p>\n<p>Quem foi esta mulher que assassinou a prima e dispersou os peda\u00e7os do cad\u00e1ver pelo viadutos do caminho de ferro? A not\u00edcia tocou Marguerite Duras. E o facto de a criminosa nunca ter parado de fazer perguntas sobre o que fizera e porqu\u00ea.<\/p>\n","protected":false},"excerpt":{"rendered":"<p>de Marguerite Duras<\/p>\n","protected":false},"featured_media":1012,"template":"","meta":[],"product_brand":[],"product_cat":[77],"product_tag":[],"class_list":{"0":"post-1010","1":"product","2":"type-product","3":"status-publish","4":"has-post-thumbnail","6":"product_cat-livrinhos-de-teatro","8":"first","9":"instock","10":"taxable","11":"shipping-taxable","12":"purchasable","13":"product-type-simple"},"_links":{"self":[{"href":"https:\/\/artistasunidos.pt\/livrariaonline\/wp-json\/wp\/v2\/product\/1010","targetHints":{"allow":["GET"]}}],"collection":[{"href":"https:\/\/artistasunidos.pt\/livrariaonline\/wp-json\/wp\/v2\/product"}],"about":[{"href":"https:\/\/artistasunidos.pt\/livrariaonline\/wp-json\/wp\/v2\/types\/product"}],"wp:featuredmedia":[{"embeddable":true,"href":"https:\/\/artistasunidos.pt\/livrariaonline\/wp-json\/wp\/v2\/media\/1012"}],"wp:attachment":[{"href":"https:\/\/artistasunidos.pt\/livrariaonline\/wp-json\/wp\/v2\/media?parent=1010"}],"wp:term":[{"taxonomy":"product_brand","embeddable":true,"href":"https:\/\/artistasunidos.pt\/livrariaonline\/wp-json\/wp\/v2\/product_brand?post=1010"},{"taxonomy":"product_cat","embeddable":true,"href":"https:\/\/artistasunidos.pt\/livrariaonline\/wp-json\/wp\/v2\/product_cat?post=1010"},{"taxonomy":"product_tag","embeddable":true,"href":"https:\/\/artistasunidos.pt\/livrariaonline\/wp-json\/wp\/v2\/product_tag?post=1010"}],"curies":[{"name":"wp","href":"https:\/\/api.w.org\/{rel}","templated":true}]}}