{"id":104,"date":"2011-09-26T17:00:00","date_gmt":"2011-09-26T17:00:00","guid":{"rendered":"http:\/\/localhost\/testes\/produto\/a-fanfarra-e-outros-textos\/"},"modified":"2026-04-20T20:17:46","modified_gmt":"2026-04-20T20:17:46","slug":"a-fanfarra-e-outros-textos","status":"publish","type":"product","link":"https:\/\/artistasunidos.pt\/livrariaonline\/produto\/a-fanfarra-e-outros-textos\/","title":{"rendered":"A FANFARRA E OUTROS TEXTOS"},"content":{"rendered":"<p>Livrinhos de Teatro n\u00ba 48<\/p>\n<p>Artistas Unidos \/ Livros Cotovia<\/p>\n<p>Tradu\u00e7\u00e3o de Luiza Neto Jorge; Maria Ad\u00e9lia Silva Melo; Os\u00f3rio Mateus; Almeida Faria<\/p>\n<p>A publica\u00e7\u00e3o dos sketches de Karl Valentin, o celebrado c\u00f3mico b\u00e1varo que foi admirado por Brecht e por Beckett. Neste volume, em tradu\u00e7\u00f5es de Luiza Neto Jorge, Maria Ad\u00e9lia Silva Melo, Os\u00f3rio Mateus e Almeida Faria, as cenas que deram origem ao espect\u00e1culo E N\u00e3o se Pode Extermin\u00e1-lo? que Jorge Silva Melo dirigiu no Teatro da Cornuc\u00f3pia.<\/p>\n","protected":false},"excerpt":{"rendered":"<p>de Karl Valentin<\/p>\n","protected":false},"featured_media":803,"template":"","meta":[],"product_brand":[],"product_cat":[77],"product_tag":[],"class_list":{"0":"post-104","1":"product","2":"type-product","3":"status-publish","4":"has-post-thumbnail","6":"product_cat-livrinhos-de-teatro","8":"first","9":"instock","10":"taxable","11":"shipping-taxable","12":"purchasable","13":"product-type-simple"},"_links":{"self":[{"href":"https:\/\/artistasunidos.pt\/livrariaonline\/wp-json\/wp\/v2\/product\/104","targetHints":{"allow":["GET"]}}],"collection":[{"href":"https:\/\/artistasunidos.pt\/livrariaonline\/wp-json\/wp\/v2\/product"}],"about":[{"href":"https:\/\/artistasunidos.pt\/livrariaonline\/wp-json\/wp\/v2\/types\/product"}],"wp:featuredmedia":[{"embeddable":true,"href":"https:\/\/artistasunidos.pt\/livrariaonline\/wp-json\/wp\/v2\/media\/803"}],"wp:attachment":[{"href":"https:\/\/artistasunidos.pt\/livrariaonline\/wp-json\/wp\/v2\/media?parent=104"}],"wp:term":[{"taxonomy":"product_brand","embeddable":true,"href":"https:\/\/artistasunidos.pt\/livrariaonline\/wp-json\/wp\/v2\/product_brand?post=104"},{"taxonomy":"product_cat","embeddable":true,"href":"https:\/\/artistasunidos.pt\/livrariaonline\/wp-json\/wp\/v2\/product_cat?post=104"},{"taxonomy":"product_tag","embeddable":true,"href":"https:\/\/artistasunidos.pt\/livrariaonline\/wp-json\/wp\/v2\/product_tag?post=104"}],"curies":[{"name":"wp","href":"https:\/\/api.w.org\/{rel}","templated":true}]}}