{"id":106,"date":"2011-09-26T17:04:45","date_gmt":"2011-09-26T17:04:45","guid":{"rendered":"http:\/\/localhost\/testes\/produto\/as-quatro-gemeas-a-noite-da-sra-luciana-uma-visita-inoportuna\/"},"modified":"2026-04-20T20:17:47","modified_gmt":"2026-04-20T20:17:47","slug":"as-quatro-gemeas-a-noite-da-sra-luciana-uma-visita-inoportuna","status":"publish","type":"product","link":"https:\/\/artistasunidos.pt\/livrariaonline\/produto\/as-quatro-gemeas-a-noite-da-sra-luciana-uma-visita-inoportuna\/","title":{"rendered":"AS QUATRO G\u00c9MEAS \/ A NOITE DA SRA. LUCIANA \/ UMA VISITA INOPORTUNA"},"content":{"rendered":"<p>Livrinhos de Teatro n\u00ba 49<\/p>\n<p>Artistas Unidos \/ Livros Cotovia<\/p>\n<p>Tradu\u00e7\u00f5es de Ant\u00f3nio Barahona, Isabel Alves e Olinda Gil<\/p>\n<p>O teatro de Copi \u00e9 feito de objectos teatrais n\u00e3o identificados, um turbilh\u00e3o, uma ronda delirante. Por vezes divertido, por vezes desesperado, sempre grotesco, venenoso, generoso, amplo, Copi fala da morte, do ex\u00edlio, da droga, a solid\u00e3o, numa mistura explosiva de esc\u00e1rnio e desespero. Um mundo fren\u00e9tico, uma tremenda dan\u00e7a da morte.<\/p>\n","protected":false},"excerpt":{"rendered":"<p>de Copi<\/p>\n","protected":false},"featured_media":883,"template":"","meta":[],"product_brand":[],"product_cat":[77],"product_tag":[],"class_list":{"0":"post-106","1":"product","2":"type-product","3":"status-publish","4":"has-post-thumbnail","6":"product_cat-livrinhos-de-teatro","8":"first","9":"outofstock","10":"taxable","11":"shipping-taxable","12":"purchasable","13":"product-type-simple"},"_links":{"self":[{"href":"https:\/\/artistasunidos.pt\/livrariaonline\/wp-json\/wp\/v2\/product\/106","targetHints":{"allow":["GET"]}}],"collection":[{"href":"https:\/\/artistasunidos.pt\/livrariaonline\/wp-json\/wp\/v2\/product"}],"about":[{"href":"https:\/\/artistasunidos.pt\/livrariaonline\/wp-json\/wp\/v2\/types\/product"}],"wp:featuredmedia":[{"embeddable":true,"href":"https:\/\/artistasunidos.pt\/livrariaonline\/wp-json\/wp\/v2\/media\/883"}],"wp:attachment":[{"href":"https:\/\/artistasunidos.pt\/livrariaonline\/wp-json\/wp\/v2\/media?parent=106"}],"wp:term":[{"taxonomy":"product_brand","embeddable":true,"href":"https:\/\/artistasunidos.pt\/livrariaonline\/wp-json\/wp\/v2\/product_brand?post=106"},{"taxonomy":"product_cat","embeddable":true,"href":"https:\/\/artistasunidos.pt\/livrariaonline\/wp-json\/wp\/v2\/product_cat?post=106"},{"taxonomy":"product_tag","embeddable":true,"href":"https:\/\/artistasunidos.pt\/livrariaonline\/wp-json\/wp\/v2\/product_tag?post=106"}],"curies":[{"name":"wp","href":"https:\/\/api.w.org\/{rel}","templated":true}]}}