{"id":1084,"date":"2018-09-07T14:43:31","date_gmt":"2018-09-07T14:43:31","guid":{"rendered":"http:\/\/www.artistasunidos.pt\/livrariaonline\/?post_type=product&#038;p=1084"},"modified":"2026-04-20T20:19:36","modified_gmt":"2026-04-20T20:19:36","slug":"a-circularidade-do-quadrado","status":"publish","type":"product","link":"https:\/\/artistasunidos.pt\/livrariaonline\/produto\/a-circularidade-do-quadrado\/","title":{"rendered":"A CIRCULARIDADE DO QUADRADO"},"content":{"rendered":"<p>Livrinhos de Teatro n\u00ba 116<\/p>\n<p>O mais interessante autor da Gr\u00e9cia Contempor\u00e2nea, extraordin\u00e1rio inventor teatral, ele que nos disse &#8220;a nossa tarefa \u00e9 voltar a fazer habitar os palcos que Beckett esvaziou para sempre&#8221;.<\/p>\n","protected":false},"excerpt":{"rendered":"<p>de Dim\u00edtris Dimitri\u00e1dis<\/p>\n","protected":false},"featured_media":1085,"template":"","meta":[],"product_brand":[],"product_cat":[77],"product_tag":[],"class_list":{"0":"post-1084","1":"product","2":"type-product","3":"status-publish","4":"has-post-thumbnail","6":"product_cat-livrinhos-de-teatro","8":"first","9":"outofstock","10":"taxable","11":"shipping-taxable","12":"purchasable","13":"product-type-simple"},"_links":{"self":[{"href":"https:\/\/artistasunidos.pt\/livrariaonline\/wp-json\/wp\/v2\/product\/1084","targetHints":{"allow":["GET"]}}],"collection":[{"href":"https:\/\/artistasunidos.pt\/livrariaonline\/wp-json\/wp\/v2\/product"}],"about":[{"href":"https:\/\/artistasunidos.pt\/livrariaonline\/wp-json\/wp\/v2\/types\/product"}],"wp:featuredmedia":[{"embeddable":true,"href":"https:\/\/artistasunidos.pt\/livrariaonline\/wp-json\/wp\/v2\/media\/1085"}],"wp:attachment":[{"href":"https:\/\/artistasunidos.pt\/livrariaonline\/wp-json\/wp\/v2\/media?parent=1084"}],"wp:term":[{"taxonomy":"product_brand","embeddable":true,"href":"https:\/\/artistasunidos.pt\/livrariaonline\/wp-json\/wp\/v2\/product_brand?post=1084"},{"taxonomy":"product_cat","embeddable":true,"href":"https:\/\/artistasunidos.pt\/livrariaonline\/wp-json\/wp\/v2\/product_cat?post=1084"},{"taxonomy":"product_tag","embeddable":true,"href":"https:\/\/artistasunidos.pt\/livrariaonline\/wp-json\/wp\/v2\/product_tag?post=1084"}],"curies":[{"name":"wp","href":"https:\/\/api.w.org\/{rel}","templated":true}]}}