{"id":112,"date":"2011-09-28T10:16:57","date_gmt":"2011-09-28T10:16:57","guid":{"rendered":"http:\/\/localhost\/testes\/produto\/a-europeia-e-outros-textos\/"},"modified":"2026-04-20T20:17:51","modified_gmt":"2026-04-20T20:17:51","slug":"a-europeia-e-outros-textos","status":"publish","type":"product","link":"https:\/\/artistasunidos.pt\/livrariaonline\/produto\/a-europeia-e-outros-textos\/","title":{"rendered":"A EUROPEIA E OUTROS TEXTOS"},"content":{"rendered":"<p>Livrinhos de Teatro n\u00ba 52<\/p>\n<p>Artistas Unidos \/ Livros Cotovia<\/p>\n<p>Tradu\u00e7\u00f5es de Isabel Lopes, Marie-Am\u00e9lie Robilliard, Joana Fraz\u00e3o, Alexandre Andrade<\/p>\n<p>David Lescot parte de situa\u00e7\u00f5es claramente pol\u00edticas. Das escolhas pol\u00edticas deste s\u00e9culo XXI. E pergunta-se: Somos europeus porque estamos na Europa, mas est\u00e1 a Europa em n\u00f3s? Que representa\u00e7\u00e3o individual ou colectiva somos capazes de dar? Como antes, se preocupou com o sobre-endividamento, a auto-ajuda, estes flagelos em que vivemos. At\u00e9 levar cada uma das suas pe\u00e7as ao paradoxo. T\u00e3o pr\u00f3ximo de algum pensamento filos\u00f3fico do s\u00e9culo XVIII &#8211; e podemos pensar em Swift, em Defoe ou em Voltaire.<\/p>\n","protected":false},"excerpt":{"rendered":"<p>de David Lescot<\/p>\n","protected":false},"featured_media":3447,"template":"","meta":[],"product_brand":[],"product_cat":[77],"product_tag":[],"class_list":{"0":"post-112","1":"product","2":"type-product","3":"status-publish","4":"has-post-thumbnail","6":"product_cat-livrinhos-de-teatro","8":"first","9":"instock","10":"taxable","11":"shipping-taxable","12":"purchasable","13":"product-type-simple"},"_links":{"self":[{"href":"https:\/\/artistasunidos.pt\/livrariaonline\/wp-json\/wp\/v2\/product\/112","targetHints":{"allow":["GET"]}}],"collection":[{"href":"https:\/\/artistasunidos.pt\/livrariaonline\/wp-json\/wp\/v2\/product"}],"about":[{"href":"https:\/\/artistasunidos.pt\/livrariaonline\/wp-json\/wp\/v2\/types\/product"}],"wp:featuredmedia":[{"embeddable":true,"href":"https:\/\/artistasunidos.pt\/livrariaonline\/wp-json\/wp\/v2\/media\/3447"}],"wp:attachment":[{"href":"https:\/\/artistasunidos.pt\/livrariaonline\/wp-json\/wp\/v2\/media?parent=112"}],"wp:term":[{"taxonomy":"product_brand","embeddable":true,"href":"https:\/\/artistasunidos.pt\/livrariaonline\/wp-json\/wp\/v2\/product_brand?post=112"},{"taxonomy":"product_cat","embeddable":true,"href":"https:\/\/artistasunidos.pt\/livrariaonline\/wp-json\/wp\/v2\/product_cat?post=112"},{"taxonomy":"product_tag","embeddable":true,"href":"https:\/\/artistasunidos.pt\/livrariaonline\/wp-json\/wp\/v2\/product_tag?post=112"}],"curies":[{"name":"wp","href":"https:\/\/api.w.org\/{rel}","templated":true}]}}