{"id":1140,"date":"2019-01-15T15:32:07","date_gmt":"2019-01-15T15:32:07","guid":{"rendered":"http:\/\/www.artistasunidos.pt\/livrariaonline\/?post_type=product&#038;p=1140"},"modified":"2026-04-20T20:19:51","modified_gmt":"2026-04-20T20:19:51","slug":"os-aliens","status":"publish","type":"product","link":"https:\/\/artistasunidos.pt\/livrariaonline\/produto\/os-aliens\/","title":{"rendered":"OS ALIENS"},"content":{"rendered":"<p>Livrinhos de Teatro n\u00ba 122<\/p>\n<p>Estamos nas traseiras de um caf\u00e9zito de prov\u00edncia. Dir-se-ia que nada de importante pode acontecer aqui. H\u00e1 um caixote do lixo \u00e0 esquerda e outro \u00e0 direita. E h\u00e1 tr\u00eas homens. A pe\u00e7a que revelou Annie Baker.<\/p>\n","protected":false},"excerpt":{"rendered":"<p>de Annie Baker<\/p>\n","protected":false},"featured_media":1141,"template":"","meta":[],"product_brand":[],"product_cat":[77],"product_tag":[64,78],"class_list":{"0":"post-1140","1":"product","2":"type-product","3":"status-publish","4":"has-post-thumbnail","6":"product_cat-livrinhos-de-teatro","7":"product_tag-annie-baker","8":"product_tag-livrinhos-de-teatro","10":"first","11":"outofstock","12":"taxable","13":"shipping-taxable","14":"purchasable","15":"product-type-simple"},"_links":{"self":[{"href":"https:\/\/artistasunidos.pt\/livrariaonline\/wp-json\/wp\/v2\/product\/1140","targetHints":{"allow":["GET"]}}],"collection":[{"href":"https:\/\/artistasunidos.pt\/livrariaonline\/wp-json\/wp\/v2\/product"}],"about":[{"href":"https:\/\/artistasunidos.pt\/livrariaonline\/wp-json\/wp\/v2\/types\/product"}],"wp:featuredmedia":[{"embeddable":true,"href":"https:\/\/artistasunidos.pt\/livrariaonline\/wp-json\/wp\/v2\/media\/1141"}],"wp:attachment":[{"href":"https:\/\/artistasunidos.pt\/livrariaonline\/wp-json\/wp\/v2\/media?parent=1140"}],"wp:term":[{"taxonomy":"product_brand","embeddable":true,"href":"https:\/\/artistasunidos.pt\/livrariaonline\/wp-json\/wp\/v2\/product_brand?post=1140"},{"taxonomy":"product_cat","embeddable":true,"href":"https:\/\/artistasunidos.pt\/livrariaonline\/wp-json\/wp\/v2\/product_cat?post=1140"},{"taxonomy":"product_tag","embeddable":true,"href":"https:\/\/artistasunidos.pt\/livrariaonline\/wp-json\/wp\/v2\/product_tag?post=1140"}],"curies":[{"name":"wp","href":"https:\/\/api.w.org\/{rel}","templated":true}]}}