{"id":116,"date":"2011-09-28T10:29:45","date_gmt":"2011-09-28T10:29:45","guid":{"rendered":"http:\/\/localhost\/testes\/produto\/o-amor-e-mais-frio-que-o-capital-e-outras-pecas\/"},"modified":"2026-04-20T20:17:53","modified_gmt":"2026-04-20T20:17:53","slug":"o-amor-e-mais-frio-que-o-capital-e-outras-pecas","status":"publish","type":"product","link":"https:\/\/artistasunidos.pt\/livrariaonline\/produto\/o-amor-e-mais-frio-que-o-capital-e-outras-pecas\/","title":{"rendered":"O AMOR \u00c9 MAIS FRIO QUE O CAPITAL E OUTRAS PE\u00c7AS"},"content":{"rendered":"<p>Livrinhos de Teatro n\u00ba 54<\/p>\n<p>Artistas Unidos \/ Livros Cotovia<\/p>\n<p>Tradu\u00e7\u00f5es e posf\u00e1cio de Jos\u00e9 Maria Vieira Mendes<\/p>\n<p>Entrar no teatro de Ren\u00e9 Pollesch \u00e9 entrar num pensamento idiossincr\u00e1tico, com c\u00f3digos pr\u00f3prios, que se descobrem \u00e0 custa do conv\u00edvio. L\u00ea-lo uma e outra vez, ver os seus espect\u00e1culos um atr\u00e1s do outro \u00e9 ir fazendo parte de uma comunidade de perguntas, racioc\u00ednio e linguagem. Um mundo que n\u00e3o vem ter connosco de bra\u00e7os abertos e generoso, oferecido a quem o quiser, mas sim um pa\u00eds fechado onde s\u00f3 entra quem se dispuser a abrir a porta.<br \/>\n<strong>Jos\u00e9 Maria Vieira Mendes<\/strong><\/p>\n","protected":false},"excerpt":{"rendered":"<p>de Ren\u00e9 Pollesch<\/p>\n","protected":false},"featured_media":771,"template":"","meta":[],"product_brand":[],"product_cat":[77],"product_tag":[],"class_list":{"0":"post-116","1":"product","2":"type-product","3":"status-publish","4":"has-post-thumbnail","6":"product_cat-livrinhos-de-teatro","8":"first","9":"outofstock","10":"taxable","11":"shipping-taxable","12":"purchasable","13":"product-type-simple"},"_links":{"self":[{"href":"https:\/\/artistasunidos.pt\/livrariaonline\/wp-json\/wp\/v2\/product\/116","targetHints":{"allow":["GET"]}}],"collection":[{"href":"https:\/\/artistasunidos.pt\/livrariaonline\/wp-json\/wp\/v2\/product"}],"about":[{"href":"https:\/\/artistasunidos.pt\/livrariaonline\/wp-json\/wp\/v2\/types\/product"}],"wp:featuredmedia":[{"embeddable":true,"href":"https:\/\/artistasunidos.pt\/livrariaonline\/wp-json\/wp\/v2\/media\/771"}],"wp:attachment":[{"href":"https:\/\/artistasunidos.pt\/livrariaonline\/wp-json\/wp\/v2\/media?parent=116"}],"wp:term":[{"taxonomy":"product_brand","embeddable":true,"href":"https:\/\/artistasunidos.pt\/livrariaonline\/wp-json\/wp\/v2\/product_brand?post=116"},{"taxonomy":"product_cat","embeddable":true,"href":"https:\/\/artistasunidos.pt\/livrariaonline\/wp-json\/wp\/v2\/product_cat?post=116"},{"taxonomy":"product_tag","embeddable":true,"href":"https:\/\/artistasunidos.pt\/livrariaonline\/wp-json\/wp\/v2\/product_tag?post=116"}],"curies":[{"name":"wp","href":"https:\/\/api.w.org\/{rel}","templated":true}]}}