{"id":118,"date":"2011-09-28T10:33:25","date_gmt":"2011-09-28T10:33:25","guid":{"rendered":"http:\/\/localhost\/testes\/produto\/a-paz-e-outros-textos\/"},"modified":"2026-04-20T20:17:54","modified_gmt":"2026-04-20T20:17:54","slug":"a-paz-e-outros-textos","status":"publish","type":"product","link":"https:\/\/artistasunidos.pt\/livrariaonline\/produto\/a-paz-e-outros-textos\/","title":{"rendered":"A PAZ E OUTROS TEXTOS"},"content":{"rendered":"<p>Livrinhos de Teatro n\u00ba 55<\/p>\n<p>Artistas Unidos \/ Livros Cotovia<\/p>\n<p>Tradu\u00e7\u00f5es Tereza Bento<\/p>\n<p>Liberto de todas as condicionantes que permitem o consumo teatral, Antonio Tarantino lan\u00e7a-se, nestas tr\u00eas pe\u00e7as numa vasta inquiri\u00e7\u00e3o sobre a paz. A paz poss\u00edvel no conflito israelo-\u00e1rabe, a paz negociada da It\u00e1lia no p\u00f3s-guerra. Barroco, livre, insolente, carnavalesco, o teatro de Tarantino \u00e9 \u00fanico. Uma liberdade ins\u00f3lita, um riso muito amargo.<\/p>\n","protected":false},"excerpt":{"rendered":"<p>de Antonio Tarantino<\/p>\n","protected":false},"featured_media":3465,"template":"","meta":[],"product_brand":[],"product_cat":[77],"product_tag":[],"class_list":{"0":"post-118","1":"product","2":"type-product","3":"status-publish","4":"has-post-thumbnail","6":"product_cat-livrinhos-de-teatro","8":"first","9":"outofstock","10":"taxable","11":"shipping-taxable","12":"purchasable","13":"product-type-simple"},"_links":{"self":[{"href":"https:\/\/artistasunidos.pt\/livrariaonline\/wp-json\/wp\/v2\/product\/118","targetHints":{"allow":["GET"]}}],"collection":[{"href":"https:\/\/artistasunidos.pt\/livrariaonline\/wp-json\/wp\/v2\/product"}],"about":[{"href":"https:\/\/artistasunidos.pt\/livrariaonline\/wp-json\/wp\/v2\/types\/product"}],"wp:featuredmedia":[{"embeddable":true,"href":"https:\/\/artistasunidos.pt\/livrariaonline\/wp-json\/wp\/v2\/media\/3465"}],"wp:attachment":[{"href":"https:\/\/artistasunidos.pt\/livrariaonline\/wp-json\/wp\/v2\/media?parent=118"}],"wp:term":[{"taxonomy":"product_brand","embeddable":true,"href":"https:\/\/artistasunidos.pt\/livrariaonline\/wp-json\/wp\/v2\/product_brand?post=118"},{"taxonomy":"product_cat","embeddable":true,"href":"https:\/\/artistasunidos.pt\/livrariaonline\/wp-json\/wp\/v2\/product_cat?post=118"},{"taxonomy":"product_tag","embeddable":true,"href":"https:\/\/artistasunidos.pt\/livrariaonline\/wp-json\/wp\/v2\/product_tag?post=118"}],"curies":[{"name":"wp","href":"https:\/\/api.w.org\/{rel}","templated":true}]}}