{"id":120,"date":"2011-09-28T10:36:31","date_gmt":"2011-09-28T10:36:31","guid":{"rendered":"http:\/\/localhost\/testes\/produto\/ela-splendids\/"},"modified":"2026-04-20T20:17:54","modified_gmt":"2026-04-20T20:17:54","slug":"ela-splendids","status":"publish","type":"product","link":"https:\/\/artistasunidos.pt\/livrariaonline\/produto\/ela-splendids\/","title":{"rendered":"\u201cELA\u201d \/ SPLENDID\u00b4S"},"content":{"rendered":"<p>Livrinhos de Teatro n\u00ba 56<\/p>\n<p>Artistas Unidos \/ Livros Cotovia<\/p>\n<p>Tradu\u00e7\u00f5es Luis Miguel Cintra<\/p>\n<p>Publicadas postumamente, estas pe\u00e7as s\u00e3o, agora, imprescind\u00edveis para se conhecer o trabalho de escrita de um dos maiores escritores do s\u00e9culo XX, Jean Genet: breves, provocat\u00f3rias, incisivas, par\u00f3dicas e metaf\u00edsicas, nelas est\u00e1 j\u00e1 o teatro que o autor ir\u00e1 desenvolver nas suas grandes obras-primas da maturidade.<\/p>\n","protected":false},"excerpt":{"rendered":"<p>de Jean Genet<\/p>\n","protected":false},"featured_media":805,"template":"","meta":[],"product_brand":[],"product_cat":[77],"product_tag":[],"class_list":{"0":"post-120","1":"product","2":"type-product","3":"status-publish","4":"has-post-thumbnail","6":"product_cat-livrinhos-de-teatro","8":"first","9":"outofstock","10":"taxable","11":"shipping-taxable","12":"purchasable","13":"product-type-simple"},"_links":{"self":[{"href":"https:\/\/artistasunidos.pt\/livrariaonline\/wp-json\/wp\/v2\/product\/120","targetHints":{"allow":["GET"]}}],"collection":[{"href":"https:\/\/artistasunidos.pt\/livrariaonline\/wp-json\/wp\/v2\/product"}],"about":[{"href":"https:\/\/artistasunidos.pt\/livrariaonline\/wp-json\/wp\/v2\/types\/product"}],"wp:featuredmedia":[{"embeddable":true,"href":"https:\/\/artistasunidos.pt\/livrariaonline\/wp-json\/wp\/v2\/media\/805"}],"wp:attachment":[{"href":"https:\/\/artistasunidos.pt\/livrariaonline\/wp-json\/wp\/v2\/media?parent=120"}],"wp:term":[{"taxonomy":"product_brand","embeddable":true,"href":"https:\/\/artistasunidos.pt\/livrariaonline\/wp-json\/wp\/v2\/product_brand?post=120"},{"taxonomy":"product_cat","embeddable":true,"href":"https:\/\/artistasunidos.pt\/livrariaonline\/wp-json\/wp\/v2\/product_cat?post=120"},{"taxonomy":"product_tag","embeddable":true,"href":"https:\/\/artistasunidos.pt\/livrariaonline\/wp-json\/wp\/v2\/product_tag?post=120"}],"curies":[{"name":"wp","href":"https:\/\/api.w.org\/{rel}","templated":true}]}}