{"id":122,"date":"2011-09-28T10:39:28","date_gmt":"2011-09-28T10:39:28","guid":{"rendered":"http:\/\/localhost\/testes\/produto\/os-biombos\/"},"modified":"2026-04-20T20:17:55","modified_gmt":"2026-04-20T20:17:55","slug":"os-biombos","status":"publish","type":"product","link":"https:\/\/artistasunidos.pt\/livrariaonline\/produto\/os-biombos\/","title":{"rendered":"OS BIOMBOS"},"content":{"rendered":"<p>Livrinhos de Teatro n\u00ba 57<\/p>\n<p>Artistas Unidos \/ Livros Cotovia<\/p>\n<p>Tradu\u00e7\u00e3o Teresa Reim\u00e3o Pinto<\/p>\n<p>A ac\u00e7\u00e3o situa-se na terra e no c\u00e9u. E os mortos assistem \u00e0 carnificina dos vivos. Outras ac\u00e7\u00f5es passam-se num bordel. O mundo \u00e9 um bordel. O mundo est\u00e1 em guerra. Ter\u00e1 sido a Guerra da Arg\u00e9lia a inspirar este enorme e desamparado lirismo: mas n\u00e3o se aplica isto a todas as guerras? E ao fim do Colonialismo?<\/p>\n","protected":false},"excerpt":{"rendered":"<p>de Jean Genet<\/p>\n","protected":false},"featured_media":783,"template":"","meta":[],"product_brand":[],"product_cat":[77],"product_tag":[],"class_list":{"0":"post-122","1":"product","2":"type-product","3":"status-publish","4":"has-post-thumbnail","6":"product_cat-livrinhos-de-teatro","8":"first","9":"instock","10":"taxable","11":"shipping-taxable","12":"purchasable","13":"product-type-simple"},"_links":{"self":[{"href":"https:\/\/artistasunidos.pt\/livrariaonline\/wp-json\/wp\/v2\/product\/122","targetHints":{"allow":["GET"]}}],"collection":[{"href":"https:\/\/artistasunidos.pt\/livrariaonline\/wp-json\/wp\/v2\/product"}],"about":[{"href":"https:\/\/artistasunidos.pt\/livrariaonline\/wp-json\/wp\/v2\/types\/product"}],"wp:featuredmedia":[{"embeddable":true,"href":"https:\/\/artistasunidos.pt\/livrariaonline\/wp-json\/wp\/v2\/media\/783"}],"wp:attachment":[{"href":"https:\/\/artistasunidos.pt\/livrariaonline\/wp-json\/wp\/v2\/media?parent=122"}],"wp:term":[{"taxonomy":"product_brand","embeddable":true,"href":"https:\/\/artistasunidos.pt\/livrariaonline\/wp-json\/wp\/v2\/product_brand?post=122"},{"taxonomy":"product_cat","embeddable":true,"href":"https:\/\/artistasunidos.pt\/livrariaonline\/wp-json\/wp\/v2\/product_cat?post=122"},{"taxonomy":"product_tag","embeddable":true,"href":"https:\/\/artistasunidos.pt\/livrariaonline\/wp-json\/wp\/v2\/product_tag?post=122"}],"curies":[{"name":"wp","href":"https:\/\/api.w.org\/{rel}","templated":true}]}}