{"id":1262,"date":"2019-06-27T17:18:16","date_gmt":"2019-06-27T17:18:16","guid":{"rendered":"http:\/\/www.artistasunidos.pt\/livrariaonline\/?post_type=product&#038;p=1262"},"modified":"2026-04-17T08:48:19","modified_gmt":"2026-04-17T08:48:19","slug":"o-senhor-biedermann-e-os-incendiarios-andorra","status":"publish","type":"product","link":"https:\/\/artistasunidos.pt\/livrariaonline\/produto\/o-senhor-biedermann-e-os-incendiarios-andorra\/","title":{"rendered":"O SENHOR BIEDERMANN E OS INCENDI\u00c1RIOS \/ ANDORRA"},"content":{"rendered":"<p>Livrinhos de Teatro n\u00ba 126<br \/>\nUma edi\u00e7\u00e3o Artistas Unidos\/ Livros Cotovia com o apoio Funda\u00e7\u00e3o Calouste Gulbenkian<\/p>\n<p>No centro do trabalho de Max Frisch est\u00e1, constantemente, a disputa consigo mesmo, a qual decorre de v\u00e1rios problemas t\u00edpicos da sociedade p\u00f3s-moderna.<b><\/b><\/p>\n","protected":false},"excerpt":{"rendered":"<p>de Max Frisch<\/p>\n","protected":false},"featured_media":1263,"template":"","meta":[],"product_brand":[],"product_cat":[77],"product_tag":[65,79],"class_list":{"0":"post-1262","1":"product","2":"type-product","3":"status-publish","4":"has-post-thumbnail","6":"product_cat-livrinhos-de-teatro","7":"product_tag-arthur-miller","8":"product_tag-livrinhos-teatro","10":"first","11":"instock","12":"taxable","13":"shipping-taxable","14":"purchasable","15":"product-type-simple"},"_links":{"self":[{"href":"https:\/\/artistasunidos.pt\/livrariaonline\/wp-json\/wp\/v2\/product\/1262","targetHints":{"allow":["GET"]}}],"collection":[{"href":"https:\/\/artistasunidos.pt\/livrariaonline\/wp-json\/wp\/v2\/product"}],"about":[{"href":"https:\/\/artistasunidos.pt\/livrariaonline\/wp-json\/wp\/v2\/types\/product"}],"wp:featuredmedia":[{"embeddable":true,"href":"https:\/\/artistasunidos.pt\/livrariaonline\/wp-json\/wp\/v2\/media\/1263"}],"wp:attachment":[{"href":"https:\/\/artistasunidos.pt\/livrariaonline\/wp-json\/wp\/v2\/media?parent=1262"}],"wp:term":[{"taxonomy":"product_brand","embeddable":true,"href":"https:\/\/artistasunidos.pt\/livrariaonline\/wp-json\/wp\/v2\/product_brand?post=1262"},{"taxonomy":"product_cat","embeddable":true,"href":"https:\/\/artistasunidos.pt\/livrariaonline\/wp-json\/wp\/v2\/product_cat?post=1262"},{"taxonomy":"product_tag","embeddable":true,"href":"https:\/\/artistasunidos.pt\/livrariaonline\/wp-json\/wp\/v2\/product_tag?post=1262"}],"curies":[{"name":"wp","href":"https:\/\/api.w.org\/{rel}","templated":true}]}}