{"id":128,"date":"2011-09-28T11:01:15","date_gmt":"2011-09-28T11:01:15","guid":{"rendered":"http:\/\/localhost\/testes\/produto\/luzes-de-boemia\/"},"modified":"2026-04-20T20:17:56","modified_gmt":"2026-04-20T20:17:56","slug":"luzes-de-boemia","status":"publish","type":"product","link":"https:\/\/artistasunidos.pt\/livrariaonline\/produto\/luzes-de-boemia\/","title":{"rendered":"LUZES DE BO\u00c9MIA"},"content":{"rendered":"<p>Livrinhos de Teatro n\u00ba 58<\/p>\n<p>Artistas Unidos \/ Livros Cotovia<\/p>\n<p>Tradu\u00e7\u00e3o Joana Fraz\u00e3o<\/p>\n<p>A trag\u00e9dia de Max Estrella, poeta, nas noites pobres de Madrid. Uma das mais belas pe\u00e7as jamais escritas traduzida pela primeira vez para portugu\u00eas.<\/p>\n","protected":false},"excerpt":{"rendered":"<p>de Ram\u00f3n del Valle Incl\u00e1n<\/p>\n","protected":false},"featured_media":129,"template":"","meta":[],"product_brand":[],"product_cat":[77],"product_tag":[],"class_list":{"0":"post-128","1":"product","2":"type-product","3":"status-publish","4":"has-post-thumbnail","6":"product_cat-livrinhos-de-teatro","8":"first","9":"instock","10":"taxable","11":"shipping-taxable","12":"purchasable","13":"product-type-simple"},"_links":{"self":[{"href":"https:\/\/artistasunidos.pt\/livrariaonline\/wp-json\/wp\/v2\/product\/128","targetHints":{"allow":["GET"]}}],"collection":[{"href":"https:\/\/artistasunidos.pt\/livrariaonline\/wp-json\/wp\/v2\/product"}],"about":[{"href":"https:\/\/artistasunidos.pt\/livrariaonline\/wp-json\/wp\/v2\/types\/product"}],"wp:featuredmedia":[{"embeddable":true,"href":"https:\/\/artistasunidos.pt\/livrariaonline\/wp-json\/wp\/v2\/media\/129"}],"wp:attachment":[{"href":"https:\/\/artistasunidos.pt\/livrariaonline\/wp-json\/wp\/v2\/media?parent=128"}],"wp:term":[{"taxonomy":"product_brand","embeddable":true,"href":"https:\/\/artistasunidos.pt\/livrariaonline\/wp-json\/wp\/v2\/product_brand?post=128"},{"taxonomy":"product_cat","embeddable":true,"href":"https:\/\/artistasunidos.pt\/livrariaonline\/wp-json\/wp\/v2\/product_cat?post=128"},{"taxonomy":"product_tag","embeddable":true,"href":"https:\/\/artistasunidos.pt\/livrariaonline\/wp-json\/wp\/v2\/product_tag?post=128"}],"curies":[{"name":"wp","href":"https:\/\/api.w.org\/{rel}","templated":true}]}}