{"id":130,"date":"2011-09-28T11:05:21","date_gmt":"2011-09-28T11:05:21","guid":{"rendered":"http:\/\/localhost\/testes\/produto\/filumena-marturano-estes-fantasmas-sabado-domingo-e-segunda\/"},"modified":"2026-04-20T20:18:14","modified_gmt":"2026-04-20T20:18:14","slug":"filumena-marturano-estes-fantasmas-sabado-domingo-e-segunda","status":"publish","type":"product","link":"https:\/\/artistasunidos.pt\/livrariaonline\/produto\/filumena-marturano-estes-fantasmas-sabado-domingo-e-segunda\/","title":{"rendered":"FILUMENA MARTURANO\/ ESTES FANTASMAS!\/ S\u00c1BADO, DOMINGO E SEGUNDA"},"content":{"rendered":"<p>Livrinhos de Teatro n\u00ba 59<\/p>\n<p>Artistas Unidos \/ Livros Cotovia<\/p>\n<p>Tradu\u00e7\u00e3o Jos\u00e9 Cola\u00e7o Barreiros<\/p>\n<p>Tr\u00eas das mais conhecidas com\u00e9dias do g\u00e9nio do teatro Napolitano: a pequena burguesia de uma cidade que ainda n\u00e3o se afastou muito da rua, dos preg\u00f5es, do cheiro a peixe. Uma enorme li\u00e7\u00e3o de realismo, ironia e compaix\u00e3o.<\/p>\n","protected":false},"excerpt":{"rendered":"<p>de Eduardo de Filippo<\/p>\n","protected":false},"featured_media":131,"template":"","meta":[],"product_brand":[],"product_cat":[77],"product_tag":[],"class_list":{"0":"post-130","1":"product","2":"type-product","3":"status-publish","4":"has-post-thumbnail","6":"product_cat-livrinhos-de-teatro","8":"first","9":"instock","10":"taxable","11":"shipping-taxable","12":"purchasable","13":"product-type-simple"},"_links":{"self":[{"href":"https:\/\/artistasunidos.pt\/livrariaonline\/wp-json\/wp\/v2\/product\/130","targetHints":{"allow":["GET"]}}],"collection":[{"href":"https:\/\/artistasunidos.pt\/livrariaonline\/wp-json\/wp\/v2\/product"}],"about":[{"href":"https:\/\/artistasunidos.pt\/livrariaonline\/wp-json\/wp\/v2\/types\/product"}],"wp:featuredmedia":[{"embeddable":true,"href":"https:\/\/artistasunidos.pt\/livrariaonline\/wp-json\/wp\/v2\/media\/131"}],"wp:attachment":[{"href":"https:\/\/artistasunidos.pt\/livrariaonline\/wp-json\/wp\/v2\/media?parent=130"}],"wp:term":[{"taxonomy":"product_brand","embeddable":true,"href":"https:\/\/artistasunidos.pt\/livrariaonline\/wp-json\/wp\/v2\/product_brand?post=130"},{"taxonomy":"product_cat","embeddable":true,"href":"https:\/\/artistasunidos.pt\/livrariaonline\/wp-json\/wp\/v2\/product_cat?post=130"},{"taxonomy":"product_tag","embeddable":true,"href":"https:\/\/artistasunidos.pt\/livrariaonline\/wp-json\/wp\/v2\/product_tag?post=130"}],"curies":[{"name":"wp","href":"https:\/\/api.w.org\/{rel}","templated":true}]}}