{"id":1314,"date":"2019-09-19T13:24:28","date_gmt":"2019-09-19T13:24:28","guid":{"rendered":"http:\/\/www.artistasunidos.pt\/livrariaonline\/?post_type=product&#038;p=1314"},"modified":"2026-04-20T20:19:55","modified_gmt":"2026-04-20T20:19:55","slug":"partir-a-meio-dia","status":"publish","type":"product","link":"https:\/\/artistasunidos.pt\/livrariaonline\/produto\/partir-a-meio-dia\/","title":{"rendered":"PARTIR A MEIO DIA"},"content":{"rendered":"<p>Livrinhos de Teatro n\u00ba 127<br \/>\nUma edi\u00e7\u00e3o Artistas Unidos\/ Livros Cotovia com o apoio Funda\u00e7\u00e3o Calouste Gulbenkian<\/p>\n<p>No final do realismo teatral, esta pe\u00e7a fulcral do simbolismo. &#8220;Parti. Mas logo regressei \u00e0 dor, Pois tudo me ruiu&#8230; Tudo era igual:&#8221; , tamb\u00e9m\u00a0 Paul Claudel neste inicio do s\u00e9culo XX podia subscrever este M\u00e1rio de S\u00e1 Carneiro. Tudo \u00e9 inven\u00e7\u00e3o, da linguagem ao estatismo, do desejo ao adult\u00e9rio, tanta gente ansiando &#8220;um pouco mais de azul&#8221;&#8230;<\/p>\n","protected":false},"excerpt":{"rendered":"<p>de Paul Claudel<\/p>\n","protected":false},"featured_media":1315,"template":"","meta":[],"product_brand":[],"product_cat":[77],"product_tag":[65,79],"class_list":{"0":"post-1314","1":"product","2":"type-product","3":"status-publish","4":"has-post-thumbnail","6":"product_cat-livrinhos-de-teatro","7":"product_tag-arthur-miller","8":"product_tag-livrinhos-teatro","10":"first","11":"instock","12":"taxable","13":"shipping-taxable","14":"purchasable","15":"product-type-simple"},"_links":{"self":[{"href":"https:\/\/artistasunidos.pt\/livrariaonline\/wp-json\/wp\/v2\/product\/1314","targetHints":{"allow":["GET"]}}],"collection":[{"href":"https:\/\/artistasunidos.pt\/livrariaonline\/wp-json\/wp\/v2\/product"}],"about":[{"href":"https:\/\/artistasunidos.pt\/livrariaonline\/wp-json\/wp\/v2\/types\/product"}],"wp:featuredmedia":[{"embeddable":true,"href":"https:\/\/artistasunidos.pt\/livrariaonline\/wp-json\/wp\/v2\/media\/1315"}],"wp:attachment":[{"href":"https:\/\/artistasunidos.pt\/livrariaonline\/wp-json\/wp\/v2\/media?parent=1314"}],"wp:term":[{"taxonomy":"product_brand","embeddable":true,"href":"https:\/\/artistasunidos.pt\/livrariaonline\/wp-json\/wp\/v2\/product_brand?post=1314"},{"taxonomy":"product_cat","embeddable":true,"href":"https:\/\/artistasunidos.pt\/livrariaonline\/wp-json\/wp\/v2\/product_cat?post=1314"},{"taxonomy":"product_tag","embeddable":true,"href":"https:\/\/artistasunidos.pt\/livrariaonline\/wp-json\/wp\/v2\/product_tag?post=1314"}],"curies":[{"name":"wp","href":"https:\/\/api.w.org\/{rel}","templated":true}]}}