{"id":134,"date":"2011-10-04T09:51:28","date_gmt":"2011-10-04T09:51:28","guid":{"rendered":"http:\/\/localhost\/testes\/produto\/n2-setembro-2000\/"},"modified":"2011-10-04T09:51:28","modified_gmt":"2011-10-04T09:51:28","slug":"n2-setembro-2000","status":"publish","type":"product","link":"https:\/\/artistasunidos.pt\/livrariaonline\/produto\/n2-setembro-2000\/","title":{"rendered":"Revista N\u00ba 2"},"content":{"rendered":"<p><strong>A Capital\/Artistas Unidos<\/strong><br \/>\nSete primeiros meses n&#8217;a Capital<br \/>\nUm projecto para a Capital<\/p>\n<p><strong>Diogo D\u00f3ria\/Robert Pinget<\/strong><br \/>\nQuando se diz &#8220;sozinho&#8221; \u00e9 sempre entre aspas: Entrevista com Diogo D\u00f3ria<br \/>\nO Inquisit\u00f3rio de Robert Pinget (vers\u00e3o c\u00e9nica de Diogo D\u00f3ria)<\/p>\n<p><strong>Jon Fosse\/Solveig Nordlund<\/strong><br \/>\nDepoimento de Jon Fosse<br \/>\nVai Vir Algu\u00e9m de Jon Fosse<br \/>\nAcredito naquele texto tal como acredito naqueles actores ou naquele fog\u00e3o: Depoimento de Solveig Nordlund<\/p>\n<p><strong>Teatro\/Cinema<\/strong><br \/>\nVer se se consegue ultrapassar essa barreira: Depoimento de Manuel Wiborg<br \/>\nActores entre o teatro e o cinema: Mesa redonda com Joana B\u00e1rcia, Ivo Canelas, Isabel Mu\u00f1oz Cardoso, Ant\u00f3nio Sim\u00e3o e Pedro Caldas<br \/>\nEst\u00e3o todos a olhar para ti a ver se n\u00e3o te atrapalhas: Depoimento de Pedro Carraca<br \/>\nSe ningu\u00e9m me telefona, vou lavar pratos?: Depoimento de Sylvie Rocha<\/p>\n","protected":false},"excerpt":{"rendered":"<p>(Setembro 2000)<\/p>\n","protected":false},"featured_media":135,"template":"","meta":[],"product_brand":[],"product_cat":[88],"product_tag":[],"class_list":{"0":"post-134","1":"product","2":"type-product","3":"status-publish","4":"has-post-thumbnail","6":"product_cat-revistas","8":"first","9":"instock","10":"taxable","11":"shipping-taxable","12":"purchasable","13":"product-type-simple"},"_links":{"self":[{"href":"https:\/\/artistasunidos.pt\/livrariaonline\/wp-json\/wp\/v2\/product\/134","targetHints":{"allow":["GET"]}}],"collection":[{"href":"https:\/\/artistasunidos.pt\/livrariaonline\/wp-json\/wp\/v2\/product"}],"about":[{"href":"https:\/\/artistasunidos.pt\/livrariaonline\/wp-json\/wp\/v2\/types\/product"}],"wp:featuredmedia":[{"embeddable":true,"href":"https:\/\/artistasunidos.pt\/livrariaonline\/wp-json\/wp\/v2\/media\/135"}],"wp:attachment":[{"href":"https:\/\/artistasunidos.pt\/livrariaonline\/wp-json\/wp\/v2\/media?parent=134"}],"wp:term":[{"taxonomy":"product_brand","embeddable":true,"href":"https:\/\/artistasunidos.pt\/livrariaonline\/wp-json\/wp\/v2\/product_brand?post=134"},{"taxonomy":"product_cat","embeddable":true,"href":"https:\/\/artistasunidos.pt\/livrariaonline\/wp-json\/wp\/v2\/product_cat?post=134"},{"taxonomy":"product_tag","embeddable":true,"href":"https:\/\/artistasunidos.pt\/livrariaonline\/wp-json\/wp\/v2\/product_tag?post=134"}],"curies":[{"name":"wp","href":"https:\/\/api.w.org\/{rel}","templated":true}]}}