{"id":136,"date":"2011-10-04T09:55:50","date_gmt":"2011-10-04T09:55:50","guid":{"rendered":"http:\/\/localhost\/testes\/produto\/n-3-novembro-2000-edicao-especial\/"},"modified":"2011-10-04T09:55:50","modified_gmt":"2011-10-04T09:55:50","slug":"n-3-novembro-2000-edicao-especial","status":"publish","type":"product","link":"https:\/\/artistasunidos.pt\/livrariaonline\/produto\/n-3-novembro-2000-edicao-especial\/","title":{"rendered":"Revista N\u00ba 3"},"content":{"rendered":"<p><strong>N\u00famero Especial: Teatro Neerland\u00eas Contempor\u00e2neo<\/strong><\/p>\n<p><strong>Gerardjan Rijnders<\/strong> <em>Amador<\/em><br \/>\n<strong>Karst Woudstra<\/strong> <em>Perda Total<\/em><br \/>\n<strong>Judith Herzberg<\/strong> <em>O Caracal<\/em> | <em>Os Casamentos de Lea<\/em><br \/>\n<strong>Esther Gerritsen<\/strong> <em>Dona de Casa<\/em><br \/>\n<strong>Don Dyuns Construtor (es)<\/strong> <em>de T\u00faneis<\/em><br \/>\n<strong>Arne Sierens<\/strong> <em>O Meu Blackie Posf\u00e1cio de Rob Klinkenberg<\/em><\/p>\n","protected":false},"excerpt":{"rendered":"<p>(Novembro 2000) Edi\u00e7\u00e3o Especial<\/p>\n","protected":false},"featured_media":137,"template":"","meta":[],"product_brand":[],"product_cat":[88],"product_tag":[],"class_list":{"0":"post-136","1":"product","2":"type-product","3":"status-publish","4":"has-post-thumbnail","6":"product_cat-revistas","8":"first","9":"instock","10":"taxable","11":"shipping-taxable","12":"purchasable","13":"product-type-simple"},"_links":{"self":[{"href":"https:\/\/artistasunidos.pt\/livrariaonline\/wp-json\/wp\/v2\/product\/136","targetHints":{"allow":["GET"]}}],"collection":[{"href":"https:\/\/artistasunidos.pt\/livrariaonline\/wp-json\/wp\/v2\/product"}],"about":[{"href":"https:\/\/artistasunidos.pt\/livrariaonline\/wp-json\/wp\/v2\/types\/product"}],"wp:featuredmedia":[{"embeddable":true,"href":"https:\/\/artistasunidos.pt\/livrariaonline\/wp-json\/wp\/v2\/media\/137"}],"wp:attachment":[{"href":"https:\/\/artistasunidos.pt\/livrariaonline\/wp-json\/wp\/v2\/media?parent=136"}],"wp:term":[{"taxonomy":"product_brand","embeddable":true,"href":"https:\/\/artistasunidos.pt\/livrariaonline\/wp-json\/wp\/v2\/product_brand?post=136"},{"taxonomy":"product_cat","embeddable":true,"href":"https:\/\/artistasunidos.pt\/livrariaonline\/wp-json\/wp\/v2\/product_cat?post=136"},{"taxonomy":"product_tag","embeddable":true,"href":"https:\/\/artistasunidos.pt\/livrariaonline\/wp-json\/wp\/v2\/product_tag?post=136"}],"curies":[{"name":"wp","href":"https:\/\/api.w.org\/{rel}","templated":true}]}}