{"id":1362,"date":"2019-11-27T19:08:41","date_gmt":"2019-11-27T19:08:41","guid":{"rendered":"http:\/\/www.artistasunidos.pt\/livrariaonline\/?post_type=product&#038;p=1362"},"modified":"2026-04-20T20:19:57","modified_gmt":"2026-04-20T20:19:57","slug":"ivone-princesa-do-borgonha-o-casamento","status":"publish","type":"product","link":"https:\/\/artistasunidos.pt\/livrariaonline\/produto\/ivone-princesa-do-borgonha-o-casamento\/","title":{"rendered":"IVONE, PRINCESA DO BORGONHA\/ O CASAMENTO"},"content":{"rendered":"<p>Livrinhos de Teatro n\u00ba 129<br \/>\nUma edi\u00e7\u00e3o Artistas Unidos\/ Livros Cotovia com o apoio Funda\u00e7\u00e3o Calouste Gulbenkian e POLAND Translation Program.<\/p>\n<p>Tradu\u00e7\u00e3o de Cristina da Silva, Jo\u00e3o Ferr\u00e3o e Anna Ku\u015bmierczyk<\/p>\n<p>Come\u00e7amos a publicar o teatro genial do genial Witold Gombrowicz traduzido agora directamente do polaco. Que surpresas! Que g\u00e9nio!<\/p>\n","protected":false},"excerpt":{"rendered":"<p>de Witold Gombrowicz<\/p>\n","protected":false},"featured_media":1363,"template":"","meta":[],"product_brand":[],"product_cat":[77],"product_tag":[],"class_list":{"0":"post-1362","1":"product","2":"type-product","3":"status-publish","4":"has-post-thumbnail","6":"product_cat-livrinhos-de-teatro","8":"first","9":"instock","10":"taxable","11":"shipping-taxable","12":"purchasable","13":"product-type-simple"},"_links":{"self":[{"href":"https:\/\/artistasunidos.pt\/livrariaonline\/wp-json\/wp\/v2\/product\/1362","targetHints":{"allow":["GET"]}}],"collection":[{"href":"https:\/\/artistasunidos.pt\/livrariaonline\/wp-json\/wp\/v2\/product"}],"about":[{"href":"https:\/\/artistasunidos.pt\/livrariaonline\/wp-json\/wp\/v2\/types\/product"}],"wp:featuredmedia":[{"embeddable":true,"href":"https:\/\/artistasunidos.pt\/livrariaonline\/wp-json\/wp\/v2\/media\/1363"}],"wp:attachment":[{"href":"https:\/\/artistasunidos.pt\/livrariaonline\/wp-json\/wp\/v2\/media?parent=1362"}],"wp:term":[{"taxonomy":"product_brand","embeddable":true,"href":"https:\/\/artistasunidos.pt\/livrariaonline\/wp-json\/wp\/v2\/product_brand?post=1362"},{"taxonomy":"product_cat","embeddable":true,"href":"https:\/\/artistasunidos.pt\/livrariaonline\/wp-json\/wp\/v2\/product_cat?post=1362"},{"taxonomy":"product_tag","embeddable":true,"href":"https:\/\/artistasunidos.pt\/livrariaonline\/wp-json\/wp\/v2\/product_tag?post=1362"}],"curies":[{"name":"wp","href":"https:\/\/api.w.org\/{rel}","templated":true}]}}