{"id":144,"date":"2011-10-04T10:16:31","date_gmt":"2011-10-04T10:16:31","guid":{"rendered":"http:\/\/localhost\/testes\/produto\/n-7-maio-2002\/"},"modified":"2011-10-04T10:16:31","modified_gmt":"2011-10-04T10:16:31","slug":"n-7-maio-2002","status":"publish","type":"product","link":"https:\/\/artistasunidos.pt\/livrariaonline\/produto\/n-7-maio-2002\/","title":{"rendered":"Revista N\u00ba 7"},"content":{"rendered":"<p><strong>\u00a0Veio da Esc\u00f3cia<\/strong><br \/>\nConversa com David Greig, David Harrower, Duncan McLean, Stephen Greenhorn e Katherine Mendelsohn<\/p>\n<p><strong>Harold Pinter<\/strong><br \/>\nDiscursos, entrevista e depoimentos de Harold Pinter<br \/>\nO que os actores dizem sobre representar Pinter<br \/>\nO Exame de Harold Pinter<br \/>\n\u00c0 conversa sobre os problemas que nos p\u00f5e o teatro de Harold Pinter<br \/>\nConfer\u00eancia de Imprensa de Harold Pinter<\/p>\n<p><strong>Anton Tch\u00e9khov<\/strong><br \/>\nJorge Silva Melo: &#8220;Os, Tristes, os vis, os oprimidos&#8221;<br \/>\nNo Outono de Tch\u00e9khov<br \/>\nNa Estrada de Tch\u00e9khov<\/p>\n<p><strong>Bartleby<\/strong><br \/>\nO vidro feito espelho: entrevista com Francisco Lu\u00eds Parreira e Jo\u00e3o Meireles<br \/>\nHist\u00f3ria do Escriv\u00e3o Bartleby de Francisco Lu\u00eds Parreira<\/p>\n","protected":false},"excerpt":{"rendered":"<p>(Maio 2002)<\/p>\n","protected":false},"featured_media":145,"template":"","meta":[],"product_brand":[],"product_cat":[88],"product_tag":[],"class_list":{"0":"post-144","1":"product","2":"type-product","3":"status-publish","4":"has-post-thumbnail","6":"product_cat-revistas","8":"first","9":"instock","10":"taxable","11":"shipping-taxable","12":"purchasable","13":"product-type-simple"},"_links":{"self":[{"href":"https:\/\/artistasunidos.pt\/livrariaonline\/wp-json\/wp\/v2\/product\/144","targetHints":{"allow":["GET"]}}],"collection":[{"href":"https:\/\/artistasunidos.pt\/livrariaonline\/wp-json\/wp\/v2\/product"}],"about":[{"href":"https:\/\/artistasunidos.pt\/livrariaonline\/wp-json\/wp\/v2\/types\/product"}],"wp:featuredmedia":[{"embeddable":true,"href":"https:\/\/artistasunidos.pt\/livrariaonline\/wp-json\/wp\/v2\/media\/145"}],"wp:attachment":[{"href":"https:\/\/artistasunidos.pt\/livrariaonline\/wp-json\/wp\/v2\/media?parent=144"}],"wp:term":[{"taxonomy":"product_brand","embeddable":true,"href":"https:\/\/artistasunidos.pt\/livrariaonline\/wp-json\/wp\/v2\/product_brand?post=144"},{"taxonomy":"product_cat","embeddable":true,"href":"https:\/\/artistasunidos.pt\/livrariaonline\/wp-json\/wp\/v2\/product_cat?post=144"},{"taxonomy":"product_tag","embeddable":true,"href":"https:\/\/artistasunidos.pt\/livrariaonline\/wp-json\/wp\/v2\/product_tag?post=144"}],"curies":[{"name":"wp","href":"https:\/\/api.w.org\/{rel}","templated":true}]}}