{"id":1534,"date":"2020-06-17T09:53:45","date_gmt":"2020-06-17T09:53:45","guid":{"rendered":"https:\/\/artistasunidos.pt\/livrariaonline\/?post_type=product&#038;p=1534"},"modified":"2026-04-20T20:20:01","modified_gmt":"2026-04-20T20:20:01","slug":"nevoeiro-sul-dinamarca","status":"publish","type":"product","link":"https:\/\/artistasunidos.pt\/livrariaonline\/produto\/nevoeiro-sul-dinamarca\/","title":{"rendered":"NEVOEIRO \/ SUL \/ DINAMARCA"},"content":{"rendered":"<p>Livrinhos de Teatro n\u00ba 133<br \/>\nUma edi\u00e7\u00e3o Artistas Unidos\/ Livros Cotovia com o apoio Instituto Ramon Llull<\/p>\n<p>Tradu\u00e7\u00e3o \u00c2ngelo Ferreira de Sousa<\/p>\n<p>E as varia\u00e7\u00f5es da actualidade continuam a interessar uma das autoras mais apaixonantes do teatro catal\u00e3o: tudo o que \u00e9 dito, o que \u00e9 sugerido, o que n\u00e3o \u00e9 dito \u00e9 aqui teatro.<\/p>\n","protected":false},"excerpt":{"rendered":"<p>de Llu\u00efsa Cunill\u00e9<\/p>\n","protected":false},"featured_media":1537,"template":"","meta":[],"product_brand":[],"product_cat":[77],"product_tag":[78,80],"class_list":{"0":"post-1534","1":"product","2":"type-product","3":"status-publish","4":"has-post-thumbnail","6":"product_cat-livrinhos-de-teatro","7":"product_tag-livrinhos-de-teatro","8":"product_tag-lluisa-cunille","10":"first","11":"instock","12":"taxable","13":"shipping-taxable","14":"purchasable","15":"product-type-simple"},"_links":{"self":[{"href":"https:\/\/artistasunidos.pt\/livrariaonline\/wp-json\/wp\/v2\/product\/1534","targetHints":{"allow":["GET"]}}],"collection":[{"href":"https:\/\/artistasunidos.pt\/livrariaonline\/wp-json\/wp\/v2\/product"}],"about":[{"href":"https:\/\/artistasunidos.pt\/livrariaonline\/wp-json\/wp\/v2\/types\/product"}],"wp:featuredmedia":[{"embeddable":true,"href":"https:\/\/artistasunidos.pt\/livrariaonline\/wp-json\/wp\/v2\/media\/1537"}],"wp:attachment":[{"href":"https:\/\/artistasunidos.pt\/livrariaonline\/wp-json\/wp\/v2\/media?parent=1534"}],"wp:term":[{"taxonomy":"product_brand","embeddable":true,"href":"https:\/\/artistasunidos.pt\/livrariaonline\/wp-json\/wp\/v2\/product_brand?post=1534"},{"taxonomy":"product_cat","embeddable":true,"href":"https:\/\/artistasunidos.pt\/livrariaonline\/wp-json\/wp\/v2\/product_cat?post=1534"},{"taxonomy":"product_tag","embeddable":true,"href":"https:\/\/artistasunidos.pt\/livrariaonline\/wp-json\/wp\/v2\/product_tag?post=1534"}],"curies":[{"name":"wp","href":"https:\/\/api.w.org\/{rel}","templated":true}]}}