{"id":1540,"date":"2020-06-17T09:58:55","date_gmt":"2020-06-17T09:58:55","guid":{"rendered":"https:\/\/artistasunidos.pt\/livrariaonline\/?post_type=product&#038;p=1540"},"modified":"2026-04-20T20:20:10","modified_gmt":"2026-04-20T20:20:10","slug":"victor-ou-as-criancas-no-poder","status":"publish","type":"product","link":"https:\/\/artistasunidos.pt\/livrariaonline\/produto\/victor-ou-as-criancas-no-poder\/","title":{"rendered":"VICTOR OU AS CRIAN\u00c7AS NO PODER"},"content":{"rendered":"<p>Livrinhos de Teatro n\u00ba 134<br \/>\nUma edi\u00e7\u00e3o Artistas Unidos\/ Livros Cotovia com o apoio Institut Fran\u00e7ais<\/p>\n<p>Tradu\u00e7\u00e3o de Jorge Silva Melo<\/p>\n<p>Farsa mal\u00e9vola, com\u00e9dia mais do que negra, par\u00f3dia \u00e0 grande burguesia do II Imp\u00e9rio, esta a pe\u00e7a que Artaud revelou: uma surpresa, uma obra-prima.<\/p>\n","protected":false},"excerpt":{"rendered":"<p>de Roger Vitrac<\/p>\n","protected":false},"featured_media":1536,"template":"","meta":[],"product_brand":[],"product_cat":[77],"product_tag":[78,90],"class_list":{"0":"post-1540","1":"product","2":"type-product","3":"status-publish","4":"has-post-thumbnail","6":"product_cat-livrinhos-de-teatro","7":"product_tag-livrinhos-de-teatro","8":"product_tag-roger-vitrac","10":"first","11":"instock","12":"taxable","13":"shipping-taxable","14":"purchasable","15":"product-type-simple"},"_links":{"self":[{"href":"https:\/\/artistasunidos.pt\/livrariaonline\/wp-json\/wp\/v2\/product\/1540","targetHints":{"allow":["GET"]}}],"collection":[{"href":"https:\/\/artistasunidos.pt\/livrariaonline\/wp-json\/wp\/v2\/product"}],"about":[{"href":"https:\/\/artistasunidos.pt\/livrariaonline\/wp-json\/wp\/v2\/types\/product"}],"wp:featuredmedia":[{"embeddable":true,"href":"https:\/\/artistasunidos.pt\/livrariaonline\/wp-json\/wp\/v2\/media\/1536"}],"wp:attachment":[{"href":"https:\/\/artistasunidos.pt\/livrariaonline\/wp-json\/wp\/v2\/media?parent=1540"}],"wp:term":[{"taxonomy":"product_brand","embeddable":true,"href":"https:\/\/artistasunidos.pt\/livrariaonline\/wp-json\/wp\/v2\/product_brand?post=1540"},{"taxonomy":"product_cat","embeddable":true,"href":"https:\/\/artistasunidos.pt\/livrariaonline\/wp-json\/wp\/v2\/product_cat?post=1540"},{"taxonomy":"product_tag","embeddable":true,"href":"https:\/\/artistasunidos.pt\/livrariaonline\/wp-json\/wp\/v2\/product_tag?post=1540"}],"curies":[{"name":"wp","href":"https:\/\/api.w.org\/{rel}","templated":true}]}}