{"id":160,"date":"2011-10-04T10:41:22","date_gmt":"2011-10-04T10:41:22","guid":{"rendered":"http:\/\/localhost\/testes\/produto\/n-15-2006-edicao-especial\/"},"modified":"2011-10-04T10:41:22","modified_gmt":"2011-10-04T10:41:22","slug":"n-15-2006-edicao-especial","status":"publish","type":"product","link":"https:\/\/artistasunidos.pt\/livrariaonline\/produto\/n-15-2006-edicao-especial\/","title":{"rendered":"Revista N\u00ba 15"},"content":{"rendered":"<p><strong>Uns teatros que v\u00eam de Fran\u00e7a<\/strong><br \/>\n<strong>Bruno Tackels: A s\u00edndroma KLG<\/strong><br \/>\n<strong>Jean Pierre Han: Um deserto de autores?<\/strong><br \/>\n<strong>Yannic Mancel: Algumas tend\u00eancias e tenta\u00e7\u00f5es localiz\u00e1veis nas escritas dram\u00e1ticas contempor\u00e2neas<\/strong><\/p>\n<p><strong>Michel Azama:<\/strong> <em>Zoo Nocturno<\/em><\/p>\n<p><strong>Xavier Durringer:<\/strong> <em>E depois (Bal-Trap)<\/em><\/p>\n<p><strong>Fabrice Melquiot:<\/strong><em>Buli Pitosga<\/em><em> &#8211; Anjos no cabelo do diabo<\/em><\/p>\n<p><strong>Christophe Pellet:<\/strong> <em>Uma noite na montanha<\/em><\/p>\n<p><strong>Jean-Pierre Sim\u00e9on:<\/strong> <em>Stabat Mater Furiosa <\/em><\/p>\n<p><strong>Serge Valletti:<\/strong> <em>Monsieur Armand, vulgo Garrincha<\/em><\/p>\n<p><strong>G\u00e9rard Watkins:<\/strong> <em>\u00cdcone<\/em><\/p>\n<p><em>\u00a0<\/em><\/p>\n","protected":false},"excerpt":{"rendered":"<p>(2006) Edi\u00e7\u00e3o Especial<\/p>\n","protected":false},"featured_media":161,"template":"","meta":[],"product_brand":[],"product_cat":[88],"product_tag":[],"class_list":{"0":"post-160","1":"product","2":"type-product","3":"status-publish","4":"has-post-thumbnail","6":"product_cat-revistas","8":"first","9":"instock","10":"taxable","11":"shipping-taxable","12":"purchasable","13":"product-type-simple"},"_links":{"self":[{"href":"https:\/\/artistasunidos.pt\/livrariaonline\/wp-json\/wp\/v2\/product\/160","targetHints":{"allow":["GET"]}}],"collection":[{"href":"https:\/\/artistasunidos.pt\/livrariaonline\/wp-json\/wp\/v2\/product"}],"about":[{"href":"https:\/\/artistasunidos.pt\/livrariaonline\/wp-json\/wp\/v2\/types\/product"}],"wp:featuredmedia":[{"embeddable":true,"href":"https:\/\/artistasunidos.pt\/livrariaonline\/wp-json\/wp\/v2\/media\/161"}],"wp:attachment":[{"href":"https:\/\/artistasunidos.pt\/livrariaonline\/wp-json\/wp\/v2\/media?parent=160"}],"wp:term":[{"taxonomy":"product_brand","embeddable":true,"href":"https:\/\/artistasunidos.pt\/livrariaonline\/wp-json\/wp\/v2\/product_brand?post=160"},{"taxonomy":"product_cat","embeddable":true,"href":"https:\/\/artistasunidos.pt\/livrariaonline\/wp-json\/wp\/v2\/product_cat?post=160"},{"taxonomy":"product_tag","embeddable":true,"href":"https:\/\/artistasunidos.pt\/livrariaonline\/wp-json\/wp\/v2\/product_tag?post=160"}],"curies":[{"name":"wp","href":"https:\/\/api.w.org\/{rel}","templated":true}]}}