{"id":1601,"date":"2020-09-03T09:37:52","date_gmt":"2020-09-03T09:37:52","guid":{"rendered":"https:\/\/artistasunidos.pt\/livrariaonline\/?post_type=product&#038;p=1601"},"modified":"2026-04-20T20:20:13","modified_gmt":"2026-04-20T20:20:13","slug":"mariana-pineda-a-sapateira-prodigiosa","status":"publish","type":"product","link":"https:\/\/artistasunidos.pt\/livrariaonline\/produto\/mariana-pineda-a-sapateira-prodigiosa\/","title":{"rendered":"MARIANA PINEDA \/ A SAPATEIRA PRODIGIOSA"},"content":{"rendered":"<p>Livrinhos de Teatro n\u00ba 137<br \/>\nUma edi\u00e7\u00e3o Artistas Unidos \/ Livros Cotovia com o apoio da Funda\u00e7\u00e3o Millenium BCP<\/p>\n<p>Uma trag\u00e9dia rom\u00e2ntica, uma com\u00e9dia de costumes: Lorca andaluz.<\/p>\n","protected":false},"excerpt":{"rendered":"<p>de Federico Garc\u00eda Lorca<\/p>\n","protected":false},"featured_media":1602,"template":"","meta":[],"product_brand":[],"product_cat":[77],"product_tag":[78],"class_list":{"0":"post-1601","1":"product","2":"type-product","3":"status-publish","4":"has-post-thumbnail","6":"product_cat-livrinhos-de-teatro","7":"product_tag-livrinhos-de-teatro","9":"first","10":"instock","11":"taxable","12":"shipping-taxable","13":"purchasable","14":"product-type-simple"},"_links":{"self":[{"href":"https:\/\/artistasunidos.pt\/livrariaonline\/wp-json\/wp\/v2\/product\/1601","targetHints":{"allow":["GET"]}}],"collection":[{"href":"https:\/\/artistasunidos.pt\/livrariaonline\/wp-json\/wp\/v2\/product"}],"about":[{"href":"https:\/\/artistasunidos.pt\/livrariaonline\/wp-json\/wp\/v2\/types\/product"}],"wp:featuredmedia":[{"embeddable":true,"href":"https:\/\/artistasunidos.pt\/livrariaonline\/wp-json\/wp\/v2\/media\/1602"}],"wp:attachment":[{"href":"https:\/\/artistasunidos.pt\/livrariaonline\/wp-json\/wp\/v2\/media?parent=1601"}],"wp:term":[{"taxonomy":"product_brand","embeddable":true,"href":"https:\/\/artistasunidos.pt\/livrariaonline\/wp-json\/wp\/v2\/product_brand?post=1601"},{"taxonomy":"product_cat","embeddable":true,"href":"https:\/\/artistasunidos.pt\/livrariaonline\/wp-json\/wp\/v2\/product_cat?post=1601"},{"taxonomy":"product_tag","embeddable":true,"href":"https:\/\/artistasunidos.pt\/livrariaonline\/wp-json\/wp\/v2\/product_tag?post=1601"}],"curies":[{"name":"wp","href":"https:\/\/api.w.org\/{rel}","templated":true}]}}