{"id":162,"date":"2011-10-04T10:44:07","date_gmt":"2011-10-04T10:44:07","guid":{"rendered":"http:\/\/localhost\/testes\/produto\/n-16-2006\/"},"modified":"2011-10-04T10:44:07","modified_gmt":"2011-10-04T10:44:07","slug":"n-16-2006","status":"publish","type":"product","link":"https:\/\/artistasunidos.pt\/livrariaonline\/produto\/n-16-2006\/","title":{"rendered":"Revista N\u00ba 16"},"content":{"rendered":"<p><strong>ARTISTAS UNIDOS: 4 ANOS SEM CASA <\/strong><\/p>\n<p>Artistas Unidos: 4 anos de datas e quest\u00f5es<br \/>\nAgosto 2002\/ Maio 2006: de um lado para o outro. As coisas feitas<br \/>\n<strong>Balan\u00e7o com alguns artistas<\/strong>: \u201cCom a corda na garganta\u201d<\/p>\n<p><strong>SOBRE PIER PAOLO PASOLINI<\/strong> Pier Paolo Pasolini: <strong>\u201cAutobiografia\u201d<\/strong> <strong>Anna Rocchi Pullberg<\/strong>: \u201cElementos para uma biografia\u201d<br \/>\n<strong>Nico Naldini<\/strong>: \u201cA no\u00e7\u00e3o da idade \u00e9 como um raio\u201d<br \/>\n<strong>Conversa com Peter Kammerer e Giuseppe Zigaina<\/strong>: \u201cNa linha de fogo\u2026\u201d<br \/>\n<strong>Stefano Casi<\/strong>: \u201cO teatro de Pier Paolo Pasolini: as trag\u00e9dias (1965-1966)\u201d<\/p>\n<p><strong>Franca Angelini<\/strong>: \u201cOrgia\u201d<br \/>\n<strong>Florence de M\u00e8redieu<\/strong>: \u201cTeatro da palavra, oralidade e canibalismo\u201d<br \/>\n<strong>Pier Paolo Pasolini<\/strong>: \u201cA ac\u00e7\u00e3o como linguagem\u201d<br \/>\nDebate com Pier Paolo Pasolini<strong>: Um teatro democr\u00e1tico e n\u00e3o para as massas\u201d<\/strong><br \/>\n<strong>Pier Paolo Pasolini<\/strong>: \u201cComo um peixe fora de \u00e1gua\u201d<br \/>\n<strong>Pier Paolo Pasolini<\/strong>: \u201cPrimeiro a raiva, depois a confian\u00e7a\u201d<br \/>\n<strong>Luca Ronconi<\/strong>: Tive sempre a certeza de que se tornaria um cl\u00e1ssico<br \/>\n<strong>Conversa com Stanislas Nordey<\/strong>: \u201cO corpo do texto\u201d<br \/>\n<strong>Antonio Latella<\/strong>: \u201cPasolini n\u00e3o pode ser enfrentado apenas intelectualmente\u201d<br \/>\n<strong>O teatro de Pier Paolo Pasolini em Portugal<\/strong>MEM\u00d3RIA DE M\u00c1RIO FELICIANO<\/p>\n<p><strong>Jorge Silva Melo<\/strong>: \u201cUm breve percurso\u201d<br \/>\n<strong>Teatrografia<\/strong><br \/>\n<strong>Depoimentos de trabalho em comum<\/strong><\/p>\n<p><strong>SOBRE <em>A F\u00c1BRICA DE NADA<\/em><\/strong><br \/>\n<strong>Judith Herzberg<\/strong>: \u201cO mais importante \u00e9 que nos divirtam\u2026\u201d<br \/>\n<strong>Judith Herzberg: <\/strong>\u201c\u00c0 procura da melhor forma de escorregar e cair\u201d<br \/>\n<strong>Micha\u00ebl Stoker<\/strong>: \u201cA poesia do indeterminado\u201d<br \/>\n<strong>Miguel Castro Caldas<\/strong>: \u201cN\u00e3o fiz nada, fiz algo\u201d<br \/>\n<strong>Conversa com Rui Rebelo<\/strong>: \u201cUma m\u00fasica feita \u00e0 medida\u201d<\/p>\n<p>Depoimentos de actores e m\u00fasicos: \u201cFazer tudo de nada\u2026\u201d<\/p>\n<p><strong>OS QUE ANDAM POR A\u00cd AFIRMANDO-SE (III)<\/strong><br \/>\n<strong>Patr\u00edcia Portela<\/strong>: \u201cComo se sobreviver fosse\u2026\u201d<br \/>\n<strong>teatromosca<\/strong>: \u201c\u00c9 muito complicado trabalhar aos solavancos\u201d<\/p>\n<p><strong>GREGORY MOTTON<\/strong><br \/>\n<strong>Pedro Marques<\/strong>: \u201cA poesia das ruas\u201d<\/p>\n<p><strong>Textos:<br \/>\n<\/strong>Ao Olhar para Ti (Renascido) de Novo<br \/>\nA Ilha de Deus<\/p>\n","protected":false},"excerpt":{"rendered":"<p>(2006)<\/p>\n","protected":false},"featured_media":163,"template":"","meta":[],"product_brand":[],"product_cat":[88],"product_tag":[],"class_list":{"0":"post-162","1":"product","2":"type-product","3":"status-publish","4":"has-post-thumbnail","6":"product_cat-revistas","8":"first","9":"instock","10":"taxable","11":"shipping-taxable","12":"purchasable","13":"product-type-simple"},"_links":{"self":[{"href":"https:\/\/artistasunidos.pt\/livrariaonline\/wp-json\/wp\/v2\/product\/162","targetHints":{"allow":["GET"]}}],"collection":[{"href":"https:\/\/artistasunidos.pt\/livrariaonline\/wp-json\/wp\/v2\/product"}],"about":[{"href":"https:\/\/artistasunidos.pt\/livrariaonline\/wp-json\/wp\/v2\/types\/product"}],"wp:featuredmedia":[{"embeddable":true,"href":"https:\/\/artistasunidos.pt\/livrariaonline\/wp-json\/wp\/v2\/media\/163"}],"wp:attachment":[{"href":"https:\/\/artistasunidos.pt\/livrariaonline\/wp-json\/wp\/v2\/media?parent=162"}],"wp:term":[{"taxonomy":"product_brand","embeddable":true,"href":"https:\/\/artistasunidos.pt\/livrariaonline\/wp-json\/wp\/v2\/product_brand?post=162"},{"taxonomy":"product_cat","embeddable":true,"href":"https:\/\/artistasunidos.pt\/livrariaonline\/wp-json\/wp\/v2\/product_cat?post=162"},{"taxonomy":"product_tag","embeddable":true,"href":"https:\/\/artistasunidos.pt\/livrariaonline\/wp-json\/wp\/v2\/product_tag?post=162"}],"curies":[{"name":"wp","href":"https:\/\/api.w.org\/{rel}","templated":true}]}}