{"id":168,"date":"2011-10-04T10:52:13","date_gmt":"2011-10-04T10:52:13","guid":{"rendered":"http:\/\/localhost\/testes\/produto\/n-19\/"},"modified":"2011-10-04T10:52:13","modified_gmt":"2011-10-04T10:52:13","slug":"n-19","status":"publish","type":"product","link":"https:\/\/artistasunidos.pt\/livrariaonline\/produto\/n-19\/","title":{"rendered":"Revista N\u00ba 19"},"content":{"rendered":"<p><strong>10 ANOS A ANDAR POR A\u00cd<br \/>\n<\/strong>Jorge Silva Melo: <strong>Em f\u00faria, pelo actor<br \/>\n<\/strong>Conversa com Ant\u00f3nio Sim\u00e3o, Carla Bolito, Jo\u00e3o Pedro Vaz, Jos\u00e9 Airosa, Paulo Moura Lopes, Paulo Pinto, Pedro Carmo, Pedro Lacerda, Rita Dur\u00e3o, S\u00edlvia Filipe, Tiago Rodrigues, Victor de Oliveira<\/p>\n<p><strong>VAL\u00c8RE NOVARINA<br \/>\n<\/strong><strong><em>Carta aos Actores<br \/>\nPara Louis de Fun\u00e8s<\/em><\/strong><\/p>\n<p><strong>PROJECTO THIERRY SALMON<br \/>\n<\/strong>Com Franco Quadri: <strong>Uma longa conversa por etapas<\/strong><\/p>\n<p><strong>Uma cronologia &#8211; 1990-2006<br \/>\n<\/strong> Nuno Moura: <strong>Projecto Thierry Salmon: uma aposta ganha!<br \/>\n<\/strong> Conversa Am\u00e2ndio Pinheiro: <strong>Tr\u00eas semanas depois t\u00ednhamos tr\u00eas horas de espect\u00e1culo montado<br \/>\n<\/strong> Conversa com Adriana Aboim, Joana Pupo, John Rom\u00e3o, Lu\u00eds Godinho, Nuno Gil, Paula Diogo e uma intromiss\u00e3o posterior de Nuno Nunes: <strong>Ningu\u00e9m est\u00e1 ali para nos proteger, mas sim para exigir um bom trabalho<br \/>\n<\/strong> Conversa com Nuno Lopes; <strong>Algu\u00e9m que estava a criar e tu eras o material dele, mas um material inteligente<\/strong><\/p>\n<p><strong>SOBRE JUAN MAYORGA<br \/>\n<\/strong><strong>3 Conversas com Juan Mayorga<br \/>\n<\/strong> Guillermo Heras: <strong>Juan Mayorga -Compromisso e est\u00e9tica na dramaturgia espanhola contempor\u00e2nea<br \/>\n<\/strong> Lu\u00eds Henriques: <strong>O teatro da incerteza de Juan Mayorga <\/strong><\/p>\n<p><strong>SOBRE GERARDJAN RIJNDERS<br \/>\n<\/strong>Marijn Van Der Jagt: <strong>\u201cH\u00e1 crise? Houve sempre crise!\u201d &#8211; perfil do encenador Gerardjan Rijnders<br \/>\n<\/strong> Ronald Brouwer: <strong>Gerardjan Rijnders: uma introdu\u00e7\u00e3o<\/strong><\/p>\n<p><strong>SOBRE DIM\u00cdTRIS DIMITRI\u00c1DIS<br \/>\n<\/strong>Dim\u00edtris Dimitri\u00e1dis entrevistado por D\u00edmitra Kondil\u00e1ki: <strong>O irrespeito pelos limites \u00e9 necess\u00e1rio<\/strong><strong><br \/>\n<\/strong> D\u00edmitra Kondil\u00e1ki: <strong>Dim\u00edtris Dimitri\u00e1dis ou o desejo do texto<br \/>\n<\/strong>Dim\u00edtris Dimitri\u00e1dis <strong><em>Obl\u00edvio<\/em><\/strong><\/p>\n","protected":false},"excerpt":{"rendered":"<p>10 ANOS A ANDAR POR A\u00cd Jorge Silva Melo: Em f\u00faria, pelo actor Conversa com Ant\u00f3nio Sim\u00e3o, Carla Bolito, Jo\u00e3o Pedro Vaz, Jos\u00e9 Airosa, Paulo Moura Lopes, Paulo Pinto, Pedro Carmo, Pedro Lacerda, Rita Dur\u00e3o, S\u00edlvia Filipe, Tiago Rodrigues, Victor de Oliveira VAL\u00c8RE NOVARINA Carta aos Actores Para Louis de Fun\u00e8s PROJECTO THIERRY SALMON Com [&hellip;]<\/p>\n","protected":false},"featured_media":169,"template":"","meta":[],"product_brand":[],"product_cat":[68,88],"product_tag":[],"class_list":{"0":"post-168","1":"product","2":"type-product","3":"status-publish","4":"has-post-thumbnail","6":"product_cat-destaque-revistas","7":"product_cat-revistas","9":"first","10":"instock","11":"taxable","12":"shipping-taxable","13":"purchasable","14":"product-type-simple"},"_links":{"self":[{"href":"https:\/\/artistasunidos.pt\/livrariaonline\/wp-json\/wp\/v2\/product\/168","targetHints":{"allow":["GET"]}}],"collection":[{"href":"https:\/\/artistasunidos.pt\/livrariaonline\/wp-json\/wp\/v2\/product"}],"about":[{"href":"https:\/\/artistasunidos.pt\/livrariaonline\/wp-json\/wp\/v2\/types\/product"}],"wp:featuredmedia":[{"embeddable":true,"href":"https:\/\/artistasunidos.pt\/livrariaonline\/wp-json\/wp\/v2\/media\/169"}],"wp:attachment":[{"href":"https:\/\/artistasunidos.pt\/livrariaonline\/wp-json\/wp\/v2\/media?parent=168"}],"wp:term":[{"taxonomy":"product_brand","embeddable":true,"href":"https:\/\/artistasunidos.pt\/livrariaonline\/wp-json\/wp\/v2\/product_brand?post=168"},{"taxonomy":"product_cat","embeddable":true,"href":"https:\/\/artistasunidos.pt\/livrariaonline\/wp-json\/wp\/v2\/product_cat?post=168"},{"taxonomy":"product_tag","embeddable":true,"href":"https:\/\/artistasunidos.pt\/livrariaonline\/wp-json\/wp\/v2\/product_tag?post=168"}],"curies":[{"name":"wp","href":"https:\/\/api.w.org\/{rel}","templated":true}]}}