{"id":170,"date":"2011-10-04T10:54:46","date_gmt":"2011-10-04T10:54:46","guid":{"rendered":"http:\/\/localhost\/testes\/produto\/n-20\/"},"modified":"2011-10-04T10:54:46","modified_gmt":"2011-10-04T10:54:46","slug":"n-20","status":"publish","type":"product","link":"https:\/\/artistasunidos.pt\/livrariaonline\/produto\/n-20\/","title":{"rendered":"Revista N\u00ba 20"},"content":{"rendered":"<p><strong>O QUE \u00c9 FEITO DA CR\u00cdTICA? Depoimentos, conversas<\/strong><br \/>\n1. MESA-REDONDA<br \/>\n<strong>A cr\u00edtica vista dos bastidores<\/strong><br \/>\nMesa-redonda Jo\u00e3o Carneiro, Miguel-Pedro Quadrio, Rita Martins, Rui Pina Coelho e Tiago Bartolomeu Costa<br \/>\n2. DEPOIMENTOS<br \/>\n<strong>O campo expandido da cr\u00edtica<\/strong><br \/>\nAlexandre Pomar<br \/>\n<strong>A situa\u00e7\u00e3o da cr\u00edtica liter\u00e1ria<\/strong><br \/>\nAnt\u00f3nio Guerreiro<\/p>\n<p><strong>O papel da cr\u00edtica, a cr\u00edtica em papel e uma despedida pessoal<\/strong><br \/>\nAugusto M. Seabra<br \/>\n<strong>Criticar<\/strong><br \/>\nLu\u00eds Miguel Oliveira<br \/>\n<strong>A cr\u00edtica hoje em dia<\/strong><br \/>\nManuel Gusm\u00e3o<br \/>\n<strong>M\u00fasicas contra m\u00fasicas: que \u00e9 da cr\u00edtica musical hoje?<\/strong><br \/>\nPedro Bol\u00e9o<br \/>\n3. UMA CONVERSA<br \/>\n<strong>Mas o teatro \u00e9 uma coisa que est\u00e1 ali, e isso merece ser pensado<\/strong><br \/>\nConversa com Maria Helena Ser\u00f4dio<\/p>\n<p><strong>ENDA WALSH, FINALMENTE<br \/>\nEu sou esta hist\u00f3ria, mais esta, mais esta<\/strong><br \/>\nConversa com Enda Walsh<br \/>\n<strong>Um impar\u00e1vel vaiv\u00e9m &#8211; de tempos e de s\u00edtios: sobre quatro pe\u00e7as de Enda Walsh<\/strong><a href=\"..\/artistas\/revista_20_umimparavel.htm\"><br \/>\n<\/a>Joana Fraz\u00e3o<\/p>\n<p><strong>JEAN-LUC LAGARCE, AINDA<br \/>\n<em>Hist\u00f3ria de Amor<\/em> (ensaios por escrito)<\/strong><br \/>\nJos\u00e9 Maria Vieira Mendes<br \/>\n<em><strong>Hist\u00f3ria de Amor:<\/strong><\/em><strong> o primeiro espect\u00e1culo<\/strong><br \/>\nJean-Pierre Thibaudat<br \/>\n<strong>Era uma frase que ele ouvia muitas vezes: \u201cisto n\u00e3o \u00e9 teatro\u201d<\/strong><br \/>\nConversa com Jean-Pierre Thibaudat, Fran\u00e7ois Berreur e Jean-Pierre Han<br \/>\n<strong>Da tradu\u00e7\u00e3o al\u00e9m do texto: a recep\u00e7\u00e3o de Lagarce em Portugal<\/strong><br \/>\nChristine Zurbach<br \/>\n<strong>O fen\u00f3meno de rumina\u00e7\u00e3o da linguagem em Jean-Luc Lagarce, Samuel Beckett e Harold Pinter<\/strong><br \/>\nDavid Bradby<br \/>\n<strong>Jean-Luc Lagarce, filosofia no centro do palco (o exemplo de Nous, les h\u00e9ros )<\/strong><br \/>\nBruno Tackels<\/p>\n<p><strong>MECENAS, MECENAS<br \/>\nPorque ao mesmo tempo deve haver um medo terr\u00edvel de pedir um texto original<\/strong><br \/>\nConversa com Jos\u00e9 Maria Vieira Mendes, Jacinto Lucas Pires e Miguel Castro Caldas<br \/>\n<em><strong>Duas p\u00e1ginas<\/strong><\/em><br \/>\nJos\u00e9 Maria Vieira Mendes<br \/>\n<em><strong>Levantar a Mesa<\/strong><\/em><br \/>\nMiguel Castro Caldas<br \/>\n<strong><em>O Suti\u00e3 de Jane Russell<\/em><\/strong><br \/>\nJacinto Lucas Pires<br \/>\n<strong><em>Viajar Talvez<\/em><\/strong><br \/>\nJudith Herzberg<\/p>\n","protected":false},"excerpt":{"rendered":"<p>O QUE \u00c9 FEITO DA CR\u00cdTICA? Depoimentos, conversas 1. MESA-REDONDA A cr\u00edtica vista dos bastidores Mesa-redonda Jo\u00e3o Carneiro, Miguel-Pedro Quadrio, Rita Martins, Rui Pina Coelho e Tiago Bartolomeu Costa 2. DEPOIMENTOS O campo expandido da cr\u00edtica Alexandre Pomar A situa\u00e7\u00e3o da cr\u00edtica liter\u00e1ria Ant\u00f3nio Guerreiro O papel da cr\u00edtica, a cr\u00edtica em papel e uma [&hellip;]<\/p>\n","protected":false},"featured_media":171,"template":"","meta":[],"product_brand":[],"product_cat":[68,88],"product_tag":[],"class_list":{"0":"post-170","1":"product","2":"type-product","3":"status-publish","4":"has-post-thumbnail","6":"product_cat-destaque-revistas","7":"product_cat-revistas","9":"first","10":"instock","11":"taxable","12":"shipping-taxable","13":"purchasable","14":"product-type-simple"},"_links":{"self":[{"href":"https:\/\/artistasunidos.pt\/livrariaonline\/wp-json\/wp\/v2\/product\/170","targetHints":{"allow":["GET"]}}],"collection":[{"href":"https:\/\/artistasunidos.pt\/livrariaonline\/wp-json\/wp\/v2\/product"}],"about":[{"href":"https:\/\/artistasunidos.pt\/livrariaonline\/wp-json\/wp\/v2\/types\/product"}],"wp:featuredmedia":[{"embeddable":true,"href":"https:\/\/artistasunidos.pt\/livrariaonline\/wp-json\/wp\/v2\/media\/171"}],"wp:attachment":[{"href":"https:\/\/artistasunidos.pt\/livrariaonline\/wp-json\/wp\/v2\/media?parent=170"}],"wp:term":[{"taxonomy":"product_brand","embeddable":true,"href":"https:\/\/artistasunidos.pt\/livrariaonline\/wp-json\/wp\/v2\/product_brand?post=170"},{"taxonomy":"product_cat","embeddable":true,"href":"https:\/\/artistasunidos.pt\/livrariaonline\/wp-json\/wp\/v2\/product_cat?post=170"},{"taxonomy":"product_tag","embeddable":true,"href":"https:\/\/artistasunidos.pt\/livrariaonline\/wp-json\/wp\/v2\/product_tag?post=170"}],"curies":[{"name":"wp","href":"https:\/\/api.w.org\/{rel}","templated":true}]}}