{"id":172,"date":"2011-10-04T10:57:54","date_gmt":"2011-10-04T10:57:54","guid":{"rendered":"http:\/\/localhost\/testes\/produto\/n-21-22-edicao-especial\/"},"modified":"2011-10-04T10:57:54","modified_gmt":"2011-10-04T10:57:54","slug":"n-21-22-edicao-especial","status":"publish","type":"product","link":"https:\/\/artistasunidos.pt\/livrariaonline\/produto\/n-21-22-edicao-especial\/","title":{"rendered":"Revista N\u00ba 21\/22"},"content":{"rendered":"<p>Jacques Le Ny: Uma comiss\u00e3o Labeleuropa<br \/>\nAs escolhas da comiss\u00e3o Labeleuropa: Doru Mare\u015f, Romana Maliti, D\u00edmitra Kondil\u00e1ki, Guillermo Heras, Genevi\u00e8ve Charpentier, Luca Scarlini<\/p>\n<p><strong>Textos:<\/strong><br \/>\nGianina C\u0103rbunariu, Kebab<br \/>\nZuza Ferenczov\u00e1, Anton Medowits, conversas de circunst\u00e2ncia<br \/>\nErofili Lekka, Aguenta a\u00ed!<br \/>\nAntonio Fern\u00e1ndez Lera, Chumbo Quente<br \/>\nDavid Lescot, Um Homem Falido<br \/>\nAnnibale Ruccello, As Cinco Rosas de Jennifer<\/p>\n","protected":false},"excerpt":{"rendered":"<p>Edi\u00e7\u00e3o Especial<\/p>\n","protected":false},"featured_media":173,"template":"","meta":[],"product_brand":[],"product_cat":[68,88],"product_tag":[],"class_list":{"0":"post-172","1":"product","2":"type-product","3":"status-publish","4":"has-post-thumbnail","6":"product_cat-destaque-revistas","7":"product_cat-revistas","9":"first","10":"instock","11":"taxable","12":"shipping-taxable","13":"purchasable","14":"product-type-simple"},"_links":{"self":[{"href":"https:\/\/artistasunidos.pt\/livrariaonline\/wp-json\/wp\/v2\/product\/172","targetHints":{"allow":["GET"]}}],"collection":[{"href":"https:\/\/artistasunidos.pt\/livrariaonline\/wp-json\/wp\/v2\/product"}],"about":[{"href":"https:\/\/artistasunidos.pt\/livrariaonline\/wp-json\/wp\/v2\/types\/product"}],"wp:featuredmedia":[{"embeddable":true,"href":"https:\/\/artistasunidos.pt\/livrariaonline\/wp-json\/wp\/v2\/media\/173"}],"wp:attachment":[{"href":"https:\/\/artistasunidos.pt\/livrariaonline\/wp-json\/wp\/v2\/media?parent=172"}],"wp:term":[{"taxonomy":"product_brand","embeddable":true,"href":"https:\/\/artistasunidos.pt\/livrariaonline\/wp-json\/wp\/v2\/product_brand?post=172"},{"taxonomy":"product_cat","embeddable":true,"href":"https:\/\/artistasunidos.pt\/livrariaonline\/wp-json\/wp\/v2\/product_cat?post=172"},{"taxonomy":"product_tag","embeddable":true,"href":"https:\/\/artistasunidos.pt\/livrariaonline\/wp-json\/wp\/v2\/product_tag?post=172"}],"curies":[{"name":"wp","href":"https:\/\/api.w.org\/{rel}","templated":true}]}}