{"id":176,"date":"2011-10-04T11:03:02","date_gmt":"2011-10-04T11:03:02","guid":{"rendered":"http:\/\/localhost\/testes\/produto\/n-24\/"},"modified":"2011-10-04T11:03:02","modified_gmt":"2011-10-04T11:03:02","slug":"n-24","status":"publish","type":"product","link":"https:\/\/artistasunidos.pt\/livrariaonline\/produto\/n-24\/","title":{"rendered":"Revista N\u00ba 24"},"content":{"rendered":"<p>Luigi Pirandello, Vida e obra (1867-1936)<br \/>\nCronologia<br \/>\nAs pe\u00e7as<\/p>\n<p><strong>Sobre Pirandello<\/strong><br \/>\nRoberto Alonge: <em>A Experi\u00eancia do Director<\/em><br \/>\nRoberto Alonge: <em>A Cena do Mundo<\/em><br \/>\nRenato Barilli: <em>A Trilogia do Teatro<\/em><br \/>\nRaymond Williams: <em>Luigi Pirandello<\/em><br \/>\nPaolo Puppa: <em>A Corros\u00e3o da Pe\u00e7a Burguesa &#8211; Pirandello<\/em><br \/>\nAndr\u00e9 Bouissy: <em>Esta Noite Improvisa-se<\/em><br \/>\nPaul Renucci: <em>Seis Personagens \u00e0 Procura de Autor<\/em><\/p>\n<p><strong>Pirandello em Portugal <\/strong><br \/>\nPirandello nos Palcos Portugueses<br \/>\nTradu\u00e7\u00f5es Portuguesas de Pirandello<br \/>\nPirandello &#8211; e a Censura em Portugal<\/p>\n<p><strong>Depoimentos<\/strong><br \/>\nJos\u00e9 R\u00e9gio: <em> Uma Pe\u00e7a de Pirandello<\/em><br \/>\nLu\u00eds Francisco Rebello: <em>Pirandello em Portugal<\/em><br \/>\nGino Saviotti: <em>Recorda\u00e7\u00e3o de Pirandello<\/em><br \/>\nLuis Miguel Cintra: <em>Pirandello em Portugal: Mem\u00f3rias<\/em><br \/>\nFernando Mora Ramos: <em>Estranhamento e Humorismo<\/em><br \/>\nIsabel Lopes: <em>Pirandello nas Caldas<\/em><\/p>\n<p><strong>Pirandello nos Artistas Unidos<\/strong><br \/>\nEsta Noite Improvisa-se<br \/>\nSeis Personagens \u00e0 Procura de Autor<\/p>\n<p><strong>Textos<\/strong><br \/>\nPref\u00e1cio a Seis Personagens \u00e0 Procura de um Autor<br \/>\nQuatro Novelas Que Deram Pe\u00e7as<br \/>\n<em>Leonora, Adeus!<\/em><br \/>\n<em> A Trag\u00e9dia de uma Personagem<\/em><br \/>\n<em> Visita<\/em><br \/>\n<em> A Luz da Outra Casa<\/em><br \/>\nTr\u00eas Pe\u00e7as em Um\u00a0 Acto<br \/>\n<em>Lim\u00f5es da Sic\u00edlia<\/em><br \/>\n<em> C\u00e9c\u00e9<\/em><br \/>\n<em> \u00c0 Sa\u00edda<\/em><\/p>\n","protected":false},"excerpt":{"rendered":"<p>Luigi Pirandello, Vida e obra (1867-1936) Cronologia As pe\u00e7as Sobre Pirandello Roberto Alonge: A Experi\u00eancia do Director Roberto Alonge: A Cena do Mundo Renato Barilli: A Trilogia do Teatro Raymond Williams: Luigi Pirandello Paolo Puppa: A Corros\u00e3o da Pe\u00e7a Burguesa &#8211; Pirandello Andr\u00e9 Bouissy: Esta Noite Improvisa-se Paul Renucci: Seis Personagens \u00e0 Procura de Autor [&hellip;]<\/p>\n","protected":false},"featured_media":177,"template":"","meta":[],"product_brand":[],"product_cat":[68,88],"product_tag":[],"class_list":{"0":"post-176","1":"product","2":"type-product","3":"status-publish","4":"has-post-thumbnail","6":"product_cat-destaque-revistas","7":"product_cat-revistas","9":"first","10":"instock","11":"taxable","12":"shipping-taxable","13":"purchasable","14":"product-type-simple"},"_links":{"self":[{"href":"https:\/\/artistasunidos.pt\/livrariaonline\/wp-json\/wp\/v2\/product\/176","targetHints":{"allow":["GET"]}}],"collection":[{"href":"https:\/\/artistasunidos.pt\/livrariaonline\/wp-json\/wp\/v2\/product"}],"about":[{"href":"https:\/\/artistasunidos.pt\/livrariaonline\/wp-json\/wp\/v2\/types\/product"}],"wp:featuredmedia":[{"embeddable":true,"href":"https:\/\/artistasunidos.pt\/livrariaonline\/wp-json\/wp\/v2\/media\/177"}],"wp:attachment":[{"href":"https:\/\/artistasunidos.pt\/livrariaonline\/wp-json\/wp\/v2\/media?parent=176"}],"wp:term":[{"taxonomy":"product_brand","embeddable":true,"href":"https:\/\/artistasunidos.pt\/livrariaonline\/wp-json\/wp\/v2\/product_brand?post=176"},{"taxonomy":"product_cat","embeddable":true,"href":"https:\/\/artistasunidos.pt\/livrariaonline\/wp-json\/wp\/v2\/product_cat?post=176"},{"taxonomy":"product_tag","embeddable":true,"href":"https:\/\/artistasunidos.pt\/livrariaonline\/wp-json\/wp\/v2\/product_tag?post=176"}],"curies":[{"name":"wp","href":"https:\/\/api.w.org\/{rel}","templated":true}]}}