{"id":178,"date":"2011-10-07T14:16:10","date_gmt":"2011-10-07T14:16:10","guid":{"rendered":"http:\/\/localhost\/testes\/produto\/seis-personagens-a-procura-de-autor-para-cada-um-sua-verdade-esta-noite-improvisa-se\/"},"modified":"2026-04-18T10:57:35","modified_gmt":"2026-04-18T10:57:35","slug":"seis-personagens-a-procura-de-autor-para-cada-um-sua-verdade-esta-noite-improvisa-se","status":"publish","type":"product","link":"https:\/\/artistasunidos.pt\/livrariaonline\/produto\/seis-personagens-a-procura-de-autor-para-cada-um-sua-verdade-esta-noite-improvisa-se\/","title":{"rendered":"SEIS PERSONAGENS \u00c0 PROCURA DE AUTOR \/ PARA CADA UM SUA VERDADE \/ ESTA NOITE IMPROVISA-SE"},"content":{"rendered":"<p>Livrinhos de Teatro n\u00ba 36<\/p>\n<p>Os Cl\u00e1ssicos Artistas Unidos \/ Livros Cotovia<\/p>\n<p>Tradu\u00e7\u00f5es M\u00e1rio Feliciano, Nat\u00e9rcia Freire e Maria da Gra\u00e7a Freire, Os\u00f3rio Mateus e Lu\u00eds Miguel Cintra<\/p>\n<p>E eis que surge uma fam\u00edlia em luto, com rostos esmaecidos e como que vindos de um sonho. S\u00e3o as Seis Personagens que procuram Autor e que tentam viver. Querem ser mergulhados num drama. S\u00e3o mais reais do que tu, encenador, trapalh\u00e3o imundo. S\u00e3o reais e provam-no\u2026\u201d Foi com esta declara\u00e7\u00e3o que Antonin Artaud saudou a estreia em 1923 em Paris na Com\u00e9die des Champs Elys\u00e9es deste texto que rompeu as quatro paredes falsas do teatro como, ao mesmo tempo, entre o Cais do Sodr\u00e9 e Campo de Ourique, Pessoa rompia a identidade da voz po\u00e9tica. Pirandello realiza um teatro vigoroso, de reflex\u00e3o e luta interior constante, caminha at\u00e9 \u00e0 ang\u00fas-tia do homem obscuro que se perdeu no mundo tremendo do seu ser, do homem comum que se senta na beira do caminho e se interroga numa tentativa desesperada de se compreender e de compreender o mundo que o rodeia.<\/p>\n<p>Rog\u00e9rio Paulo<\/p>\n","protected":false},"excerpt":{"rendered":"<p>de Luigi Pirandello<\/p>\n","protected":false},"featured_media":707,"template":"","meta":[],"product_brand":[],"product_cat":[77],"product_tag":[],"class_list":{"0":"post-178","1":"product","2":"type-product","3":"status-publish","4":"has-post-thumbnail","6":"product_cat-livrinhos-de-teatro","8":"first","9":"outofstock","10":"taxable","11":"shipping-taxable","12":"purchasable","13":"product-type-simple"},"_links":{"self":[{"href":"https:\/\/artistasunidos.pt\/livrariaonline\/wp-json\/wp\/v2\/product\/178","targetHints":{"allow":["GET"]}}],"collection":[{"href":"https:\/\/artistasunidos.pt\/livrariaonline\/wp-json\/wp\/v2\/product"}],"about":[{"href":"https:\/\/artistasunidos.pt\/livrariaonline\/wp-json\/wp\/v2\/types\/product"}],"wp:featuredmedia":[{"embeddable":true,"href":"https:\/\/artistasunidos.pt\/livrariaonline\/wp-json\/wp\/v2\/media\/707"}],"wp:attachment":[{"href":"https:\/\/artistasunidos.pt\/livrariaonline\/wp-json\/wp\/v2\/media?parent=178"}],"wp:term":[{"taxonomy":"product_brand","embeddable":true,"href":"https:\/\/artistasunidos.pt\/livrariaonline\/wp-json\/wp\/v2\/product_brand?post=178"},{"taxonomy":"product_cat","embeddable":true,"href":"https:\/\/artistasunidos.pt\/livrariaonline\/wp-json\/wp\/v2\/product_cat?post=178"},{"taxonomy":"product_tag","embeddable":true,"href":"https:\/\/artistasunidos.pt\/livrariaonline\/wp-json\/wp\/v2\/product_tag?post=178"}],"curies":[{"name":"wp","href":"https:\/\/api.w.org\/{rel}","templated":true}]}}