{"id":2004,"date":"2021-03-19T16:54:47","date_gmt":"2021-03-19T16:54:47","guid":{"rendered":"https:\/\/artistasunidos.pt\/livrariaonline\/?post_type=product&#038;p=2004"},"modified":"2026-04-20T20:20:21","modified_gmt":"2026-04-20T20:20:21","slug":"eu-uso-termotebe-e-o-meu-pai-tambem-e-outras-pecas","status":"publish","type":"product","link":"https:\/\/artistasunidos.pt\/livrariaonline\/produto\/eu-uso-termotebe-e-o-meu-pai-tambem-e-outras-pecas\/","title":{"rendered":"EU USO TERMOTEBE E O MEU PAI TAMB\u00c9M E OUTRAS PE\u00c7AS"},"content":{"rendered":"<p>Livrinhos de Teatro n\u00ba 146<\/p>\n<p>Uma edi\u00e7\u00e3o Artistas Unidos \/ Snob \/ Casa da Esquina<\/p>\n<p>Um percurso realmente singular dentro do actual teatro portugu\u00eas: teatro documental, as palavras dos vencidos, oper\u00e1rios, grevistas que Ricardo Correia trabalha depois de profundas investiga\u00e7\u00f5es.<\/p>\n<p>&nbsp;<\/p>\n<p>&nbsp;<\/p>\n","protected":false},"excerpt":{"rendered":"<p>de Ricardo Correia<\/p>\n","protected":false},"featured_media":2005,"template":"","meta":[],"product_brand":[],"product_cat":[77],"product_tag":[78],"class_list":{"0":"post-2004","1":"product","2":"type-product","3":"status-publish","4":"has-post-thumbnail","6":"product_cat-livrinhos-de-teatro","7":"product_tag-livrinhos-de-teatro","9":"first","10":"instock","11":"taxable","12":"shipping-taxable","13":"purchasable","14":"product-type-simple"},"_links":{"self":[{"href":"https:\/\/artistasunidos.pt\/livrariaonline\/wp-json\/wp\/v2\/product\/2004","targetHints":{"allow":["GET"]}}],"collection":[{"href":"https:\/\/artistasunidos.pt\/livrariaonline\/wp-json\/wp\/v2\/product"}],"about":[{"href":"https:\/\/artistasunidos.pt\/livrariaonline\/wp-json\/wp\/v2\/types\/product"}],"wp:featuredmedia":[{"embeddable":true,"href":"https:\/\/artistasunidos.pt\/livrariaonline\/wp-json\/wp\/v2\/media\/2005"}],"wp:attachment":[{"href":"https:\/\/artistasunidos.pt\/livrariaonline\/wp-json\/wp\/v2\/media?parent=2004"}],"wp:term":[{"taxonomy":"product_brand","embeddable":true,"href":"https:\/\/artistasunidos.pt\/livrariaonline\/wp-json\/wp\/v2\/product_brand?post=2004"},{"taxonomy":"product_cat","embeddable":true,"href":"https:\/\/artistasunidos.pt\/livrariaonline\/wp-json\/wp\/v2\/product_cat?post=2004"},{"taxonomy":"product_tag","embeddable":true,"href":"https:\/\/artistasunidos.pt\/livrariaonline\/wp-json\/wp\/v2\/product_tag?post=2004"}],"curies":[{"name":"wp","href":"https:\/\/api.w.org\/{rel}","templated":true}]}}