{"id":2058,"date":"2021-06-29T15:53:44","date_gmt":"2021-06-29T15:53:44","guid":{"rendered":"https:\/\/artistasunidos.pt\/livrariaonline\/?post_type=product&#038;p=2058"},"modified":"2026-04-20T20:20:34","modified_gmt":"2026-04-20T20:20:34","slug":"paixoneta-a-danca","status":"publish","type":"product","link":"https:\/\/artistasunidos.pt\/livrariaonline\/produto\/paixoneta-a-danca\/","title":{"rendered":"PAIXONETA \/ A DAN\u00c7A"},"content":{"rendered":"<p>Livrinhos de Teatro n\u00ba 150<\/p>\n<p>Uma edi\u00e7\u00e3o Artistas Unidos \/ Snob \/ com o apoio Bundeskanzleramt<\/p>\n<p>Na Viena dos principios do s\u00e9culo XX tudo se jogava: amor, almas, segredos, abandonos, paix\u00f5es, doen\u00e7as. E Arthur Schnitzler foi imaginando todo esse carrossel.<\/p>\n","protected":false},"excerpt":{"rendered":"<p>De Arthur Schnitzler<\/p>\n","protected":false},"featured_media":2059,"template":"","meta":[],"product_brand":[],"product_cat":[77],"product_tag":[78],"class_list":{"0":"post-2058","1":"product","2":"type-product","3":"status-publish","4":"has-post-thumbnail","6":"product_cat-livrinhos-de-teatro","7":"product_tag-livrinhos-de-teatro","9":"first","10":"instock","11":"taxable","12":"shipping-taxable","13":"purchasable","14":"product-type-simple"},"_links":{"self":[{"href":"https:\/\/artistasunidos.pt\/livrariaonline\/wp-json\/wp\/v2\/product\/2058","targetHints":{"allow":["GET"]}}],"collection":[{"href":"https:\/\/artistasunidos.pt\/livrariaonline\/wp-json\/wp\/v2\/product"}],"about":[{"href":"https:\/\/artistasunidos.pt\/livrariaonline\/wp-json\/wp\/v2\/types\/product"}],"wp:featuredmedia":[{"embeddable":true,"href":"https:\/\/artistasunidos.pt\/livrariaonline\/wp-json\/wp\/v2\/media\/2059"}],"wp:attachment":[{"href":"https:\/\/artistasunidos.pt\/livrariaonline\/wp-json\/wp\/v2\/media?parent=2058"}],"wp:term":[{"taxonomy":"product_brand","embeddable":true,"href":"https:\/\/artistasunidos.pt\/livrariaonline\/wp-json\/wp\/v2\/product_brand?post=2058"},{"taxonomy":"product_cat","embeddable":true,"href":"https:\/\/artistasunidos.pt\/livrariaonline\/wp-json\/wp\/v2\/product_cat?post=2058"},{"taxonomy":"product_tag","embeddable":true,"href":"https:\/\/artistasunidos.pt\/livrariaonline\/wp-json\/wp\/v2\/product_tag?post=2058"}],"curies":[{"name":"wp","href":"https:\/\/api.w.org\/{rel}","templated":true}]}}