{"id":2096,"date":"2021-09-24T17:26:29","date_gmt":"2021-09-24T17:26:29","guid":{"rendered":"https:\/\/artistasunidos.pt\/livrariaonline\/?post_type=product&#038;p=2096"},"modified":"2026-04-20T20:20:35","modified_gmt":"2026-04-20T20:20:35","slug":"retabulo-de-dom-cristovao-yerma","status":"publish","type":"product","link":"https:\/\/artistasunidos.pt\/livrariaonline\/produto\/retabulo-de-dom-cristovao-yerma\/","title":{"rendered":"RET\u00c1BULO DE DOM CRIST\u00d3V\u00c3O \/ YERMA"},"content":{"rendered":"<p>Livrinhos de Teatro n\u00ba 151<\/p>\n<p>Uma edi\u00e7\u00e3o Artistas Unidos \/ Snob \/ com o apoio <span lang=\"EN-US\">MILLENNIUM BCP<\/span><\/p>\n<p>E prosseguimos\u00a0com a publica\u00e7\u00e3o do teatro de Garc\u00eda Lorca: uma farsa para fantoches, uma trag\u00e9dia\u00a0rural.<\/p>\n<p>&nbsp;<\/p>\n<p>&nbsp;<\/p>\n","protected":false},"excerpt":{"rendered":"<p>de Federico Garc\u00eda Lorca<\/p>\n","protected":false},"featured_media":2097,"template":"","meta":[],"product_brand":[],"product_cat":[77],"product_tag":[78],"class_list":{"0":"post-2096","1":"product","2":"type-product","3":"status-publish","4":"has-post-thumbnail","6":"product_cat-livrinhos-de-teatro","7":"product_tag-livrinhos-de-teatro","9":"first","10":"instock","11":"taxable","12":"shipping-taxable","13":"purchasable","14":"product-type-simple"},"_links":{"self":[{"href":"https:\/\/artistasunidos.pt\/livrariaonline\/wp-json\/wp\/v2\/product\/2096","targetHints":{"allow":["GET"]}}],"collection":[{"href":"https:\/\/artistasunidos.pt\/livrariaonline\/wp-json\/wp\/v2\/product"}],"about":[{"href":"https:\/\/artistasunidos.pt\/livrariaonline\/wp-json\/wp\/v2\/types\/product"}],"wp:featuredmedia":[{"embeddable":true,"href":"https:\/\/artistasunidos.pt\/livrariaonline\/wp-json\/wp\/v2\/media\/2097"}],"wp:attachment":[{"href":"https:\/\/artistasunidos.pt\/livrariaonline\/wp-json\/wp\/v2\/media?parent=2096"}],"wp:term":[{"taxonomy":"product_brand","embeddable":true,"href":"https:\/\/artistasunidos.pt\/livrariaonline\/wp-json\/wp\/v2\/product_brand?post=2096"},{"taxonomy":"product_cat","embeddable":true,"href":"https:\/\/artistasunidos.pt\/livrariaonline\/wp-json\/wp\/v2\/product_cat?post=2096"},{"taxonomy":"product_tag","embeddable":true,"href":"https:\/\/artistasunidos.pt\/livrariaonline\/wp-json\/wp\/v2\/product_tag?post=2096"}],"curies":[{"name":"wp","href":"https:\/\/api.w.org\/{rel}","templated":true}]}}