{"id":211,"date":"2012-05-30T09:31:42","date_gmt":"2012-05-30T09:31:42","guid":{"rendered":"http:\/\/localhost\/testes\/produto\/a-grande-magia-a-arte-da-comedia-as-vozes-ca-de-dentro\/"},"modified":"2026-04-20T20:18:18","modified_gmt":"2026-04-20T20:18:18","slug":"a-grande-magia-a-arte-da-comedia-as-vozes-ca-de-dentro","status":"publish","type":"product","link":"https:\/\/artistasunidos.pt\/livrariaonline\/produto\/a-grande-magia-a-arte-da-comedia-as-vozes-ca-de-dentro\/","title":{"rendered":"A GRANDE MAGIA \/ A ARTE DA COM\u00c9DIA \/ AS VOZES C\u00c1 DE DENTRO"},"content":{"rendered":"<p>Livrinhos de Teatro n\u00ba 63<\/p>\n<p>Artistas Unidos \/ Livros Cotovia<\/p>\n<p>Tradu\u00e7\u00e3o de Jos\u00e9 Cola\u00e7o Barreiros<\/p>\n<p>Depois de termos publicado as pe\u00e7as napolitanas, eis as pe\u00e7as do teatro dentro do teatro: a grande poesia de De Filippo.<\/p>\n","protected":false},"excerpt":{"rendered":"<p>de Eduardo De Filippo<\/p>\n","protected":false},"featured_media":212,"template":"","meta":[],"product_brand":[],"product_cat":[77],"product_tag":[],"class_list":{"0":"post-211","1":"product","2":"type-product","3":"status-publish","4":"has-post-thumbnail","6":"product_cat-livrinhos-de-teatro","8":"first","9":"instock","10":"taxable","11":"shipping-taxable","12":"purchasable","13":"product-type-simple"},"_links":{"self":[{"href":"https:\/\/artistasunidos.pt\/livrariaonline\/wp-json\/wp\/v2\/product\/211","targetHints":{"allow":["GET"]}}],"collection":[{"href":"https:\/\/artistasunidos.pt\/livrariaonline\/wp-json\/wp\/v2\/product"}],"about":[{"href":"https:\/\/artistasunidos.pt\/livrariaonline\/wp-json\/wp\/v2\/types\/product"}],"wp:featuredmedia":[{"embeddable":true,"href":"https:\/\/artistasunidos.pt\/livrariaonline\/wp-json\/wp\/v2\/media\/212"}],"wp:attachment":[{"href":"https:\/\/artistasunidos.pt\/livrariaonline\/wp-json\/wp\/v2\/media?parent=211"}],"wp:term":[{"taxonomy":"product_brand","embeddable":true,"href":"https:\/\/artistasunidos.pt\/livrariaonline\/wp-json\/wp\/v2\/product_brand?post=211"},{"taxonomy":"product_cat","embeddable":true,"href":"https:\/\/artistasunidos.pt\/livrariaonline\/wp-json\/wp\/v2\/product_cat?post=211"},{"taxonomy":"product_tag","embeddable":true,"href":"https:\/\/artistasunidos.pt\/livrariaonline\/wp-json\/wp\/v2\/product_tag?post=211"}],"curies":[{"name":"wp","href":"https:\/\/api.w.org\/{rel}","templated":true}]}}