{"id":223,"date":"2013-01-25T13:49:23","date_gmt":"2013-01-25T13:49:23","guid":{"rendered":"http:\/\/localhost\/testes\/produto\/divinas-palavras\/"},"modified":"2026-04-20T20:18:23","modified_gmt":"2026-04-20T20:18:23","slug":"divinas-palavras","status":"publish","type":"product","link":"https:\/\/artistasunidos.pt\/livrariaonline\/produto\/divinas-palavras\/","title":{"rendered":"DIVINAS PALAVRAS"},"content":{"rendered":"<p>Livrinhos de Teatro n\u00ba 68<\/p>\n<p>A trag\u00e9dia rural (que mundo, esta Galiza de cemit\u00e9rios, adult\u00e9rios e adros de igreja, que mis\u00e9ria!) que revelou\u00a0 mundialmente o teatro \u00fanico do grande Valle-Incl\u00e1n, em nova tradu\u00e7\u00e3o. Um teatro que n\u00e3o parece ter sido poss\u00edvel.<\/p>\n","protected":false},"excerpt":{"rendered":"<p>de Valle-Incl\u00e1n<\/p>\n","protected":false},"featured_media":809,"template":"","meta":[],"product_brand":[],"product_cat":[77],"product_tag":[],"class_list":{"0":"post-223","1":"product","2":"type-product","3":"status-publish","4":"has-post-thumbnail","6":"product_cat-livrinhos-de-teatro","8":"first","9":"instock","10":"taxable","11":"shipping-taxable","12":"purchasable","13":"product-type-simple"},"_links":{"self":[{"href":"https:\/\/artistasunidos.pt\/livrariaonline\/wp-json\/wp\/v2\/product\/223","targetHints":{"allow":["GET"]}}],"collection":[{"href":"https:\/\/artistasunidos.pt\/livrariaonline\/wp-json\/wp\/v2\/product"}],"about":[{"href":"https:\/\/artistasunidos.pt\/livrariaonline\/wp-json\/wp\/v2\/types\/product"}],"wp:featuredmedia":[{"embeddable":true,"href":"https:\/\/artistasunidos.pt\/livrariaonline\/wp-json\/wp\/v2\/media\/809"}],"wp:attachment":[{"href":"https:\/\/artistasunidos.pt\/livrariaonline\/wp-json\/wp\/v2\/media?parent=223"}],"wp:term":[{"taxonomy":"product_brand","embeddable":true,"href":"https:\/\/artistasunidos.pt\/livrariaonline\/wp-json\/wp\/v2\/product_brand?post=223"},{"taxonomy":"product_cat","embeddable":true,"href":"https:\/\/artistasunidos.pt\/livrariaonline\/wp-json\/wp\/v2\/product_cat?post=223"},{"taxonomy":"product_tag","embeddable":true,"href":"https:\/\/artistasunidos.pt\/livrariaonline\/wp-json\/wp\/v2\/product_tag?post=223"}],"curies":[{"name":"wp","href":"https:\/\/api.w.org\/{rel}","templated":true}]}}