{"id":2256,"date":"2022-05-02T16:54:54","date_gmt":"2022-05-02T16:54:54","guid":{"rendered":"https:\/\/artistasunidos.pt\/livrariaonline\/?post_type=product&#038;p=2256"},"modified":"2026-04-20T20:20:40","modified_gmt":"2026-04-20T20:20:40","slug":"o-dia-do-juizo-para-ca-e-para-la","status":"publish","type":"product","link":"https:\/\/artistasunidos.pt\/livrariaonline\/produto\/o-dia-do-juizo-para-ca-e-para-la\/","title":{"rendered":"O DIA DO JU\u00cdZO \/ PARA C\u00c1 E PARA L\u00c1"},"content":{"rendered":"<p>Livrinhos de Teatro n\u00ba 155<\/p>\n<p>Uma edi\u00e7\u00e3o Artistas Unidos \/ Snob com o apoio Chancelaria Federal Austr\u00edaca e Programa Caixa Cultura<\/p>\n<p>Fronteiras, crimes, culpas, esquecimentos: a impiedosa an\u00e1lise de um dos maiores autores do s\u00e9culo\u00a0XX.<\/p>\n<p>&nbsp;<\/p>\n<p>&nbsp;<\/p>\n<p>&nbsp;<\/p>\n","protected":false},"excerpt":{"rendered":"<p>de \u00d6d\u00f6n von Horv\u00e1th<\/p>\n","protected":false},"featured_media":2259,"template":"","meta":[],"product_brand":[],"product_cat":[77],"product_tag":[78],"class_list":{"0":"post-2256","1":"product","2":"type-product","3":"status-publish","4":"has-post-thumbnail","6":"product_cat-livrinhos-de-teatro","7":"product_tag-livrinhos-de-teatro","9":"first","10":"instock","11":"taxable","12":"shipping-taxable","13":"purchasable","14":"product-type-simple"},"_links":{"self":[{"href":"https:\/\/artistasunidos.pt\/livrariaonline\/wp-json\/wp\/v2\/product\/2256","targetHints":{"allow":["GET"]}}],"collection":[{"href":"https:\/\/artistasunidos.pt\/livrariaonline\/wp-json\/wp\/v2\/product"}],"about":[{"href":"https:\/\/artistasunidos.pt\/livrariaonline\/wp-json\/wp\/v2\/types\/product"}],"wp:featuredmedia":[{"embeddable":true,"href":"https:\/\/artistasunidos.pt\/livrariaonline\/wp-json\/wp\/v2\/media\/2259"}],"wp:attachment":[{"href":"https:\/\/artistasunidos.pt\/livrariaonline\/wp-json\/wp\/v2\/media?parent=2256"}],"wp:term":[{"taxonomy":"product_brand","embeddable":true,"href":"https:\/\/artistasunidos.pt\/livrariaonline\/wp-json\/wp\/v2\/product_brand?post=2256"},{"taxonomy":"product_cat","embeddable":true,"href":"https:\/\/artistasunidos.pt\/livrariaonline\/wp-json\/wp\/v2\/product_cat?post=2256"},{"taxonomy":"product_tag","embeddable":true,"href":"https:\/\/artistasunidos.pt\/livrariaonline\/wp-json\/wp\/v2\/product_tag?post=2256"}],"curies":[{"name":"wp","href":"https:\/\/api.w.org\/{rel}","templated":true}]}}