{"id":233,"date":"2013-03-20T09:58:55","date_gmt":"2013-03-20T09:58:55","guid":{"rendered":"http:\/\/localhost\/testes\/produto\/tu-ve-la-giacomino-como-tu-me-queiras-nao-se-sabe-como\/"},"modified":"2026-04-20T20:18:27","modified_gmt":"2026-04-20T20:18:27","slug":"tu-ve-la-giacomino-como-tu-me-queiras-nao-se-sabe-como","status":"publish","type":"product","link":"https:\/\/artistasunidos.pt\/livrariaonline\/produto\/tu-ve-la-giacomino-como-tu-me-queiras-nao-se-sabe-como\/","title":{"rendered":"TU V\u00ca LA, GIACOMINO! \/ COMO TU ME QUEIRAS \/ N\u00c3O SE SABE COMO"},"content":{"rendered":"<p>Livrinhos de Teatro n\u00ba 71<\/p>\n<p>Artistas Unidos<\/p>\n<p>Tradu\u00e7\u00e3o de Costa Ferreira, Ana Bigotte Vieira e Clelia Bettini (com a colabora\u00e7\u00e3o de Miguel Castro Caldas), Jorge Silva Melo<\/p>\n<p>Mais um volume com tradu\u00e7\u00f5es de tr\u00eas textos muito singulares do mestre italiano: da sua obra-prima da\u00a0 maturidade COMO TU ME QUEIRAS \u00e0 estranha N\u00c3O SE SABE COMO e \u00e0 juvenil e premonit\u00f3ria (est\u00e1 l\u00e1 tudo o que desenvolve depois) TU V\u00ca L\u00c1, GIACOMINO.<\/p>\n","protected":false},"excerpt":{"rendered":"<p>de Luigi Pirandello<\/p>\n","protected":false},"featured_media":742,"template":"","meta":[],"product_brand":[],"product_cat":[77],"product_tag":[],"class_list":{"0":"post-233","1":"product","2":"type-product","3":"status-publish","4":"has-post-thumbnail","6":"product_cat-livrinhos-de-teatro","8":"first","9":"outofstock","10":"taxable","11":"shipping-taxable","12":"purchasable","13":"product-type-simple"},"_links":{"self":[{"href":"https:\/\/artistasunidos.pt\/livrariaonline\/wp-json\/wp\/v2\/product\/233","targetHints":{"allow":["GET"]}}],"collection":[{"href":"https:\/\/artistasunidos.pt\/livrariaonline\/wp-json\/wp\/v2\/product"}],"about":[{"href":"https:\/\/artistasunidos.pt\/livrariaonline\/wp-json\/wp\/v2\/types\/product"}],"wp:featuredmedia":[{"embeddable":true,"href":"https:\/\/artistasunidos.pt\/livrariaonline\/wp-json\/wp\/v2\/media\/742"}],"wp:attachment":[{"href":"https:\/\/artistasunidos.pt\/livrariaonline\/wp-json\/wp\/v2\/media?parent=233"}],"wp:term":[{"taxonomy":"product_brand","embeddable":true,"href":"https:\/\/artistasunidos.pt\/livrariaonline\/wp-json\/wp\/v2\/product_brand?post=233"},{"taxonomy":"product_cat","embeddable":true,"href":"https:\/\/artistasunidos.pt\/livrariaonline\/wp-json\/wp\/v2\/product_cat?post=233"},{"taxonomy":"product_tag","embeddable":true,"href":"https:\/\/artistasunidos.pt\/livrariaonline\/wp-json\/wp\/v2\/product_tag?post=233"}],"curies":[{"name":"wp","href":"https:\/\/api.w.org\/{rel}","templated":true}]}}