{"id":2376,"date":"2022-11-14T11:55:26","date_gmt":"2022-11-14T11:55:26","guid":{"rendered":"https:\/\/artistasunidos.pt\/livrariaonline\/?post_type=product&#038;p=2376"},"modified":"2026-04-20T20:20:57","modified_gmt":"2026-04-20T20:20:57","slug":"se-te-portares-bem-vamos-ao-mcdonalds","status":"publish","type":"product","link":"https:\/\/artistasunidos.pt\/livrariaonline\/produto\/se-te-portares-bem-vamos-ao-mcdonalds\/","title":{"rendered":"SE TE PORTARES BEM, VAMOS AO MCDONALD&#8217;S!"},"content":{"rendered":"<p>Livrinhos de Teatro n\u00ba 164<\/p>\n<p>Uma edi\u00e7\u00e3o Artistas Unidos\/ Livros Snob \/ Teatro do Bairro Alto<\/p>\n<p>Nova cria\u00e7\u00e3o de M\u00e1rio Coelho, que em 2021 recebeu o Pr\u00e9mio Revela\u00e7\u00e3o AGEAS\/ TNDMII.<\/p>\n<p>&nbsp;<\/p>\n<p>&nbsp;<\/p>\n<p>&nbsp;<\/p>\n<p>&nbsp;<\/p>\n<p>&nbsp;<\/p>\n<p>&nbsp;<\/p>\n","protected":false},"excerpt":{"rendered":"<p>de M\u00e1rio Coelho<\/p>\n","protected":false},"featured_media":2377,"template":"","meta":[],"product_brand":[],"product_cat":[77],"product_tag":[78],"class_list":{"0":"post-2376","1":"product","2":"type-product","3":"status-publish","4":"has-post-thumbnail","6":"product_cat-livrinhos-de-teatro","7":"product_tag-livrinhos-de-teatro","9":"first","10":"instock","11":"taxable","12":"shipping-taxable","13":"purchasable","14":"product-type-simple"},"_links":{"self":[{"href":"https:\/\/artistasunidos.pt\/livrariaonline\/wp-json\/wp\/v2\/product\/2376","targetHints":{"allow":["GET"]}}],"collection":[{"href":"https:\/\/artistasunidos.pt\/livrariaonline\/wp-json\/wp\/v2\/product"}],"about":[{"href":"https:\/\/artistasunidos.pt\/livrariaonline\/wp-json\/wp\/v2\/types\/product"}],"wp:featuredmedia":[{"embeddable":true,"href":"https:\/\/artistasunidos.pt\/livrariaonline\/wp-json\/wp\/v2\/media\/2377"}],"wp:attachment":[{"href":"https:\/\/artistasunidos.pt\/livrariaonline\/wp-json\/wp\/v2\/media?parent=2376"}],"wp:term":[{"taxonomy":"product_brand","embeddable":true,"href":"https:\/\/artistasunidos.pt\/livrariaonline\/wp-json\/wp\/v2\/product_brand?post=2376"},{"taxonomy":"product_cat","embeddable":true,"href":"https:\/\/artistasunidos.pt\/livrariaonline\/wp-json\/wp\/v2\/product_cat?post=2376"},{"taxonomy":"product_tag","embeddable":true,"href":"https:\/\/artistasunidos.pt\/livrariaonline\/wp-json\/wp\/v2\/product_tag?post=2376"}],"curies":[{"name":"wp","href":"https:\/\/api.w.org\/{rel}","templated":true}]}}