{"id":239,"date":"2013-05-28T14:21:39","date_gmt":"2013-05-28T14:21:39","guid":{"rendered":"http:\/\/localhost\/testes\/produto\/vortice-espirito-alegre\/"},"modified":"2026-04-20T20:18:40","modified_gmt":"2026-04-20T20:18:40","slug":"vortice-espirito-alegre","status":"publish","type":"product","link":"https:\/\/artistasunidos.pt\/livrariaonline\/produto\/vortice-espirito-alegre\/","title":{"rendered":"V\u00d3RTICE \/ ESP\u00cdRITO ALEGRE"},"content":{"rendered":"<p>Livrinhos de Teatro n\u00ba 74<\/p>\n<p>Artistas Unidos<\/p>\n<p>Tradu\u00e7\u00f5es: Pedro Marques a partir da vers\u00e3o de Jos\u00e9 Palla e Carmo e Jos\u00e9 Maria Vieira Mendes<\/p>\n<p>Irresist\u00edvel. Malicioso. Divertido. Inteligent\u00edssimo. Inactual. Querem s\u00f3 duas palavras? Noel coward. Ou numa? Genial.<\/p>\n","protected":false},"excerpt":{"rendered":"<p>de\u00a0No\u00ebl Coward<\/p>\n","protected":false},"featured_media":791,"template":"","meta":[],"product_brand":[],"product_cat":[77],"product_tag":[],"class_list":{"0":"post-239","1":"product","2":"type-product","3":"status-publish","4":"has-post-thumbnail","6":"product_cat-livrinhos-de-teatro","8":"first","9":"instock","10":"taxable","11":"shipping-taxable","12":"purchasable","13":"product-type-simple"},"_links":{"self":[{"href":"https:\/\/artistasunidos.pt\/livrariaonline\/wp-json\/wp\/v2\/product\/239","targetHints":{"allow":["GET"]}}],"collection":[{"href":"https:\/\/artistasunidos.pt\/livrariaonline\/wp-json\/wp\/v2\/product"}],"about":[{"href":"https:\/\/artistasunidos.pt\/livrariaonline\/wp-json\/wp\/v2\/types\/product"}],"wp:featuredmedia":[{"embeddable":true,"href":"https:\/\/artistasunidos.pt\/livrariaonline\/wp-json\/wp\/v2\/media\/791"}],"wp:attachment":[{"href":"https:\/\/artistasunidos.pt\/livrariaonline\/wp-json\/wp\/v2\/media?parent=239"}],"wp:term":[{"taxonomy":"product_brand","embeddable":true,"href":"https:\/\/artistasunidos.pt\/livrariaonline\/wp-json\/wp\/v2\/product_brand?post=239"},{"taxonomy":"product_cat","embeddable":true,"href":"https:\/\/artistasunidos.pt\/livrariaonline\/wp-json\/wp\/v2\/product_cat?post=239"},{"taxonomy":"product_tag","embeddable":true,"href":"https:\/\/artistasunidos.pt\/livrariaonline\/wp-json\/wp\/v2\/product_tag?post=239"}],"curies":[{"name":"wp","href":"https:\/\/api.w.org\/{rel}","templated":true}]}}