{"id":241,"date":"2013-07-04T12:16:07","date_gmt":"2013-07-04T12:16:07","guid":{"rendered":"http:\/\/localhost\/testes\/produto\/sala-vip\/"},"modified":"2026-04-20T20:18:42","modified_gmt":"2026-04-20T20:18:42","slug":"sala-vip","status":"publish","type":"product","link":"https:\/\/artistasunidos.pt\/livrariaonline\/produto\/sala-vip\/","title":{"rendered":"SALA VIP"},"content":{"rendered":"<p>Livrinhos de Teatro n\u00ba 76<\/p>\n<p>Artistas Unidos \/ Livros Cotovia<\/p>\n<p>Gente que espera, gente que j\u00e1 morreu? S\u00e3o quem? Personagens do mundo l\u00edrico, Leonoras, Huskymiller, Azucenas? Esperam &#8211; desesperam. J\u00e1 tudo acabou?<\/p>\n<p><strong>Huskymiller\/Dr. House<\/strong> <em>N\u00e3o funcionam os rins nem o ba\u00e7o \u2013 n\u00e3o funcionam os pulm\u00f5es.<\/em><\/p>\n<p><strong>Leonora<\/strong>\u00a0 <em>Respira\u00e7\u00e3o assistida?<\/em><\/p>\n<p><strong>A\u00e7ucena<\/strong> <em>E a vis\u00edcula, o ap\u00eandice?<\/em><\/p>\n<p><em>\u00a0\u00a0\u00a0\u00a0\u00a0\u00a0\u00a0\u00a0\u00a0\u00a0\u00a0\u00a0\u00a0\u00a0\u00a0 O est\u00f4mago, a laringe?<\/em><\/p>\n<p><em>\u00a0\u00a0\u00a0\u00a0\u00a0\u00a0\u00a0\u00a0\u00a0\u00a0\u00a0\u00a0\u00a0\u00a0\u00a0 O diafragma, os intestinos.<\/em><\/p>\n<p><strong>Leonora<\/strong>\u00a0 <em>Funciona alguma coisa?<\/em><\/p>\n<p><strong>Huskymiller\/Dr. House<\/strong> <em>Nem o c\u00e9rebro.<\/em><\/p>\n<p><em>\u00a0\u00a0\u00a0\u00a0\u00a0\u00a0\u00a0\u00a0\u00a0\u00a0\u00a0\u00a0\u00a0\u00a0\u00a0\u00a0\u00a0\u00a0\u00a0\u00a0\u00a0\u00a0\u00a0\u00a0\u00a0\u00a0\u00a0\u00a0\u00a0\u00a0\u00a0\u00a0\u00a0\u00a0\u00a0\u00a0\u00a0\u00a0 N\u00e3o responde.<\/em><\/p>\n<p><strong>Karsenty Jr,<\/strong>. <em>N\u00e3o funciona o cora\u00e7\u00e3o?<\/em><br \/>\n<strong>Huskymiller\/Dr. House<\/strong> <em>N\u00e3o.<\/em><\/p>\n<p>Jorge Silva Melo, Sala VIP<\/p>\n","protected":false},"excerpt":{"rendered":"<p>de Jorge Silva Melo<\/p>\n","protected":false},"featured_media":762,"template":"","meta":[],"product_brand":[],"product_cat":[77],"product_tag":[],"class_list":{"0":"post-241","1":"product","2":"type-product","3":"status-publish","4":"has-post-thumbnail","6":"product_cat-livrinhos-de-teatro","8":"first","9":"outofstock","10":"taxable","11":"shipping-taxable","12":"purchasable","13":"product-type-simple"},"_links":{"self":[{"href":"https:\/\/artistasunidos.pt\/livrariaonline\/wp-json\/wp\/v2\/product\/241","targetHints":{"allow":["GET"]}}],"collection":[{"href":"https:\/\/artistasunidos.pt\/livrariaonline\/wp-json\/wp\/v2\/product"}],"about":[{"href":"https:\/\/artistasunidos.pt\/livrariaonline\/wp-json\/wp\/v2\/types\/product"}],"wp:featuredmedia":[{"embeddable":true,"href":"https:\/\/artistasunidos.pt\/livrariaonline\/wp-json\/wp\/v2\/media\/762"}],"wp:attachment":[{"href":"https:\/\/artistasunidos.pt\/livrariaonline\/wp-json\/wp\/v2\/media?parent=241"}],"wp:term":[{"taxonomy":"product_brand","embeddable":true,"href":"https:\/\/artistasunidos.pt\/livrariaonline\/wp-json\/wp\/v2\/product_brand?post=241"},{"taxonomy":"product_cat","embeddable":true,"href":"https:\/\/artistasunidos.pt\/livrariaonline\/wp-json\/wp\/v2\/product_cat?post=241"},{"taxonomy":"product_tag","embeddable":true,"href":"https:\/\/artistasunidos.pt\/livrariaonline\/wp-json\/wp\/v2\/product_tag?post=241"}],"curies":[{"name":"wp","href":"https:\/\/api.w.org\/{rel}","templated":true}]}}