{"id":243,"date":"2013-07-04T12:18:29","date_gmt":"2013-07-04T12:18:29","guid":{"rendered":"http:\/\/localhost\/testes\/produto\/delirio-senhoromem\/"},"modified":"2026-04-20T20:18:41","modified_gmt":"2026-04-20T20:18:41","slug":"delirio-senhoromem","status":"publish","type":"product","link":"https:\/\/artistasunidos.pt\/livrariaonline\/produto\/delirio-senhoromem\/","title":{"rendered":"DEL\u00cdRIO \/ SENHOROMEM"},"content":{"rendered":"<p>Livrinhos de Teatro n\u00ba 75<\/p>\n<p>Artistas Unidos \/ Livros Cotovia<\/p>\n<p>Tradu\u00e7\u00e3o de Nuno Ventura Barbosa<\/p>\n<p><strong>Del\u00edrio<\/strong><br \/>\nPe\u00e7a hilariante, brutal e tr\u00e1gica, uma radical interpreta\u00e7\u00e3o de <em>Os Irm\u00e3os Karamazov<\/em>.<\/p>\n<p><strong>Senhoromem<\/strong><br \/>\nPerformance para um s\u00f3 actor que assenta na sugest\u00e3o constante de viol\u00eancia iminente e fala sobre a ruptura f\u00edsica e mental.<\/p>\n","protected":false},"excerpt":{"rendered":"<p>de Enda Walsh<\/p>\n","protected":false},"featured_media":244,"template":"","meta":[],"product_brand":[],"product_cat":[77],"product_tag":[],"class_list":{"0":"post-243","1":"product","2":"type-product","3":"status-publish","4":"has-post-thumbnail","6":"product_cat-livrinhos-de-teatro","8":"first","9":"outofstock","10":"taxable","11":"shipping-taxable","12":"purchasable","13":"product-type-simple"},"_links":{"self":[{"href":"https:\/\/artistasunidos.pt\/livrariaonline\/wp-json\/wp\/v2\/product\/243","targetHints":{"allow":["GET"]}}],"collection":[{"href":"https:\/\/artistasunidos.pt\/livrariaonline\/wp-json\/wp\/v2\/product"}],"about":[{"href":"https:\/\/artistasunidos.pt\/livrariaonline\/wp-json\/wp\/v2\/types\/product"}],"wp:featuredmedia":[{"embeddable":true,"href":"https:\/\/artistasunidos.pt\/livrariaonline\/wp-json\/wp\/v2\/media\/244"}],"wp:attachment":[{"href":"https:\/\/artistasunidos.pt\/livrariaonline\/wp-json\/wp\/v2\/media?parent=243"}],"wp:term":[{"taxonomy":"product_brand","embeddable":true,"href":"https:\/\/artistasunidos.pt\/livrariaonline\/wp-json\/wp\/v2\/product_brand?post=243"},{"taxonomy":"product_cat","embeddable":true,"href":"https:\/\/artistasunidos.pt\/livrariaonline\/wp-json\/wp\/v2\/product_cat?post=243"},{"taxonomy":"product_tag","embeddable":true,"href":"https:\/\/artistasunidos.pt\/livrariaonline\/wp-json\/wp\/v2\/product_tag?post=243"}],"curies":[{"name":"wp","href":"https:\/\/api.w.org\/{rel}","templated":true}]}}