{"id":249,"date":"2014-01-15T14:08:04","date_gmt":"2014-01-15T14:08:04","guid":{"rendered":"http:\/\/localhost\/testes\/produto\/a-inapetencia-a-extravagancia-a-modestia\/"},"modified":"2026-04-20T20:18:44","modified_gmt":"2026-04-20T20:18:44","slug":"a-inapetencia-a-extravagancia-a-modestia","status":"publish","type":"product","link":"https:\/\/artistasunidos.pt\/livrariaonline\/produto\/a-inapetencia-a-extravagancia-a-modestia\/","title":{"rendered":"A INAPET\u00caNCIA \/ A EXTRAVAG\u00c2NCIA \/ A MOD\u00c9STIA"},"content":{"rendered":"<p>Livrinhos de Teatro n\u00ba 78<\/p>\n<p>Artistas Unidos \/ Livros Cotovia<\/p>\n<p>Tradu\u00e7\u00e3o de Alexandra Moreira da Silva e Guillermo Heras<\/p>\n<p><strong>Apoios<\/strong><br \/>\nObra editada en el marco del Programa &#8220;Sur&#8221; de Apoyo a las Traducciones del Ministerio de Relaciones Exteriores y Culto de la Rep\u00fablica Argentina<br \/>\nTradu\u00e7\u00f5es publicadas no \u00e2mbito do Programa &#8220;Sur&#8221; de Apoio a Tradu\u00e7\u00f5es do Minist\u00e9rio dos Neg\u00f3cios Estrangeiros da Rep\u00fablica da Argentina.<br \/>\nFunda\u00e7\u00e3o Calouste Gulbenkian<\/p>\n<p>As tr\u00eas primeiras pe\u00e7as de um ciclo inspirado nos 7 PECADOS MORTAIS de Jer\u00f3nimo Bosch: burlesco, tr\u00e1gico, c\u00f3mico, dram\u00e1tico, grotesto, o teatro supreendente vindo da Crise na Argentina. E um autor maior: Rafael Spregelburd.<\/p>\n","protected":false},"excerpt":{"rendered":"<p>de Rafael Spregelburd<\/p>\n","protected":false},"featured_media":789,"template":"","meta":[],"product_brand":[],"product_cat":[77],"product_tag":[],"class_list":{"0":"post-249","1":"product","2":"type-product","3":"status-publish","4":"has-post-thumbnail","6":"product_cat-livrinhos-de-teatro","8":"first","9":"outofstock","10":"taxable","11":"shipping-taxable","12":"purchasable","13":"product-type-simple"},"_links":{"self":[{"href":"https:\/\/artistasunidos.pt\/livrariaonline\/wp-json\/wp\/v2\/product\/249","targetHints":{"allow":["GET"]}}],"collection":[{"href":"https:\/\/artistasunidos.pt\/livrariaonline\/wp-json\/wp\/v2\/product"}],"about":[{"href":"https:\/\/artistasunidos.pt\/livrariaonline\/wp-json\/wp\/v2\/types\/product"}],"wp:featuredmedia":[{"embeddable":true,"href":"https:\/\/artistasunidos.pt\/livrariaonline\/wp-json\/wp\/v2\/media\/789"}],"wp:attachment":[{"href":"https:\/\/artistasunidos.pt\/livrariaonline\/wp-json\/wp\/v2\/media?parent=249"}],"wp:term":[{"taxonomy":"product_brand","embeddable":true,"href":"https:\/\/artistasunidos.pt\/livrariaonline\/wp-json\/wp\/v2\/product_brand?post=249"},{"taxonomy":"product_cat","embeddable":true,"href":"https:\/\/artistasunidos.pt\/livrariaonline\/wp-json\/wp\/v2\/product_cat?post=249"},{"taxonomy":"product_tag","embeddable":true,"href":"https:\/\/artistasunidos.pt\/livrariaonline\/wp-json\/wp\/v2\/product_tag?post=249"}],"curies":[{"name":"wp","href":"https:\/\/api.w.org\/{rel}","templated":true}]}}