{"id":251,"date":"2014-04-30T10:20:06","date_gmt":"2014-04-30T10:20:06","guid":{"rendered":"http:\/\/localhost\/testes\/produto\/alta-austia-e-outras-pecas\/"},"modified":"2026-04-20T20:18:45","modified_gmt":"2026-04-20T20:18:45","slug":"alta-austia-e-outras-pecas","status":"publish","type":"product","link":"https:\/\/artistasunidos.pt\/livrariaonline\/produto\/alta-austia-e-outras-pecas\/","title":{"rendered":"ALTA \u00c1USTRIA E OUTRAS PE\u00c7AS"},"content":{"rendered":"<p>Livrinhos de Teatro n\u00ba 79<\/p>\n<p>Artistas Unidos\/ Confedera\u00e7\u00e3o\/ Livros Cotovia<\/p>\n<p>Tradu\u00e7\u00e3o de Maria Ad\u00e9lia Silva Melo e Jaime Salazar Sampaio<\/p>\n<p>Edi\u00e7\u00e3o apoiada pela Funda\u00e7\u00e3o Calouste Gulbenkian e pelo Goethe Institut<\/p>\n<p>Chamou-se &#8220;teatro do quotidiano&#8221; a este teatro\u00a0 onde se d\u00e1 a palavra a oper\u00e1rios e pequenos burgeses da Alemanha do milagre econ\u00f3mico a contas com a vida e com a morte. Quatro pe\u00e7as de Franz Xaver Kroetz estreadas em Portugal nos anos 70 pelo Teatro da Cornuc\u00f3pia.<\/p>\n","protected":false},"excerpt":{"rendered":"<p>de Franz Xaver Kroetz<\/p>\n","protected":false},"featured_media":252,"template":"","meta":[],"product_brand":[],"product_cat":[77],"product_tag":[],"class_list":{"0":"post-251","1":"product","2":"type-product","3":"status-publish","4":"has-post-thumbnail","6":"product_cat-livrinhos-de-teatro","8":"first","9":"instock","10":"taxable","11":"shipping-taxable","12":"purchasable","13":"product-type-simple"},"_links":{"self":[{"href":"https:\/\/artistasunidos.pt\/livrariaonline\/wp-json\/wp\/v2\/product\/251","targetHints":{"allow":["GET"]}}],"collection":[{"href":"https:\/\/artistasunidos.pt\/livrariaonline\/wp-json\/wp\/v2\/product"}],"about":[{"href":"https:\/\/artistasunidos.pt\/livrariaonline\/wp-json\/wp\/v2\/types\/product"}],"wp:featuredmedia":[{"embeddable":true,"href":"https:\/\/artistasunidos.pt\/livrariaonline\/wp-json\/wp\/v2\/media\/252"}],"wp:attachment":[{"href":"https:\/\/artistasunidos.pt\/livrariaonline\/wp-json\/wp\/v2\/media?parent=251"}],"wp:term":[{"taxonomy":"product_brand","embeddable":true,"href":"https:\/\/artistasunidos.pt\/livrariaonline\/wp-json\/wp\/v2\/product_brand?post=251"},{"taxonomy":"product_cat","embeddable":true,"href":"https:\/\/artistasunidos.pt\/livrariaonline\/wp-json\/wp\/v2\/product_cat?post=251"},{"taxonomy":"product_tag","embeddable":true,"href":"https:\/\/artistasunidos.pt\/livrariaonline\/wp-json\/wp\/v2\/product_tag?post=251"}],"curies":[{"name":"wp","href":"https:\/\/api.w.org\/{rel}","templated":true}]}}