{"id":253,"date":"2014-08-25T10:38:22","date_gmt":"2014-08-25T10:38:22","guid":{"rendered":"http:\/\/localhost\/testes\/produto\/mary-poppins-a-mulher-que-salvou-o-mundo-e-outras-pecas\/"},"modified":"2026-04-20T20:18:45","modified_gmt":"2026-04-20T20:18:45","slug":"mary-poppins-a-mulher-que-salvou-o-mundo-e-outras-pecas","status":"publish","type":"product","link":"https:\/\/artistasunidos.pt\/livrariaonline\/produto\/mary-poppins-a-mulher-que-salvou-o-mundo-e-outras-pecas\/","title":{"rendered":"MARY POPPINS, A MULHER QUE SALVOU O MUNDO E OUTRAS PE\u00c7AS"},"content":{"rendered":"<p>Livrinhos de Teatro n\u00ba 80<\/p>\n<p>Artistas Unidos\/ Teatro do El\u00e9ctrico\/ C\u00e2mara Municipal de Loul\u00e9\/ Livros Cotovia<\/p>\n<p>&#8220;Surpreendente, enigm\u00e1tico, divertido, ligeiro, profundo, anal\u00edtico, rigoroso, disfar\u00e7ado de ing\u00e9nuo, escudando-se na lengalenga infantil, no imagin\u00e1rio pop, Ricardo Neves-Neves tem vindo a construir, como autor e como encenador, os espect\u00e1culos mais soltos, mais livres, mais desamparados que tenho visto por c\u00e1.<br \/>\nJorge Silva Melo<\/p>\n","protected":false},"excerpt":{"rendered":"<p>de Ricardo Neves-Neves<\/p>\n","protected":false},"featured_media":254,"template":"","meta":[],"product_brand":[],"product_cat":[77],"product_tag":[],"class_list":{"0":"post-253","1":"product","2":"type-product","3":"status-publish","4":"has-post-thumbnail","6":"product_cat-livrinhos-de-teatro","8":"first","9":"outofstock","10":"taxable","11":"shipping-taxable","12":"purchasable","13":"product-type-simple"},"_links":{"self":[{"href":"https:\/\/artistasunidos.pt\/livrariaonline\/wp-json\/wp\/v2\/product\/253","targetHints":{"allow":["GET"]}}],"collection":[{"href":"https:\/\/artistasunidos.pt\/livrariaonline\/wp-json\/wp\/v2\/product"}],"about":[{"href":"https:\/\/artistasunidos.pt\/livrariaonline\/wp-json\/wp\/v2\/types\/product"}],"wp:featuredmedia":[{"embeddable":true,"href":"https:\/\/artistasunidos.pt\/livrariaonline\/wp-json\/wp\/v2\/media\/254"}],"wp:attachment":[{"href":"https:\/\/artistasunidos.pt\/livrariaonline\/wp-json\/wp\/v2\/media?parent=253"}],"wp:term":[{"taxonomy":"product_brand","embeddable":true,"href":"https:\/\/artistasunidos.pt\/livrariaonline\/wp-json\/wp\/v2\/product_brand?post=253"},{"taxonomy":"product_cat","embeddable":true,"href":"https:\/\/artistasunidos.pt\/livrariaonline\/wp-json\/wp\/v2\/product_cat?post=253"},{"taxonomy":"product_tag","embeddable":true,"href":"https:\/\/artistasunidos.pt\/livrariaonline\/wp-json\/wp\/v2\/product_tag?post=253"}],"curies":[{"name":"wp","href":"https:\/\/api.w.org\/{rel}","templated":true}]}}