{"id":257,"date":"2014-10-13T15:17:14","date_gmt":"2014-10-13T15:17:14","guid":{"rendered":"http:\/\/localhost\/testes\/produto\/jogadores-sorriso-de-elefante\/"},"modified":"2026-04-20T20:18:48","modified_gmt":"2026-04-20T20:18:48","slug":"jogadores-sorriso-de-elefante","status":"publish","type":"product","link":"https:\/\/artistasunidos.pt\/livrariaonline\/produto\/jogadores-sorriso-de-elefante\/","title":{"rendered":"JOGADORES\/SORRISO DE ELEFANTE"},"content":{"rendered":"<p>Livrinhos de Teatro n\u00ba 83<\/p>\n<p>Artistas Unidos \/ Livros Cotovia<br \/>\nCom apoio \u00e0s tradu\u00e7\u00f5es do Institut Ramon Llull<\/p>\n<p>As mais recentes pe\u00e7as de um dos mais originais autores europeus, um caso raro de persist\u00eancia e intensidade. Um teatro mesmo dos dias de hoje vindo de uma cidade n\u00e3o muito distante de Lisboa, a misteriosa, s\u00f3rdida, grandiosa Barcelona.<\/p>\n","protected":false},"excerpt":{"rendered":"<p>de Pau Mir\u00f3<\/p>\n","protected":false},"featured_media":778,"template":"","meta":[],"product_brand":[],"product_cat":[77],"product_tag":[],"class_list":{"0":"post-257","1":"product","2":"type-product","3":"status-publish","4":"has-post-thumbnail","6":"product_cat-livrinhos-de-teatro","8":"first","9":"instock","10":"taxable","11":"shipping-taxable","12":"purchasable","13":"product-type-simple"},"_links":{"self":[{"href":"https:\/\/artistasunidos.pt\/livrariaonline\/wp-json\/wp\/v2\/product\/257","targetHints":{"allow":["GET"]}}],"collection":[{"href":"https:\/\/artistasunidos.pt\/livrariaonline\/wp-json\/wp\/v2\/product"}],"about":[{"href":"https:\/\/artistasunidos.pt\/livrariaonline\/wp-json\/wp\/v2\/types\/product"}],"wp:featuredmedia":[{"embeddable":true,"href":"https:\/\/artistasunidos.pt\/livrariaonline\/wp-json\/wp\/v2\/media\/778"}],"wp:attachment":[{"href":"https:\/\/artistasunidos.pt\/livrariaonline\/wp-json\/wp\/v2\/media?parent=257"}],"wp:term":[{"taxonomy":"product_brand","embeddable":true,"href":"https:\/\/artistasunidos.pt\/livrariaonline\/wp-json\/wp\/v2\/product_brand?post=257"},{"taxonomy":"product_cat","embeddable":true,"href":"https:\/\/artistasunidos.pt\/livrariaonline\/wp-json\/wp\/v2\/product_cat?post=257"},{"taxonomy":"product_tag","embeddable":true,"href":"https:\/\/artistasunidos.pt\/livrariaonline\/wp-json\/wp\/v2\/product_tag?post=257"}],"curies":[{"name":"wp","href":"https:\/\/api.w.org\/{rel}","templated":true}]}}