{"id":271,"date":"2015-09-23T09:11:05","date_gmt":"2015-09-23T09:11:05","guid":{"rendered":"http:\/\/localhost\/testes\/produto\/no-bar-de-um-hotel-de-toquio-e-outras-pecas\/"},"modified":"2026-04-20T20:18:52","modified_gmt":"2026-04-20T20:18:52","slug":"no-bar-de-um-hotel-de-toquio-e-outras-pecas","status":"publish","type":"product","link":"https:\/\/artistasunidos.pt\/livrariaonline\/produto\/no-bar-de-um-hotel-de-toquio-e-outras-pecas\/","title":{"rendered":"NO BAR DE UM HOTEL DE T\u00d3QUIO e Outras Pe\u00e7as"},"content":{"rendered":"<p>Livrinhos de Teatro n\u00ba 88<\/p>\n<p>Uma edi\u00e7\u00e3o Artistas Unidos\/ Livros Cotovia com o apoio da FLAD<\/p>\n<p>Pe\u00e7as curtas, pe\u00e7as longas: para alguns est\u00e3o aqui os esbo\u00e7os de obras maiores de um dos mais conhecidos (e afinal secretos) autores do s\u00e9culo XX.<\/p>\n","protected":false},"excerpt":{"rendered":"<p>de Tennessee Williams<\/p>\n","protected":false},"featured_media":272,"template":"","meta":[],"product_brand":[],"product_cat":[77],"product_tag":[],"class_list":{"0":"post-271","1":"product","2":"type-product","3":"status-publish","4":"has-post-thumbnail","6":"product_cat-livrinhos-de-teatro","8":"first","9":"outofstock","10":"taxable","11":"shipping-taxable","12":"purchasable","13":"product-type-simple"},"_links":{"self":[{"href":"https:\/\/artistasunidos.pt\/livrariaonline\/wp-json\/wp\/v2\/product\/271","targetHints":{"allow":["GET"]}}],"collection":[{"href":"https:\/\/artistasunidos.pt\/livrariaonline\/wp-json\/wp\/v2\/product"}],"about":[{"href":"https:\/\/artistasunidos.pt\/livrariaonline\/wp-json\/wp\/v2\/types\/product"}],"wp:featuredmedia":[{"embeddable":true,"href":"https:\/\/artistasunidos.pt\/livrariaonline\/wp-json\/wp\/v2\/media\/272"}],"wp:attachment":[{"href":"https:\/\/artistasunidos.pt\/livrariaonline\/wp-json\/wp\/v2\/media?parent=271"}],"wp:term":[{"taxonomy":"product_brand","embeddable":true,"href":"https:\/\/artistasunidos.pt\/livrariaonline\/wp-json\/wp\/v2\/product_brand?post=271"},{"taxonomy":"product_cat","embeddable":true,"href":"https:\/\/artistasunidos.pt\/livrariaonline\/wp-json\/wp\/v2\/product_cat?post=271"},{"taxonomy":"product_tag","embeddable":true,"href":"https:\/\/artistasunidos.pt\/livrariaonline\/wp-json\/wp\/v2\/product_tag?post=271"}],"curies":[{"name":"wp","href":"https:\/\/api.w.org\/{rel}","templated":true}]}}