{"id":273,"date":"2015-09-23T09:15:32","date_gmt":"2015-09-23T09:15:32","guid":{"rendered":"http:\/\/localhost\/testes\/produto\/casimiro-e-carolina-historias-do-bosque-de-viena\/"},"modified":"2026-04-20T20:19:01","modified_gmt":"2026-04-20T20:19:01","slug":"casimiro-e-carolina-historias-do-bosque-de-viena","status":"publish","type":"product","link":"https:\/\/artistasunidos.pt\/livrariaonline\/produto\/casimiro-e-carolina-historias-do-bosque-de-viena\/","title":{"rendered":"CASIMIRO E CAROLINA \/ HIST\u00d3RIAS DO BOSQUE DE VIENA"},"content":{"rendered":"<p>Livrinhos de Teatro n\u00ba 89<\/p>\n<p>Uma edi\u00e7\u00e3o Artistas Unidos\/ Livros Cotovia<\/p>\n<p>Duas com\u00e9dias populares de um autor que tentou ouvir a fala das pequenas gentes. Duas obras primas.<\/p>\n","protected":false},"excerpt":{"rendered":"<p>de \u00d6d\u00f6n von Horv\u00e1th<\/p>\n","protected":false},"featured_media":3446,"template":"","meta":[],"product_brand":[],"product_cat":[77],"product_tag":[],"class_list":{"0":"post-273","1":"product","2":"type-product","3":"status-publish","4":"has-post-thumbnail","6":"product_cat-livrinhos-de-teatro","8":"first","9":"instock","10":"taxable","11":"shipping-taxable","12":"purchasable","13":"product-type-simple"},"_links":{"self":[{"href":"https:\/\/artistasunidos.pt\/livrariaonline\/wp-json\/wp\/v2\/product\/273","targetHints":{"allow":["GET"]}}],"collection":[{"href":"https:\/\/artistasunidos.pt\/livrariaonline\/wp-json\/wp\/v2\/product"}],"about":[{"href":"https:\/\/artistasunidos.pt\/livrariaonline\/wp-json\/wp\/v2\/types\/product"}],"wp:featuredmedia":[{"embeddable":true,"href":"https:\/\/artistasunidos.pt\/livrariaonline\/wp-json\/wp\/v2\/media\/3446"}],"wp:attachment":[{"href":"https:\/\/artistasunidos.pt\/livrariaonline\/wp-json\/wp\/v2\/media?parent=273"}],"wp:term":[{"taxonomy":"product_brand","embeddable":true,"href":"https:\/\/artistasunidos.pt\/livrariaonline\/wp-json\/wp\/v2\/product_brand?post=273"},{"taxonomy":"product_cat","embeddable":true,"href":"https:\/\/artistasunidos.pt\/livrariaonline\/wp-json\/wp\/v2\/product_cat?post=273"},{"taxonomy":"product_tag","embeddable":true,"href":"https:\/\/artistasunidos.pt\/livrariaonline\/wp-json\/wp\/v2\/product_tag?post=273"}],"curies":[{"name":"wp","href":"https:\/\/api.w.org\/{rel}","templated":true}]}}