{"id":283,"date":"2016-01-27T16:14:02","date_gmt":"2016-01-27T16:14:02","guid":{"rendered":"http:\/\/localhost\/testes\/produto\/final-do-amor\/"},"modified":"2026-04-17T08:35:03","modified_gmt":"2026-04-17T08:35:03","slug":"final-do-amor","status":"publish","type":"product","link":"https:\/\/artistasunidos.pt\/livrariaonline\/produto\/final-do-amor\/","title":{"rendered":"FINAL DO AMOR"},"content":{"rendered":"<p>Livrinhos de Teatro n\u00ba 94<\/p>\n<p>Tradu\u00e7\u00e3o de Victor de Oliveira<br \/>\nUma edi\u00e7\u00e3o Artistas Unidos\/ Culturgest\/ Livros Cotovia<br \/>\nSA\u00cdDA em Fevereiro 2016<\/p>\n<p>Um homem e uma mulher. Perguntas, respostas. Um abismo entre o medo e a liberta\u00e7\u00e3o. O masculino e o feminino enfrentam-se. Uma pe\u00e7a que veio consagrar uma das vozes mais interessantes do novo panorama teatral franc\u00eas.<\/p>\n","protected":false},"excerpt":{"rendered":"<p>de Pascal Rambert<\/p>\n","protected":false},"featured_media":740,"template":"","meta":[],"product_brand":[],"product_cat":[77],"product_tag":[],"class_list":{"0":"post-283","1":"product","2":"type-product","3":"status-publish","4":"has-post-thumbnail","6":"product_cat-livrinhos-de-teatro","8":"first","9":"outofstock","10":"taxable","11":"shipping-taxable","12":"purchasable","13":"product-type-simple"},"_links":{"self":[{"href":"https:\/\/artistasunidos.pt\/livrariaonline\/wp-json\/wp\/v2\/product\/283","targetHints":{"allow":["GET"]}}],"collection":[{"href":"https:\/\/artistasunidos.pt\/livrariaonline\/wp-json\/wp\/v2\/product"}],"about":[{"href":"https:\/\/artistasunidos.pt\/livrariaonline\/wp-json\/wp\/v2\/types\/product"}],"wp:featuredmedia":[{"embeddable":true,"href":"https:\/\/artistasunidos.pt\/livrariaonline\/wp-json\/wp\/v2\/media\/740"}],"wp:attachment":[{"href":"https:\/\/artistasunidos.pt\/livrariaonline\/wp-json\/wp\/v2\/media?parent=283"}],"wp:term":[{"taxonomy":"product_brand","embeddable":true,"href":"https:\/\/artistasunidos.pt\/livrariaonline\/wp-json\/wp\/v2\/product_brand?post=283"},{"taxonomy":"product_cat","embeddable":true,"href":"https:\/\/artistasunidos.pt\/livrariaonline\/wp-json\/wp\/v2\/product_cat?post=283"},{"taxonomy":"product_tag","embeddable":true,"href":"https:\/\/artistasunidos.pt\/livrariaonline\/wp-json\/wp\/v2\/product_tag?post=283"}],"curies":[{"name":"wp","href":"https:\/\/api.w.org\/{rel}","templated":true}]}}