{"id":285,"date":"2016-05-16T11:00:25","date_gmt":"2016-05-16T11:00:25","guid":{"rendered":"http:\/\/localhost\/testes\/produto\/la-musica-cinema-eden\/"},"modified":"2026-04-20T20:19:07","modified_gmt":"2026-04-20T20:19:07","slug":"la-musica-cinema-eden","status":"publish","type":"product","link":"https:\/\/artistasunidos.pt\/livrariaonline\/produto\/la-musica-cinema-eden\/","title":{"rendered":"LA MUSICA \/ CINEMA \u00c9DEN"},"content":{"rendered":"<p>Livrinhos de Teatro n\u00ba 95<\/p>\n<p>Uma edi\u00e7\u00e3o Artistas Unidos\/ Livros Cotovia com o apoio do Institut Fran\u00e7ais e da Funda\u00e7\u00e3o Calouste Gulbenkian<\/p>\n<p>A m\u00fasica secreta de uma das personalidades maiores das artes do s\u00e9culo XX: cinema, romance, ensaio e tamb\u00e9m teatro.<\/p>\n","protected":false},"excerpt":{"rendered":"<p>de Marguerite Duras<\/p>\n","protected":false},"featured_media":785,"template":"","meta":[],"product_brand":[],"product_cat":[77],"product_tag":[],"class_list":{"0":"post-285","1":"product","2":"type-product","3":"status-publish","4":"has-post-thumbnail","6":"product_cat-livrinhos-de-teatro","8":"first","9":"outofstock","10":"taxable","11":"shipping-taxable","12":"purchasable","13":"product-type-simple"},"_links":{"self":[{"href":"https:\/\/artistasunidos.pt\/livrariaonline\/wp-json\/wp\/v2\/product\/285","targetHints":{"allow":["GET"]}}],"collection":[{"href":"https:\/\/artistasunidos.pt\/livrariaonline\/wp-json\/wp\/v2\/product"}],"about":[{"href":"https:\/\/artistasunidos.pt\/livrariaonline\/wp-json\/wp\/v2\/types\/product"}],"wp:featuredmedia":[{"embeddable":true,"href":"https:\/\/artistasunidos.pt\/livrariaonline\/wp-json\/wp\/v2\/media\/785"}],"wp:attachment":[{"href":"https:\/\/artistasunidos.pt\/livrariaonline\/wp-json\/wp\/v2\/media?parent=285"}],"wp:term":[{"taxonomy":"product_brand","embeddable":true,"href":"https:\/\/artistasunidos.pt\/livrariaonline\/wp-json\/wp\/v2\/product_brand?post=285"},{"taxonomy":"product_cat","embeddable":true,"href":"https:\/\/artistasunidos.pt\/livrariaonline\/wp-json\/wp\/v2\/product_cat?post=285"},{"taxonomy":"product_tag","embeddable":true,"href":"https:\/\/artistasunidos.pt\/livrariaonline\/wp-json\/wp\/v2\/product_tag?post=285"}],"curies":[{"name":"wp","href":"https:\/\/api.w.org\/{rel}","templated":true}]}}